{"id":940,"date":"2022-04-18T23:41:22","date_gmt":"2022-04-18T21:41:22","guid":{"rendered":"https:\/\/relaxblog.radiopadrino.com\/?page_id=940"},"modified":"2023-04-12T11:19:25","modified_gmt":"2023-04-12T09:19:25","slug":"o-naama","status":"publish","type":"page","link":"https:\/\/relaxblog.radiopadrino.com\/?page_id=940","title":{"rendered":"O nama"},"content":{"rendered":"\t\t<div data-elementor-type=\"wp-page\" data-elementor-id=\"940\" class=\"elementor elementor-940\">\n\t\t\t\t\t\t\t\t\t<section class=\"elementor-section elementor-top-section elementor-element elementor-element-8b8596e elementor-section-boxed elementor-section-height-default elementor-section-height-default\" data-id=\"8b8596e\" data-element_type=\"section\">\n\t\t\t\t\t\t<div class=\"elementor-container elementor-column-gap-default\">\n\t\t\t\t\t<div class=\"elementor-column elementor-col-50 elementor-top-column elementor-element elementor-element-90438df\" data-id=\"90438df\" data-element_type=\"column\">\n\t\t\t<div class=\"elementor-widget-wrap elementor-element-populated\">\n\t\t\t\t\t\t\t\t<div class=\"elementor-element elementor-element-459ae80 elementor-widget elementor-widget-heading\" data-id=\"459ae80\" data-element_type=\"widget\" data-widget_type=\"heading.default\">\n\t\t\t\t<div class=\"elementor-widget-container\">\n\t\t\t<style>\/*! elementor - v3.12.1 - 02-04-2023 *\/\n.elementor-heading-title{padding:0;margin:0;line-height:1}.elementor-widget-heading .elementor-heading-title[class*=elementor-size-]>a{color:inherit;font-size:inherit;line-height:inherit}.elementor-widget-heading .elementor-heading-title.elementor-size-small{font-size:15px}.elementor-widget-heading .elementor-heading-title.elementor-size-medium{font-size:19px}.elementor-widget-heading .elementor-heading-title.elementor-size-large{font-size:29px}.elementor-widget-heading .elementor-heading-title.elementor-size-xl{font-size:39px}.elementor-widget-heading .elementor-heading-title.elementor-size-xxl{font-size:59px}<\/style><h2 class=\"elementor-heading-title elementor-size-default\">MI ULJEP\u0160AVAMO SVIJET<\/h2>\t\t<\/div>\n\t\t\t\t<\/div>\n\t\t\t\t<div class=\"elementor-element elementor-element-08ec5fd elementor-widget elementor-widget-text-editor\" data-id=\"08ec5fd\" data-element_type=\"widget\" data-widget_type=\"text-editor.default\">\n\t\t\t\t<div class=\"elementor-widget-container\">\n\t\t\t<style>\/*! elementor - v3.12.1 - 02-04-2023 *\/\n.elementor-widget-text-editor.elementor-drop-cap-view-stacked .elementor-drop-cap{background-color:#69727d;color:#fff}.elementor-widget-text-editor.elementor-drop-cap-view-framed .elementor-drop-cap{color:#69727d;border:3px solid;background-color:transparent}.elementor-widget-text-editor:not(.elementor-drop-cap-view-default) .elementor-drop-cap{margin-top:8px}.elementor-widget-text-editor:not(.elementor-drop-cap-view-default) .elementor-drop-cap-letter{width:1em;height:1em}.elementor-widget-text-editor .elementor-drop-cap{float:left;text-align:center;line-height:1;font-size:50px}.elementor-widget-text-editor .elementor-drop-cap-letter{display:inline-block}<\/style>\t\t\t\t<p style=\"text-align: justify;\">Zala\u017eemo se za strastvene inovativne kombinacije aktivnih sastojaka najvi\u0161eg kvaliteta. Kao jedan od pionira na tr\u017ei\u0161tu kozmeceutike u Njema\u010dkoj, po prvi put smo razvili sistem za njegu koji omogu\u0107ava prijelaz izme\u0111u \u010diste nege ljepote i znanstveno utemeljene njege ko\u017ee. Kao porodi\u010dno preduze\u0107e, \u017eelimo da Vam ponudimo uo\u010dljiv i vidljiv PLUS sa najefikasnijim aktivnim formulama, visokoprofesionalnim savetima i individualnim sistemima tretmana \u2014 sistem nege za lepotu.<\/p>\t\t\t\t\t\t<\/div>\n\t\t\t\t<\/div>\n\t\t\t\t\t<\/div>\n\t\t<\/div>\n\t\t\t\t<div class=\"elementor-column elementor-col-50 elementor-top-column elementor-element elementor-element-701f18d\" data-id=\"701f18d\" data-element_type=\"column\">\n\t\t\t<div class=\"elementor-widget-wrap elementor-element-populated\">\n\t\t\t\t\t\t\t\t<div class=\"elementor-element elementor-element-6797eb1 e-transform elementor-widget elementor-widget-image\" data-id=\"6797eb1\" data-element_type=\"widget\" data-settings=\"{&quot;_transform_scale_effect_hover&quot;:{&quot;unit&quot;:&quot;px&quot;,&quot;size&quot;:1.1,&quot;sizes&quot;:[]},&quot;_transform_scale_effect_hover_tablet&quot;:{&quot;unit&quot;:&quot;px&quot;,&quot;size&quot;:&quot;&quot;,&quot;sizes&quot;:[]},&quot;_transform_scale_effect_hover_mobile&quot;:{&quot;unit&quot;:&quot;px&quot;,&quot;size&quot;:&quot;&quot;,&quot;sizes&quot;:[]}}\" data-widget_type=\"image.default\">\n\t\t\t\t<div class=\"elementor-widget-container\">\n\t\t\t<style>\/*! elementor - v3.12.1 - 02-04-2023 *\/\n.elementor-widget-image{text-align:center}.elementor-widget-image a{display:inline-block}.elementor-widget-image a img[src$=\".svg\"]{width:48px}.elementor-widget-image img{vertical-align:middle;display:inline-block}<\/style>\t\t\t\t\t\t\t\t\t\t\t\t<img loading=\"lazy\" decoding=\"async\" width=\"800\" height=\"550\" src=\"https:\/\/relaxblog.radiopadrino.com\/wp-content\/uploads\/2022\/04\/2014_janssen_world-1024x704.jpg\" class=\"attachment-large size-large wp-image-943\" alt=\"\" srcset=\"https:\/\/relaxblog.radiopadrino.com\/wp-content\/uploads\/2022\/04\/2014_janssen_world-1024x704.jpg 1024w, https:\/\/relaxblog.radiopadrino.com\/wp-content\/uploads\/2022\/04\/2014_janssen_world-300x206.jpg 300w, https:\/\/relaxblog.radiopadrino.com\/wp-content\/uploads\/2022\/04\/2014_janssen_world-768x528.jpg 768w, https:\/\/relaxblog.radiopadrino.com\/wp-content\/uploads\/2022\/04\/2014_janssen_world-600x413.jpg 600w, https:\/\/relaxblog.radiopadrino.com\/wp-content\/uploads\/2022\/04\/2014_janssen_world.jpg 1140w\" sizes=\"auto, (max-width: 800px) 100vw, 800px\" \/>\t\t\t\t\t\t\t\t\t\t\t\t\t\t\t<\/div>\n\t\t\t\t<\/div>\n\t\t\t\t\t<\/div>\n\t\t<\/div>\n\t\t\t\t\t\t\t<\/div>\n\t\t<\/section>\n\t\t\t\t<section class=\"elementor-section elementor-top-section elementor-element elementor-element-0cb9bff elementor-section-boxed elementor-section-height-default elementor-section-height-default\" data-id=\"0cb9bff\" data-element_type=\"section\" data-settings=\"{&quot;background_background&quot;:&quot;classic&quot;}\">\n\t\t\t\t\t\t<div class=\"elementor-container elementor-column-gap-default\">\n\t\t\t\t\t<div class=\"elementor-column elementor-col-25 elementor-top-column elementor-element elementor-element-38dd9d5\" data-id=\"38dd9d5\" data-element_type=\"column\">\n\t\t\t<div class=\"elementor-widget-wrap elementor-element-populated\">\n\t\t\t\t\t\t\t\t<div class=\"elementor-element elementor-element-e524566 elementor-widget elementor-widget-image\" data-id=\"e524566\" data-element_type=\"widget\" data-widget_type=\"image.default\">\n\t\t\t\t<div class=\"elementor-widget-container\">\n\t\t\t\t\t\t\t\t\t\t\t\t\t\t\t<img loading=\"lazy\" decoding=\"async\" width=\"60\" height=\"60\" src=\"https:\/\/relaxblog.radiopadrino.com\/wp-content\/uploads\/2022\/04\/icons8-reagenzglas-64.png\" class=\"attachment-large size-large wp-image-948\" alt=\"\" \/>\t\t\t\t\t\t\t\t\t\t\t\t\t\t\t<\/div>\n\t\t\t\t<\/div>\n\t\t\t\t<div class=\"elementor-element elementor-element-58501c9 elementor-widget elementor-widget-text-editor\" data-id=\"58501c9\" data-element_type=\"widget\" data-widget_type=\"text-editor.default\">\n\t\t\t\t<div class=\"elementor-widget-container\">\n\t\t\t\t\t\t\t<p style=\"text-align: center;\">Sistemska njega razvijena od strane dermatologa i istra\u017eiva\u010dkih laboratorija<\/p>\t\t\t\t\t\t<\/div>\n\t\t\t\t<\/div>\n\t\t\t\t\t<\/div>\n\t\t<\/div>\n\t\t\t\t<div class=\"elementor-column elementor-col-25 elementor-top-column elementor-element elementor-element-eed857b\" data-id=\"eed857b\" data-element_type=\"column\">\n\t\t\t<div class=\"elementor-widget-wrap elementor-element-populated\">\n\t\t\t\t\t\t\t\t<div class=\"elementor-element elementor-element-61a2000 elementor-widget elementor-widget-image\" data-id=\"61a2000\" data-element_type=\"widget\" data-widget_type=\"image.default\">\n\t\t\t\t<div class=\"elementor-widget-container\">\n\t\t\t\t\t\t\t\t\t\t\t\t\t\t\t<img loading=\"lazy\" decoding=\"async\" width=\"60\" height=\"60\" src=\"https:\/\/relaxblog.radiopadrino.com\/wp-content\/uploads\/2022\/04\/icons8-diamantpflege-64.png\" class=\"attachment-large size-large wp-image-951\" alt=\"\" \/>\t\t\t\t\t\t\t\t\t\t\t\t\t\t\t<\/div>\n\t\t\t\t<\/div>\n\t\t\t\t<div class=\"elementor-element elementor-element-f9bef7d elementor-widget elementor-widget-text-editor\" data-id=\"f9bef7d\" data-element_type=\"widget\" data-widget_type=\"text-editor.default\">\n\t\t\t\t<div class=\"elementor-widget-container\">\n\t\t\t\t\t\t\t<p style=\"text-align: center;\">Kvalitet, strast i talenat od 1997<\/p>\t\t\t\t\t\t<\/div>\n\t\t\t\t<\/div>\n\t\t\t\t\t<\/div>\n\t\t<\/div>\n\t\t\t\t<div class=\"elementor-column elementor-col-25 elementor-top-column elementor-element elementor-element-d77b6e0\" data-id=\"d77b6e0\" data-element_type=\"column\">\n\t\t\t<div class=\"elementor-widget-wrap elementor-element-populated\">\n\t\t\t\t\t\t\t\t<div class=\"elementor-element elementor-element-c7cd25c elementor-widget elementor-widget-image\" data-id=\"c7cd25c\" data-element_type=\"widget\" data-widget_type=\"image.default\">\n\t\t\t\t<div class=\"elementor-widget-container\">\n\t\t\t\t\t\t\t\t\t\t\t\t\t\t\t<img loading=\"lazy\" decoding=\"async\" width=\"60\" height=\"60\" src=\"https:\/\/relaxblog.radiopadrino.com\/wp-content\/uploads\/2022\/04\/icons8-lebenszyklus-64.png\" class=\"attachment-large size-large wp-image-950\" alt=\"\" \/>\t\t\t\t\t\t\t\t\t\t\t\t\t\t\t<\/div>\n\t\t\t\t<\/div>\n\t\t\t\t<div class=\"elementor-element elementor-element-3dccdb1 elementor-widget elementor-widget-text-editor\" data-id=\"3dccdb1\" data-element_type=\"widget\" data-widget_type=\"text-editor.default\">\n\t\t\t\t<div class=\"elementor-widget-container\">\n\t\t\t\t\t\t\t<p style=\"text-align: center;\">Porodi\u010dni biznis u<br \/>2. generacije<\/p>\t\t\t\t\t\t<\/div>\n\t\t\t\t<\/div>\n\t\t\t\t\t<\/div>\n\t\t<\/div>\n\t\t\t\t<div class=\"elementor-column elementor-col-25 elementor-top-column elementor-element elementor-element-7305bc9\" data-id=\"7305bc9\" data-element_type=\"column\">\n\t\t\t<div class=\"elementor-widget-wrap elementor-element-populated\">\n\t\t\t\t\t\t\t\t<div class=\"elementor-element elementor-element-31b4bda elementor-widget elementor-widget-image\" data-id=\"31b4bda\" data-element_type=\"widget\" data-widget_type=\"image.default\">\n\t\t\t\t<div class=\"elementor-widget-container\">\n\t\t\t\t\t\t\t\t\t\t\t\t\t\t\t<img loading=\"lazy\" decoding=\"async\" width=\"60\" height=\"60\" src=\"https:\/\/relaxblog.radiopadrino.com\/wp-content\/uploads\/2022\/04\/icons8-development-64.png\" class=\"attachment-large size-large wp-image-949\" alt=\"\" \/>\t\t\t\t\t\t\t\t\t\t\t\t\t\t\t<\/div>\n\t\t\t\t<\/div>\n\t\t\t\t<div class=\"elementor-element elementor-element-fdfa0ca elementor-widget elementor-widget-text-editor\" data-id=\"fdfa0ca\" data-element_type=\"widget\" data-widget_type=\"text-editor.default\">\n\t\t\t\t<div class=\"elementor-widget-container\">\n\t\t\t\t\t\t\t<p style=\"text-align: center;\">Uspje\u0161na njega i lije\u010denje<br \/>u preko 80 zemalja \u0161irom sveta<\/p>\t\t\t\t\t\t<\/div>\n\t\t\t\t<\/div>\n\t\t\t\t\t<\/div>\n\t\t<\/div>\n\t\t\t\t\t\t\t<\/div>\n\t\t<\/section>\n\t\t\t\t<section class=\"elementor-section elementor-top-section elementor-element elementor-element-fee193d elementor-section-boxed elementor-section-height-default elementor-section-height-default\" data-id=\"fee193d\" data-element_type=\"section\">\n\t\t\t\t\t\t<div class=\"elementor-container elementor-column-gap-default\">\n\t\t\t\t\t<div class=\"elementor-column elementor-col-50 elementor-top-column elementor-element elementor-element-11dc991\" data-id=\"11dc991\" data-element_type=\"column\">\n\t\t\t<div class=\"elementor-widget-wrap elementor-element-populated\">\n\t\t\t\t\t\t\t\t<div class=\"elementor-element elementor-element-61e9be9 e-transform elementor-widget elementor-widget-image\" data-id=\"61e9be9\" data-element_type=\"widget\" data-settings=\"{&quot;_transform_scale_effect_hover&quot;:{&quot;unit&quot;:&quot;px&quot;,&quot;size&quot;:1.05,&quot;sizes&quot;:[]},&quot;_transform_scale_effect_hover_tablet&quot;:{&quot;unit&quot;:&quot;px&quot;,&quot;size&quot;:&quot;&quot;,&quot;sizes&quot;:[]},&quot;_transform_scale_effect_hover_mobile&quot;:{&quot;unit&quot;:&quot;px&quot;,&quot;size&quot;:&quot;&quot;,&quot;sizes&quot;:[]}}\" data-widget_type=\"image.default\">\n\t\t\t\t<div class=\"elementor-widget-container\">\n\t\t\t\t\t\t\t\t\t\t\t\t\t\t\t<img loading=\"lazy\" decoding=\"async\" width=\"1140\" height=\"1120\" src=\"https:\/\/relaxblog.radiopadrino.com\/wp-content\/uploads\/2022\/04\/ueber-uns-janssencosmetics.png\" class=\"attachment-full size-full wp-image-955\" alt=\"\" srcset=\"https:\/\/relaxblog.radiopadrino.com\/wp-content\/uploads\/2022\/04\/ueber-uns-janssencosmetics.png 1140w, https:\/\/relaxblog.radiopadrino.com\/wp-content\/uploads\/2022\/04\/ueber-uns-janssencosmetics-300x295.png 300w, https:\/\/relaxblog.radiopadrino.com\/wp-content\/uploads\/2022\/04\/ueber-uns-janssencosmetics-1024x1006.png 1024w, https:\/\/relaxblog.radiopadrino.com\/wp-content\/uploads\/2022\/04\/ueber-uns-janssencosmetics-768x755.png 768w, https:\/\/relaxblog.radiopadrino.com\/wp-content\/uploads\/2022\/04\/ueber-uns-janssencosmetics-600x589.png 600w\" sizes=\"auto, (max-width: 1140px) 100vw, 1140px\" \/>\t\t\t\t\t\t\t\t\t\t\t\t\t\t\t<\/div>\n\t\t\t\t<\/div>\n\t\t\t\t\t<\/div>\n\t\t<\/div>\n\t\t\t\t<div class=\"elementor-column elementor-col-50 elementor-top-column elementor-element elementor-element-bc2e88a\" data-id=\"bc2e88a\" data-element_type=\"column\">\n\t\t\t<div class=\"elementor-widget-wrap elementor-element-populated\">\n\t\t\t\t\t\t\t\t<div class=\"elementor-element elementor-element-709d4e0 elementor-widget elementor-widget-heading\" data-id=\"709d4e0\" data-element_type=\"widget\" data-widget_type=\"heading.default\">\n\t\t\t\t<div class=\"elementor-widget-container\">\n\t\t\t<h2 class=\"elementor-heading-title elementor-size-default\">Kompanija.<br>\nKombinacija tradicije i inovacije napravljene u Njema\u010dkoj.<\/h2>\t\t<\/div>\n\t\t\t\t<\/div>\n\t\t\t\t<div class=\"elementor-element elementor-element-6f6bfc4 elementor-widget elementor-widget-text-editor\" data-id=\"6f6bfc4\" data-element_type=\"widget\" data-widget_type=\"text-editor.default\">\n\t\t\t\t<div class=\"elementor-widget-container\">\n\t\t\t\t\t\t\t<p style=\"text-align: justify;\">Pri\u010da o uspjehu Janssen Cosmetics zapo\u010dela je vizijom stvaranja proizvoda za njegu koji prevazilaze one proizvode koji su ve\u0107 dostupni na kozmeti\u010dkom tr\u017ei\u0161tu! Osniva\u010d kompanije Walther Janssen krenuo je u potragu za visoko efikasnim aktivnim sastojcima koji se nalaze ispod ko\u017ee i obe\u0107avaju vi\u0161e od povr\u0161ne njege ko\u017ee koja je do tada bila norma. Pru\u017eanje odli\u010dnih rezultata sve do najdubljih slojeva ko\u017ee bio je izazov s kojim se Janssen Cosmetics suo\u010dila 1990. godine.<\/p><p style=\"text-align: justify;\">Simbioza farmaceutskih i kozmeti\u010dkih aktivnih sastojaka \u010dini osnovu dana\u0161njih Janssen Cosmetics proizvoda za njegu i \u010dini prijelaz sa prave ljepote na znanstveno utemeljenu njegu ko\u017ee lakim. U proizvodima za njegu Janssen Cosmetics koriste se samo aktivni sastojci s uvjerljivim vidljivim i opipljivim rezultatima i visokom podno\u0161ljivo\u0161\u0107u ko\u017ee.<\/p><p style=\"text-align: justify;\">Zahvaljuju\u0107i bliskoj saradnji sa cenjenim dermatolozima i vode\u0107im istra\u017eiva\u010dkim laboratorijama, JANSSEN COSMETICS je uspela da stvori sistemske proizvode za negu koji savr\u0161eno zadovoljavaju razli\u010dite potrebe ko\u017ee. Svaka kozmeti\u010dka serija bazirana je na konceptu aktivnog sastojka koji je savr\u0161eno prilago\u0111en razli\u010ditim tipovima ko\u017ee i posti\u017ee trenutno i dugotrajno pobolj\u0161anje ko\u017ee.<\/p><p style=\"text-align: justify;\">Danas asortiman Janssen Cosmetics uklju\u010duje vi\u0161e od 250 komercijalnih i tretmanskih proizvoda za va\u0161 kozmeti\u010dki kabinet. Bilo da se radi o kozmeti\u010dkim proizvodima dubokog utjecaja, vrhunskoj luksuznoj njezi ili opu\u0161taju\u0107im wellness ritualima \u2013 Janssen Cosmetics ne ostavlja nijednu \u017eelju neispunjenom!<\/p><p style=\"text-align: justify;\">&#8220;Iz punog uvjerenja, preuzimamo odgovornost za na\u0161u \u017eivotnu sredinu kako bismo omogu\u0107ili odr\u017eivije poslovanje i odr\u017eali klimatski neutralan lanac vrijednosti. Posve\u0107eni smo po\u0161tovanju kori\u0161tenja prirodnih resursa i tako\u0111er senzibiliziramo na\u0161e partnere \u0161irom svijeta na VI\u0160E ekolo\u0161ke svijesti i odr\u017eivosti. budu\u0107nost je sada!&#8221;<\/p>\t\t\t\t\t\t<\/div>\n\t\t\t\t<\/div>\n\t\t\t\t\t<\/div>\n\t\t<\/div>\n\t\t\t\t\t\t\t<\/div>\n\t\t<\/section>\n\t\t\t\t<section class=\"elementor-section elementor-top-section elementor-element elementor-element-77e9058 elementor-section-boxed elementor-section-height-default elementor-section-height-default\" data-id=\"77e9058\" data-element_type=\"section\">\n\t\t\t\t\t\t<div class=\"elementor-container elementor-column-gap-default\">\n\t\t\t\t\t<div class=\"elementor-column elementor-col-66 elementor-top-column elementor-element elementor-element-8a6c677\" data-id=\"8a6c677\" data-element_type=\"column\">\n\t\t\t<div class=\"elementor-widget-wrap elementor-element-populated\">\n\t\t\t\t\t\t\t\t<div class=\"elementor-element elementor-element-9652ad1 elementor-widget elementor-widget-heading\" data-id=\"9652ad1\" data-element_type=\"widget\" data-widget_type=\"heading.default\">\n\t\t\t\t<div class=\"elementor-widget-container\">\n\t\t\t<h2 class=\"elementor-heading-title elementor-size-default\">Proizvodi za profesionalnu njegu \u2014 individualni za svaki tip ko\u017ee<\/h2>\t\t<\/div>\n\t\t\t\t<\/div>\n\t\t\t\t<div class=\"elementor-element elementor-element-6d13a51 elementor-widget elementor-widget-text-editor\" data-id=\"6d13a51\" data-element_type=\"widget\" data-widget_type=\"text-editor.default\">\n\t\t\t\t<div class=\"elementor-widget-container\">\n\t\t\t\t\t\t\t<p>Danas asortiman Janssen Cosmetics obuhvata vi\u0161e od 250 proizvoda za prodaju i tretmane za kabinu. Bilo da se radi o kozmeti\u010dkim proizvodima dubokog djelovanja, luksuznoj njezi u vlastitoj klasi ili opu\u0161taju\u0107im wellness ritualima \u2014 Janssen Cosmetics ne ostavlja ni\u0161ta \u0161to se \u017eeli!<\/p><p>Najve\u0107u vrijednost pridajemo kvaliteti i kompatibilnosti! Svi proizvodi nose pe\u010dat kvaliteta Made in Germany i nagra\u0111eni su pe\u010datom T\u00dcV. Od ekstrakcije sirovina preko prerade do fla\u0161iranih proizvoda &#8211; u Janssen Cosmetics, svaki korak je pa\u017eljivo kontroliran i dokumentiran od strane na\u0161eg menad\u017ementa kvalitete. Najnoviji kompleksi aktivnih sastojaka, procesne tehnologije i rezultati istra\u017eivanja se odmah provjeravaju i uzimaju u obzir u novim razvojima.<\/p><p>Toliko zalaganje je nagra\u0111eno! Posljednjih godina dobili smo mnoge presti\u017ene nagrade, npr. Janssen Cosmetics je 2011. godine progla\u0161en KOMPANJOM GODINE u Majamiju. U kozmeti\u010dkom upori\u0161tu Pariza, nagrada za inovacije &#8220;Prix de l&#8217;Innovation&#8221; za nove proizvode osvajana je 5 puta zaredom. U 2017. godini, premium linija Platinum Care nagra\u0111ena je presti\u017enom Spa Diamond Award u Njema\u010dkoj. Osim toga, u 2018. godini smo nagra\u0111eni NEMA\u010cKOM BRAND NAGRADOM u kategoriji &#8220;Izvrsnost u industriji brendiranja&#8221; u kategoriji &#8220;Ljepota i njega&#8221;.<\/p><p>Sa stra\u0161\u0107u i njuhom, u slu\u017ebi smo lepote od 1990. godine i danas ulep\u0161avamo ljude u preko 80 zemalja!<\/p>\t\t\t\t\t\t<\/div>\n\t\t\t\t<\/div>\n\t\t\t\t\t<\/div>\n\t\t<\/div>\n\t\t\t\t<div class=\"elementor-column elementor-col-33 elementor-top-column elementor-element elementor-element-198c4bc\" data-id=\"198c4bc\" data-element_type=\"column\">\n\t\t\t<div class=\"elementor-widget-wrap elementor-element-populated\">\n\t\t\t\t\t\t\t\t<div class=\"elementor-element elementor-element-2e5db0b elementor-widget elementor-widget-image\" data-id=\"2e5db0b\" data-element_type=\"widget\" data-widget_type=\"image.default\">\n\t\t\t\t<div class=\"elementor-widget-container\">\n\t\t\t\t\t\t\t\t\t\t\t\t\t\t\t<img loading=\"lazy\" decoding=\"async\" width=\"800\" height=\"534\" src=\"https:\/\/relaxblog.radiopadrino.com\/wp-content\/uploads\/2022\/04\/3ermodels-allskinneeds-1024x683.jpg\" class=\"attachment-large size-large wp-image-956\" alt=\"\" srcset=\"https:\/\/relaxblog.radiopadrino.com\/wp-content\/uploads\/2022\/04\/3ermodels-allskinneeds-1024x683.jpg 1024w, https:\/\/relaxblog.radiopadrino.com\/wp-content\/uploads\/2022\/04\/3ermodels-allskinneeds-300x200.jpg 300w, https:\/\/relaxblog.radiopadrino.com\/wp-content\/uploads\/2022\/04\/3ermodels-allskinneeds-768x512.jpg 768w, https:\/\/relaxblog.radiopadrino.com\/wp-content\/uploads\/2022\/04\/3ermodels-allskinneeds-600x400.jpg 600w, https:\/\/relaxblog.radiopadrino.com\/wp-content\/uploads\/2022\/04\/3ermodels-allskinneeds.jpg 1140w\" sizes=\"auto, (max-width: 800px) 100vw, 800px\" \/>\t\t\t\t\t\t\t\t\t\t\t\t\t\t\t<\/div>\n\t\t\t\t<\/div>\n\t\t\t\t\t<\/div>\n\t\t<\/div>\n\t\t\t\t\t\t\t<\/div>\n\t\t<\/section>\n\t\t\t\t\t\t\t<\/div>\n\t\t","protected":false},"excerpt":{"rendered":"<p>MI ULJEP\u0160AVAMO SVIJET Zala\u017eemo se za strastvene inovativne kombinacije aktivnih sastojaka najvi\u0161eg kvaliteta. Kao jedan od pionira na tr\u017ei\u0161tu kozmeceutike u Njema\u010dkoj, po prvi put smo razvili sistem za njegu koji omogu\u0107ava prijelaz izme\u0111u \u010diste nege ljepote i znanstveno utemeljene njege ko\u017ee. Kao porodi\u010dno preduze\u0107e, \u017eelimo da Vam ponudimo uo\u010dljiv i vidljiv PLUS sa najefikasnijim [&hellip;]<\/p>\n","protected":false},"author":1,"featured_media":0,"parent":0,"menu_order":0,"comment_status":"closed","ping_status":"closed","template":"","meta":{"footnotes":""},"class_list":["post-940","page","type-page","status-publish","hentry"],"_links":{"self":[{"href":"https:\/\/relaxblog.radiopadrino.com\/index.php?rest_route=\/wp\/v2\/pages\/940","targetHints":{"allow":["GET"]}}],"collection":[{"href":"https:\/\/relaxblog.radiopadrino.com\/index.php?rest_route=\/wp\/v2\/pages"}],"about":[{"href":"https:\/\/relaxblog.radiopadrino.com\/index.php?rest_route=\/wp\/v2\/types\/page"}],"author":[{"embeddable":true,"href":"https:\/\/relaxblog.radiopadrino.com\/index.php?rest_route=\/wp\/v2\/users\/1"}],"replies":[{"embeddable":true,"href":"https:\/\/relaxblog.radiopadrino.com\/index.php?rest_route=%2Fwp%2Fv2%2Fcomments&post=940"}],"version-history":[{"count":3,"href":"https:\/\/relaxblog.radiopadrino.com\/index.php?rest_route=\/wp\/v2\/pages\/940\/revisions"}],"predecessor-version":[{"id":1386,"href":"https:\/\/relaxblog.radiopadrino.com\/index.php?rest_route=\/wp\/v2\/pages\/940\/revisions\/1386"}],"wp:attachment":[{"href":"https:\/\/relaxblog.radiopadrino.com\/index.php?rest_route=%2Fwp%2Fv2%2Fmedia&parent=940"}],"curies":[{"name":"wp","href":"https:\/\/api.w.org\/{rel}","templated":true}]}}