{"id":1216,"date":"2023-04-06T23:32:20","date_gmt":"2023-04-06T21:32:20","guid":{"rendered":"https:\/\/relaxblog.radiopadrino.com\/?post_type=product&#038;p=1216"},"modified":"2023-04-06T23:34:02","modified_gmt":"2023-04-06T21:34:02","slug":"regulating-retinol-cream-50ml","status":"publish","type":"product","link":"https:\/\/relaxblog.radiopadrino.com\/?product=regulating-retinol-cream-50ml","title":{"rendered":"Regulating Retinol Cream 50ml"},"content":{"rendered":"<p><strong>OPIS<\/strong><br \/>\nBogata 24-satna hranjiva krema za zrelu, prili\u010dno suhu ko\u017eu s flekama sa stabiliziranim retinolom i inovativnim kompleksom Equal Refining. Ima protuupalni u\u010dinak i podr\u017eava prirodni proces regeneracije ko\u017ee.<br \/>\nOva bogata 24-satna hranjiva krema za zrelu, prili\u010dno suhu ko\u017eu s mrljama sa stabiliziranim retinolom i inovativnim kompleksom Equal Refining. Ima protuupalni u\u010dinak i podr\u017eava prirodni proces regeneracije ko\u017ee. Hijaluronska kiselina kratkog i dugog lanca osigurava optimalnu hidrataciju ko\u017ee, aloe vera umiruje ko\u017eu, a shea maslac daje joj umiruju\u0107i svilenkast osje\u0107aj.<\/p>\n<p><strong>UPOTREBA<\/strong><br \/>\nUjutru i\/ili uve\u010de nanesite kremu za regulisanje retinola na o\u010di\u0161\u0107enu ko\u017eu i ne\u017eno umasirajte. Pogodna i kao podloga za \u0161minku.<\/p>\n<p><strong>SASTOJCI<\/strong><br \/>\n\u2022 Inkapsulirani retinol: stimuli\u0161e proizvodnju kolagena i rast sve\u017eih \u0107elija ko\u017ee, poma\u017ee vra\u0107anju mladala\u010dkog izgleda, spre\u010dava starenje ko\u017ee; Efekat protiv bora; Pove\u0107ana stabilnost i funkcionalnost u pore\u0111enju sa nekapsuliranim retinolom, pobolj\u0161ano prodiranje u dublje slojeve ko\u017ee<\/p>\n<p>\u2022 Equal-Refining Complex: Kombinacija oleanolne kiseline i ekstrakta kore Enantia Chlorantha usporava rast sebocita. \u017dlijezde lojnice se stavljaju u stanje mirovanja, smanjuju\u0107i masni sjaj za -21,7% i veli\u010dinu pora za -16% nakon 28 dana<\/p>\n<p>\u2022 Hijaluronska kiselina (kratki i dugi lanac): Vla\u017ee i zadr\u017eava vlagu; suvo\u0107e su bore napunjene<\/p>\n<p>\u2022 Ekstrakt aloe vere: umiruje, pro\u010di\u0161\u0107ava, hidratizira<\/p>\n<p>\u2022 Shea puter: Prirodni emolijens; ostavlja ko\u017eu mekom i podatnom<\/p>\n<p>&nbsp;<\/p>\n<h3><strong>TEHNI\u010cKI DETALJI<\/strong><\/h3>\n<div class=\"desccontainer mb-2 nottruncated\">\n<table class=\"table table-striped mt-3\">\n<tbody>\n<tr>\n<td class=\"col-md-4\"><strong>SADR\u017dAJ<\/strong><\/td>\n<td class=\"col-md-8\">50 ml<\/td>\n<\/tr>\n<tr>\n<td class=\"col-md-4\"><strong>pH VRIJEDNOST<\/strong><\/td>\n<td class=\"col-md-8\"><\/td>\n<\/tr>\n<tr>\n<td class=\"col-md-4\"><strong>TIP KO\u017dE<\/strong><\/td>\n<td class=\"col-md-8\">MASNA KO\u017dA<\/td>\n<\/tr>\n<tr>\n<td class=\"col-md-4\"><strong>VRSTA PROIZVODA<\/strong><\/td>\n<td class=\"col-md-8\">KREMA<\/td>\n<\/tr>\n<\/tbody>\n<\/table>\n<\/div>\n","protected":false},"excerpt":{"rendered":"<p>OPIS Bogata 24-satna hranjiva krema za zrelu, prili\u010dno suhu ko\u017eu s flekama sa stabiliziranim retinolom i inovativnim kompleksom Equal Refining. Ima protuupalni u\u010dinak i podr\u017eava prirodni proces regeneracije ko\u017ee. Ova bogata 24-satna hranjiva krema za zrelu, prili\u010dno suhu ko\u017eu s mrljama sa stabiliziranim retinolom i inovativnim kompleksom Equal Refining. Ima protuupalni u\u010dinak i podr\u017eava prirodni [&hellip;]<\/p>\n","protected":false},"featured_media":1217,"template":"","meta":[],"product_cat":[28,45,29],"product_tag":[146],"class_list":{"0":"post-1216","1":"product","2":"type-product","3":"status-publish","4":"has-post-thumbnail","6":"product_cat-kozmeceutika","7":"product_cat-masnakoza","8":"product_cat-njegalica","9":"product_tag-krema-za-regulisanje-retinola","11":"first","12":"instock","13":"shipping-taxable","14":"product-type-simple"},"_links":{"self":[{"href":"https:\/\/relaxblog.radiopadrino.com\/index.php?rest_route=\/wp\/v2\/product\/1216","targetHints":{"allow":["GET"]}}],"collection":[{"href":"https:\/\/relaxblog.radiopadrino.com\/index.php?rest_route=\/wp\/v2\/product"}],"about":[{"href":"https:\/\/relaxblog.radiopadrino.com\/index.php?rest_route=\/wp\/v2\/types\/product"}],"wp:featuredmedia":[{"embeddable":true,"href":"https:\/\/relaxblog.radiopadrino.com\/index.php?rest_route=\/wp\/v2\/media\/1217"}],"wp:attachment":[{"href":"https:\/\/relaxblog.radiopadrino.com\/index.php?rest_route=%2Fwp%2Fv2%2Fmedia&parent=1216"}],"wp:term":[{"taxonomy":"product_cat","embeddable":true,"href":"https:\/\/relaxblog.radiopadrino.com\/index.php?rest_route=%2Fwp%2Fv2%2Fproduct_cat&post=1216"},{"taxonomy":"product_tag","embeddable":true,"href":"https:\/\/relaxblog.radiopadrino.com\/index.php?rest_route=%2Fwp%2Fv2%2Fproduct_tag&post=1216"}],"curies":[{"name":"wp","href":"https:\/\/api.w.org\/{rel}","templated":true}]}}