{"id":1226,"date":"2023-04-06T23:43:51","date_gmt":"2023-04-06T21:43:51","guid":{"rendered":"https:\/\/relaxblog.radiopadrino.com\/?post_type=product&#038;p=1226"},"modified":"2023-04-06T23:46:39","modified_gmt":"2023-04-06T21:46:39","slug":"2-phase-oil-serum-lifting-30ml","status":"publish","type":"product","link":"https:\/\/relaxblog.radiopadrino.com\/?product=2-phase-oil-serum-lifting-30ml","title":{"rendered":"2-Phase Oil Serum Lifting | 30ml"},"content":{"rendered":"<p><strong>OPIS<\/strong><br \/>\n2-fazni lifting serum sa parakresom, arganovim uljem i kompleksom vitamina E smanjuje ekspresijske linije i podsti\u010de elasti\u010dnost ko\u017ee.<br \/>\nZa sve zrele i zahtjevne tipove ko\u017ee, dvofazni uljni serum je idealan dodatak aktivnim sastojcima cijelodnevnim, no\u0107nim ili 24-satnim kremama za njegu ko\u017ee. Ovaj dvofazni lifting serum za zagla\u0111ivanje ko\u017ee sa efikasnim sastojcima protiv starenja para kresom, srebrnim korijenom trave i glicerinom u crvenkasto-\u017eutoj vodenoj fazi vidno smanjuje ekspresijske linije i isu\u0161ivanje bora. Arganovo ulje i kompleks vitamina E u zlatno-\u017eutoj fazi koja sadr\u017ei lipide neguju ko\u017eu za to vreme, \u010dine\u0107i je primetno glatkom i podatnom. Rezultat: blistavo mladala\u010dki i svje\u017e ten. Primjena: serum dobro promu\u0107kati, 2-3 kapi staviti na dlan i nanijeti na o\u010di\u0161\u0107eno lice prije kreme za njegu.<\/p>\n<p><strong>UPOTREBA<\/strong><br \/>\nDobro promu\u0107kajte serum prije nano\u0161enja kako bi se dvije faze pravilno pomije\u0161ale. Zatim nanesite 2-3 kapi na dlan i nanesite na o\u010di\u0161\u0107enu ko\u017eu lica, vrata i dekoltea ujutro i uve\u010de. Ostavite da se kratko upije, po potrebi nanesite uobi\u010dajenu kremu za njegu ko\u017ee JANSSEN COSMETICS.<\/p>\n<p><strong>SAVJET<\/strong>: Bogata formula se mo\u017ee primijeniti samostalno ljeti.<\/p>\n<p><strong>SASTOJCI<\/strong><br \/>\n\u2022 Oktildodekanol: uljna komponenta pogodna za ko\u017eu sa hidratantnim, kondicioniraju\u0107im efektom, \u010dine\u0107i ko\u017eu podatnom<\/p>\n<p>\u2022 Arganovo ulje: bogato nezasi\u0107enim masnim kiselinama i vitaminom E, podr\u017eava prirodni hidrolipidni film, ultra-za\u0161titno djelovanje<\/p>\n<p>\u2022 Kompleks vitamina E: visoko efikasan antioksidans koji se sastoji od razli\u010ditih oblika vitamina E (tokotrienol i tokoferol); sprje\u010dava svjetlosna o\u0161te\u0107enja ko\u017ee<\/p>\n<p>\u2022 Glicerin: daje vlagu; osim hidrofilnog efekta, odli\u010dan je za podsticanje elasti\u010dnosti ko\u017ee<\/p>\n<p>\u2022 Hijaluronska kiselina dugog lanca: stvara hidrofilni film na povr\u0161ini ko\u017ee, \u0161titi ko\u017eu od isu\u0161ivanja, zagla\u0111uje fine linije i bore<\/p>\n<p>\u2022 Ekstrakt korijena Imperata Cylindrica: daje ko\u017ei vlagu<\/p>\n<p>\u2022 Ekstrakt parakresa (Spilanthes acmella): sadr\u017ei aktivni sastojak protiv bora spilantol; Smanjuje bore na licu i zagla\u0111uje povr\u0161inu ko\u017ee<\/p>\n<p>&nbsp;<\/p>\n<h3><strong>TEHNI\u010cKI DETALJI<\/strong><\/h3>\n<div class=\"desccontainer mb-2 nottruncated\">\n<table class=\"table table-striped mt-3\">\n<tbody>\n<tr>\n<td class=\"col-md-4\"><strong>SADR\u017dAJ<\/strong><\/td>\n<td class=\"col-md-8\">30 ml<\/td>\n<\/tr>\n<tr>\n<td class=\"col-md-4\"><strong>pH VRIJEDNOST<\/strong><\/td>\n<td class=\"col-md-8\"><\/td>\n<\/tr>\n<tr>\n<td class=\"col-md-4\"><strong>TIP KO\u017dE<\/strong><\/td>\n<td class=\"col-md-8\">ZAHTJEVNA KO\u017dA<\/td>\n<\/tr>\n<tr>\n<td class=\"col-md-4\"><strong>VRSTA PROIZVODA<\/strong><\/td>\n<td class=\"col-md-8\">SERUM<\/td>\n<\/tr>\n<\/tbody>\n<\/table>\n<\/div>\n","protected":false},"excerpt":{"rendered":"<p>OPIS 2-fazni lifting serum sa parakresom, arganovim uljem i kompleksom vitamina E smanjuje ekspresijske linije i podsti\u010de elasti\u010dnost ko\u017ee. Za sve zrele i zahtjevne tipove ko\u017ee, dvofazni uljni serum je idealan dodatak aktivnim sastojcima cijelodnevnim, no\u0107nim ili 24-satnim kremama za njegu ko\u017ee. Ovaj dvofazni lifting serum za zagla\u0111ivanje ko\u017ee sa efikasnim sastojcima protiv starenja para [&hellip;]<\/p>\n","protected":false},"featured_media":1227,"template":"","meta":[],"product_cat":[28,57],"product_tag":[149],"class_list":{"0":"post-1226","1":"product","2":"type-product","3":"status-publish","4":"has-post-thumbnail","6":"product_cat-kozmeceutika","7":"product_cat-zahtjevnakoza","8":"product_tag-dvofazni-lifting-serum","10":"first","11":"instock","12":"shipping-taxable","13":"product-type-simple"},"_links":{"self":[{"href":"https:\/\/relaxblog.radiopadrino.com\/index.php?rest_route=\/wp\/v2\/product\/1226","targetHints":{"allow":["GET"]}}],"collection":[{"href":"https:\/\/relaxblog.radiopadrino.com\/index.php?rest_route=\/wp\/v2\/product"}],"about":[{"href":"https:\/\/relaxblog.radiopadrino.com\/index.php?rest_route=\/wp\/v2\/types\/product"}],"wp:featuredmedia":[{"embeddable":true,"href":"https:\/\/relaxblog.radiopadrino.com\/index.php?rest_route=\/wp\/v2\/media\/1227"}],"wp:attachment":[{"href":"https:\/\/relaxblog.radiopadrino.com\/index.php?rest_route=%2Fwp%2Fv2%2Fmedia&parent=1226"}],"wp:term":[{"taxonomy":"product_cat","embeddable":true,"href":"https:\/\/relaxblog.radiopadrino.com\/index.php?rest_route=%2Fwp%2Fv2%2Fproduct_cat&post=1226"},{"taxonomy":"product_tag","embeddable":true,"href":"https:\/\/relaxblog.radiopadrino.com\/index.php?rest_route=%2Fwp%2Fv2%2Fproduct_tag&post=1226"}],"curies":[{"name":"wp","href":"https:\/\/api.w.org\/{rel}","templated":true}]}}