{"id":1241,"date":"2023-04-07T00:02:54","date_gmt":"2023-04-06T22:02:54","guid":{"rendered":"https:\/\/relaxblog.radiopadrino.com\/?post_type=product&#038;p=1241"},"modified":"2023-04-07T00:03:21","modified_gmt":"2023-04-06T22:03:21","slug":"vitaforce-c-skin-complex-30ml","status":"publish","type":"product","link":"https:\/\/relaxblog.radiopadrino.com\/?product=vitaforce-c-skin-complex-30ml","title":{"rendered":"Vitaforce C Skin Complex 30ml"},"content":{"rendered":"<p><strong>OPIS<\/strong><br \/>\nPouzdana pomo\u0107 za mladala\u010dku, glatku i ujedna\u010denu ko\u017eu. Intenzivna njega protiv bora ima trostruko djelovanje i stimulira proizvodnju kolagena i elastina. Osvje\u017eavaju\u0107i kremni gel podr\u017eava posvjetljivanje ko\u017ee i smanjuje stara\u010dke pjege.<br \/>\nHijaluronska kiselina dugog i kratkog lanca efikasno vla\u017ei i povr\u0161inu i dublje slojeve ko\u017ee. Ekstrakt limuna osvje\u017eava i tonizira. Vitaforce C Skin Complex je idealan dodatak vitamin C Force kremi. Zajedno zagla\u0111uju ko\u017eu i \u010dine ten blistavijim.<\/p>\n<p><strong>UPOTREBA<\/strong><br \/>\nNanesite u obliku kure ujutro i\/ili uve\u010de. Uklonite 2-3 prskanja iz bo\u010dice sa dozatorom i rasporedite po o\u010di\u0161\u0107enom licu. Proizvod se upija u ko\u017eu bez ostataka. Zatim nanesite dnevnu ili no\u0107nu kremu.<\/p>\n<p>Savjet: Ako je zahtjevna ko\u017ea prili\u010dno masna, Vitaforce C Skin Complex je tako\u0111er optimalno prikladan kao jedini hidratant.<\/p>\n<p><strong>SASTOJCI<\/strong><br \/>\n\u2022 Vitamin C fosfat: Stimuli\u0161e sintezu kolagenih vlakana, pobolj\u0161ava glatko\u0107u ko\u017ee, \u0161titi od slobodnih radikala, inhibira stvaranje melanina<\/p>\n<p>\u2022 Hijaluronska kiselina dugog i kratkog lanca: odmah uo\u010dljivo zagla\u0111ivanje ko\u017ee i pove\u0107ana vla\u017enost ko\u017ee; smanjuje bore uzrokovane suho\u0107om<\/p>\n<p>\u2022 Ekstrakt limuna: Osvje\u017eava i tonizira<\/p>\n<p>&nbsp;<\/p>\n<h3><strong>TEHNI\u010cKI DETALJI<\/strong><\/h3>\n<div class=\"desccontainer mb-2 nottruncated\">\n<table class=\"table table-striped mt-3\">\n<tbody>\n<tr>\n<td class=\"col-md-4\"><strong>SADR\u017dAJ<\/strong><\/td>\n<td class=\"col-md-8\">\u00a030 ml<\/td>\n<\/tr>\n<tr>\n<td class=\"col-md-4\"><strong>pH VRIJEDNOST<\/strong><\/td>\n<td class=\"col-md-8\">7.2<\/td>\n<\/tr>\n<tr>\n<td class=\"col-md-4\"><strong>TIP KO\u017dEK<\/strong><\/td>\n<td class=\"col-md-8\">\u00a0ZAHTJEVNA KO\u017dA<\/td>\n<\/tr>\n<tr>\n<td class=\"col-md-4\"><strong>VRSTA PROIZVODA<\/strong><\/td>\n<td class=\"col-md-8\">SERUM<\/td>\n<\/tr>\n<\/tbody>\n<\/table>\n<\/div>\n","protected":false},"excerpt":{"rendered":"<p>OPIS Pouzdana pomo\u0107 za mladala\u010dku, glatku i ujedna\u010denu ko\u017eu. Intenzivna njega protiv bora ima trostruko djelovanje i stimulira proizvodnju kolagena i elastina. Osvje\u017eavaju\u0107i kremni gel podr\u017eava posvjetljivanje ko\u017ee i smanjuje stara\u010dke pjege. Hijaluronska kiselina dugog i kratkog lanca efikasno vla\u017ei i povr\u0161inu i dublje slojeve ko\u017ee. Ekstrakt limuna osvje\u017eava i tonizira. Vitaforce C Skin Complex [&hellip;]<\/p>\n","protected":false},"featured_media":588,"template":"","meta":[],"product_cat":[28,29,57],"product_tag":[64],"class_list":{"0":"post-1241","1":"product","2":"type-product","3":"status-publish","4":"has-post-thumbnail","6":"product_cat-kozmeceutika","7":"product_cat-njegalica","8":"product_cat-zahtjevnakoza","9":"product_tag-serum-sa-vitaminom-c","11":"first","12":"instock","13":"shipping-taxable","14":"product-type-simple"},"_links":{"self":[{"href":"https:\/\/relaxblog.radiopadrino.com\/index.php?rest_route=\/wp\/v2\/product\/1241","targetHints":{"allow":["GET"]}}],"collection":[{"href":"https:\/\/relaxblog.radiopadrino.com\/index.php?rest_route=\/wp\/v2\/product"}],"about":[{"href":"https:\/\/relaxblog.radiopadrino.com\/index.php?rest_route=\/wp\/v2\/types\/product"}],"wp:featuredmedia":[{"embeddable":true,"href":"https:\/\/relaxblog.radiopadrino.com\/index.php?rest_route=\/wp\/v2\/media\/588"}],"wp:attachment":[{"href":"https:\/\/relaxblog.radiopadrino.com\/index.php?rest_route=%2Fwp%2Fv2%2Fmedia&parent=1241"}],"wp:term":[{"taxonomy":"product_cat","embeddable":true,"href":"https:\/\/relaxblog.radiopadrino.com\/index.php?rest_route=%2Fwp%2Fv2%2Fproduct_cat&post=1241"},{"taxonomy":"product_tag","embeddable":true,"href":"https:\/\/relaxblog.radiopadrino.com\/index.php?rest_route=%2Fwp%2Fv2%2Fproduct_tag&post=1241"}],"curies":[{"name":"wp","href":"https:\/\/api.w.org\/{rel}","templated":true}]}}