{"id":1248,"date":"2023-04-07T00:22:01","date_gmt":"2023-04-06T22:22:01","guid":{"rendered":"https:\/\/relaxblog.radiopadrino.com\/?post_type=product&#038;p=1248"},"modified":"2023-04-07T00:23:45","modified_gmt":"2023-04-06T22:23:45","slug":"rich-nutrient-skin-refiner-50ml","status":"publish","type":"product","link":"https:\/\/relaxblog.radiopadrino.com\/?product=rich-nutrient-skin-refiner-50ml","title":{"rendered":"Rich Nutrient Skin Refiner 50ml"},"content":{"rendered":"<p><strong>OPIS<\/strong><br \/>\nBrzodjeluju\u0107a maska za njegu bori se protiv prvih znakova stresa i umora.<br \/>\nBogata formula s mati\u010dnim stanicama jabuke, vitaminima i hidratantnim kremama podupire dugovje\u010dnost stanica ko\u017ee i smanjuje bore. Osim toga, pru\u017ea za\u0161titu od slobodnih radikala i smiruje iritiranu ko\u017eu pod stresom. Svakim nano\u0161enjem ko\u017ea dobija dodatnu porciju njege i vitalnih supstanci za blistavo lijep izgled.<\/p>\n<p><strong>OPIS<\/strong><br \/>\nKrema za njegu zahtjevne ko\u017ee. Sa ekstraktom zobi i hijaluronskom kiselinom.<br \/>\n<strong>UPOTREBA<\/strong><br \/>\nNanesite ujutro na o\u010di\u0161\u0107enu ko\u017eu lica, vrata i dekoltea i ostavite da prodre. Idealna podloga za \u0161minkanje.<\/p>\n<p><strong>SASTOJCI<\/strong><br \/>\n\u2022 Ekstrakt zobi: Primetno podi\u017ee ko\u017eu<\/p>\n<p>\u2022 Saharidni izorat: mje\u0161avina razli\u010ditih \u0161e\u0107era proizvedenih od biljne glukoze koji se \u010dvrsto vezuju za kreatin ko\u017ee i osiguravaju dugotrajno pove\u0107anje vla\u017enosti ko\u017ee<\/p>\n<p>\u2022 Hijaluronska kiselina dugog i kratkog lanca : Odmah primetno zagla\u0111ivanje ko\u017ee i pove\u0107ana vla\u017enost ko\u017ee; smanjuje bore uzrokovane suho\u0107om<\/p>\n<p>\u2022 Izostearil izostearat: Skra\u0107eno na ISIS, ja\u010da hidrolipidnu barijeru<\/p>\n<p>\u2022 Derivat cimetne kiseline: sinteti\u010dki UVB filter<\/p>\n<p>\u2022 Derivat triazina: Sinteti\u010dki UVB filter, prirodna komponenta ko\u017enog sebuma, spre\u010dava dehidraciju, podsti\u010de gipkost, ima efekat zagla\u0111ivanja ko\u017ee<\/p>\n<p>&nbsp;<\/p>\n<h3><strong>TEHNI\u010cKI DETALJI<\/strong><\/h3>\n<div class=\"desccontainer mb-2 nottruncated\">\n<table class=\"table table-striped mt-3\">\n<tbody>\n<tr>\n<td class=\"col-md-4\"><strong>SADR\u017dAJ<\/strong><\/td>\n<td class=\"col-md-8\">50 ml<\/td>\n<\/tr>\n<tr>\n<td class=\"col-md-4\"><strong>pH VRIJEDNOST<\/strong><\/td>\n<td class=\"col-md-8\">6.2<\/td>\n<\/tr>\n<tr>\n<td class=\"col-md-4\"><strong>TIP KO\u017dEK<\/strong><\/td>\n<td class=\"col-md-8\">\u00a0ZAHTJEVNA KO\u017dA<\/td>\n<\/tr>\n<tr>\n<td class=\"col-md-4\"><strong>VRSTA PROIZVODA<\/strong><\/td>\n<td class=\"col-md-8\">KREMA<\/td>\n<\/tr>\n<\/tbody>\n<\/table>\n<\/div>\n","protected":false},"excerpt":{"rendered":"<p>OPIS Brzodjeluju\u0107a maska za njegu bori se protiv prvih znakova stresa i umora. Bogata formula s mati\u010dnim stanicama jabuke, vitaminima i hidratantnim kremama podupire dugovje\u010dnost stanica ko\u017ee i smanjuje bore. Osim toga, pru\u017ea za\u0161titu od slobodnih radikala i smiruje iritiranu ko\u017eu pod stresom. Svakim nano\u0161enjem ko\u017ea dobija dodatnu porciju njege i vitalnih supstanci za blistavo [&hellip;]<\/p>\n","protected":false},"featured_media":1249,"template":"","meta":[],"product_cat":[28,29,57],"product_tag":[154],"class_list":{"0":"post-1248","1":"product","2":"type-product","3":"status-publish","4":"has-post-thumbnail","6":"product_cat-kozmeceutika","7":"product_cat-njegalica","8":"product_cat-zahtjevnakoza","9":"product_tag-krema-za-zrelu-kozu","11":"first","12":"instock","13":"featured","14":"shipping-taxable","15":"product-type-simple"},"_links":{"self":[{"href":"https:\/\/relaxblog.radiopadrino.com\/index.php?rest_route=\/wp\/v2\/product\/1248","targetHints":{"allow":["GET"]}}],"collection":[{"href":"https:\/\/relaxblog.radiopadrino.com\/index.php?rest_route=\/wp\/v2\/product"}],"about":[{"href":"https:\/\/relaxblog.radiopadrino.com\/index.php?rest_route=\/wp\/v2\/types\/product"}],"wp:featuredmedia":[{"embeddable":true,"href":"https:\/\/relaxblog.radiopadrino.com\/index.php?rest_route=\/wp\/v2\/media\/1249"}],"wp:attachment":[{"href":"https:\/\/relaxblog.radiopadrino.com\/index.php?rest_route=%2Fwp%2Fv2%2Fmedia&parent=1248"}],"wp:term":[{"taxonomy":"product_cat","embeddable":true,"href":"https:\/\/relaxblog.radiopadrino.com\/index.php?rest_route=%2Fwp%2Fv2%2Fproduct_cat&post=1248"},{"taxonomy":"product_tag","embeddable":true,"href":"https:\/\/relaxblog.radiopadrino.com\/index.php?rest_route=%2Fwp%2Fv2%2Fproduct_tag&post=1248"}],"curies":[{"name":"wp","href":"https:\/\/api.w.org\/{rel}","templated":true}]}}