{"id":1258,"date":"2023-04-07T00:33:12","date_gmt":"2023-04-06T22:33:12","guid":{"rendered":"https:\/\/relaxblog.radiopadrino.com\/?post_type=product&#038;p=1258"},"modified":"2023-04-07T00:33:39","modified_gmt":"2023-04-06T22:33:39","slug":"rich-recovery-cream-50ml","status":"publish","type":"product","link":"https:\/\/relaxblog.radiopadrino.com\/?product=rich-recovery-cream-50ml","title":{"rendered":"Rich Recovery Cream 50ml"},"content":{"rendered":"<p><strong>OPIS<\/strong><br \/>\nBogata krema protiv starenja za zrelu ko\u017eu. Sa kompleksom \u0107elijske regeneracije ekstrakta crvene djeteline i kombu\u010de.<br \/>\nBogata krema protiv starenja za zrelu ko\u017eu s kompleksom \u0107elijske regeneracije ekstrakta crvene djeteline i kombu\u010de. Kompleks visokih performansi osigurava sveobuhvatnu regeneraciju ko\u017ee, zagla\u0111uje je i poja\u010dava njen sjaj. U podru\u010djima sa suhom ko\u017eom, lipidni kompleks uravnote\u017euje praznine u opskrbi vlagom i ja\u010da funkciju barijere.<\/p>\n<p><strong>UPOTREBA<\/strong><br \/>\nNanesite Rich Recovery Cream ujutro i\/ili uve\u010de na o\u010di\u0161\u0107enu ko\u017eu lica i dekoltea.<\/p>\n<p>Savjet: Posebno zimi, Rich Recovery Cream poma\u017ee u za\u0161titi ko\u017ee od agresivnih klimatskih utjecaja, hladno\u0107e i suho\u0107e.<\/p>\n<p>Napomena: Face Guard Advanced efikasno \u0161titi ko\u017eu od UV zra\u010denja. Jednostavno nanesite ultra laganu emulziju ispod Rich Recovery Cream tokom dana.<\/p>\n<p><strong>SASTOJCI<\/strong><br \/>\n\u2022 Kompleks za regeneraciju \u0107elija:<\/p>\n<p>&#8211; Ekstrakt crvene djeteline: bogat izoflavonima, smanjuje nabore, u\u010dvr\u0161\u0107uje ko\u017eu, vla\u017ei<\/p>\n<p>&#8211; Kombucha: fermentisani crni \u010daj, zagla\u0111uje ko\u017eu zahvaljuju\u0107i efektu lipo-fillinga, pobolj\u0161ava blistavost i daje rumeni ten<\/p>\n<p>\u2022 Vitamin A \u2013 Palmitat: Stimuli\u0161e aktivnost \u0107elija i podsti\u010de regeneraciju ko\u017ee<\/p>\n<p>\u2022 Izomerati saharida: Supstanca koja zadr\u017eava vlagu na bazi prirodnih \u0161e\u0107era, djeluje kao magnet za vlagu, vla\u017ei i vezuje vlagu u gornjim slojevima ko\u017ee<\/p>\n<p>\u2022 Shea puter: Intenzivno njeguje ko\u017eu i daje joj meko\u0107u i nje\u017ean osje\u0107aj<\/p>\n<p>\u2022 Skvalen: Hrani ko\u017eu i \u0161titi je od dehidracije<\/p>\n<p>\u2022 Ulje makadamije: Prirodno ulje, ne\u017eno umiruje i omek\u0161ava ko\u017eu<\/p>\n<p>&nbsp;<\/p>\n<h3><strong>TEHNI\u010cKI DETALJI<\/strong><\/h3>\n<div class=\"desccontainer mb-2 nottruncated\">\n<table class=\"table table-striped mt-3\">\n<tbody>\n<tr>\n<td class=\"col-md-4\"><strong>SADR\u017dAJ<\/strong><\/td>\n<td class=\"col-md-8\">\u00a050 ml<\/td>\n<\/tr>\n<tr>\n<td class=\"col-md-4\"><strong>pH VRIJEDNOST<\/strong><\/td>\n<td class=\"col-md-8\"><\/td>\n<\/tr>\n<tr>\n<td class=\"col-md-4\"><strong>TIP KO\u017dEK<\/strong><\/td>\n<td class=\"col-md-8\">\u00a0ZRELA KO\u017dA<\/td>\n<\/tr>\n<tr>\n<td class=\"col-md-4\"><strong>VRSTA PROIZVODA<\/strong><\/td>\n<td class=\"col-md-8\">KREMA<\/td>\n<\/tr>\n<\/tbody>\n<\/table>\n<\/div>\n","protected":false},"excerpt":{"rendered":"<p>OPIS Bogata krema protiv starenja za zrelu ko\u017eu. Sa kompleksom \u0107elijske regeneracije ekstrakta crvene djeteline i kombu\u010de. Bogata krema protiv starenja za zrelu ko\u017eu s kompleksom \u0107elijske regeneracije ekstrakta crvene djeteline i kombu\u010de. Kompleks visokih performansi osigurava sveobuhvatnu regeneraciju ko\u017ee, zagla\u0111uje je i poja\u010dava njen sjaj. U podru\u010djima sa suhom ko\u017eom, lipidni kompleks uravnote\u017euje praznine [&hellip;]<\/p>\n","protected":false},"featured_media":606,"template":"","meta":[],"product_cat":[28,66],"product_tag":[73],"class_list":{"0":"post-1258","1":"product","2":"type-product","3":"status-publish","4":"has-post-thumbnail","6":"product_cat-kozmeceutika","7":"product_cat-zrelakoza","8":"product_tag-obogacena-krema","10":"first","11":"instock","12":"featured","13":"shipping-taxable","14":"product-type-simple"},"_links":{"self":[{"href":"https:\/\/relaxblog.radiopadrino.com\/index.php?rest_route=\/wp\/v2\/product\/1258","targetHints":{"allow":["GET"]}}],"collection":[{"href":"https:\/\/relaxblog.radiopadrino.com\/index.php?rest_route=\/wp\/v2\/product"}],"about":[{"href":"https:\/\/relaxblog.radiopadrino.com\/index.php?rest_route=\/wp\/v2\/types\/product"}],"wp:featuredmedia":[{"embeddable":true,"href":"https:\/\/relaxblog.radiopadrino.com\/index.php?rest_route=\/wp\/v2\/media\/606"}],"wp:attachment":[{"href":"https:\/\/relaxblog.radiopadrino.com\/index.php?rest_route=%2Fwp%2Fv2%2Fmedia&parent=1258"}],"wp:term":[{"taxonomy":"product_cat","embeddable":true,"href":"https:\/\/relaxblog.radiopadrino.com\/index.php?rest_route=%2Fwp%2Fv2%2Fproduct_cat&post=1258"},{"taxonomy":"product_tag","embeddable":true,"href":"https:\/\/relaxblog.radiopadrino.com\/index.php?rest_route=%2Fwp%2Fv2%2Fproduct_tag&post=1258"}],"curies":[{"name":"wp","href":"https:\/\/api.w.org\/{rel}","templated":true}]}}