{"id":1266,"date":"2023-04-08T00:13:51","date_gmt":"2023-04-07T22:13:51","guid":{"rendered":"https:\/\/relaxblog.radiopadrino.com\/?post_type=product&#038;p=1266"},"modified":"2023-04-08T00:14:18","modified_gmt":"2023-04-07T22:14:18","slug":"marine-collagen-cream-150ml","status":"publish","type":"product","link":"https:\/\/relaxblog.radiopadrino.com\/?product=marine-collagen-cream-150ml","title":{"rendered":"Marine Collagen Cream 150ml"},"content":{"rendered":"<p><strong>OPIS<\/strong><br \/>\nOva krema protiv starenja sa morskim kolagenom pru\u017ea vidljiv efekat liftinga.<br \/>\nOva u\u010dvr\u0161\u0107uju\u0107a krema protiv starenja s morskim kolagenom i poja\u010diva\u010dem kolagena posebno sprje\u010dava smanjenje \u010dvrsto\u0107e tkiva i pojavu bora. Bogata formula poma\u017ee ko\u017ei da utrostru\u010di svoj prirodni sadr\u017eaj kolagena, \u010dine\u0107i je mladolikom, punijom i \u010dvr\u0161\u0107om. Morski kolagen pru\u017ea primjetan lifting efekat na ko\u017ei. Prekriva ko\u017eu poput nevidljivog filma koji vezuje vlagu, popunjavaju\u0107i fine bore i linije.<\/p>\n<p><strong>UPOTREBA<\/strong><br \/>\nNanesite na lice, vrat i grudi ujutro i uve\u010de nakon \u010di\u0161\u0107enja lica.<\/p>\n<p><strong>SASTOJCI<\/strong><br \/>\n\u2022 Morski kolagen: Kolagen morskog porekla, pru\u017ea efekat liftinga na ko\u017ei. Budu\u0107i da je makromolekula, ne mo\u017ee prodrijeti u ko\u017eu. Ostaje na ko\u017ei i ima efekat vezivanja i zadr\u017eavanja vlage, stvaranja filma i u\u010dvr\u0161\u0107ivanja.<\/p>\n<p>\u2022 Ekstrakt nara: Koncentrovani ekstrakt cvijeta nara (punica granatum, flos) i derivat vitamina C; stimulira proizvodnju kolagena, pove\u0107ava gusto\u0107u ko\u017ee, smanjuje bore i \u0161titi od starenja ko\u017ee uzrokovanog svjetlom<\/p>\n<p>\u2022 Dugolan\u010dana hijaluronska kiselina: Formira film koji vezuje vodu na povr\u0161ini ko\u017ee i \u0161titi ko\u017eu od isu\u0161ivanja. Popunjava fine linije i bore<\/p>\n<p>\u2022 Ulje makadamije: prirodno ulje ekstrahovano iz oraha makadamije; dobro se upija, hrani ko\u017eu i \u010dini je mekom i podatnom<\/p>\n<p>\u2022 Vitamin E acetat: vitamin E je prirodni antioksidans; ovisno o kori\u0161tenoj koncentraciji, vitamin E \u0161titi ko\u017eu od negativnih utjecaja slobodnih radikala, vla\u017ei i zagla\u0111uje ko\u017eu<\/p>\n<p>&nbsp;<\/p>\n<h3><strong>TEHNI\u010cKI DETALJI<\/strong><\/h3>\n<div class=\"desccontainer mb-2 nottruncated\">\n<table class=\"table table-striped mt-3\">\n<tbody>\n<tr>\n<td class=\"col-md-4\"><strong>SADR\u017dAJ<\/strong><\/td>\n<td class=\"col-md-8\">\u00a0150 ml<\/td>\n<\/tr>\n<tr>\n<td class=\"col-md-4\"><strong>pH VRIJEDNOST<\/strong><\/td>\n<td class=\"col-md-8\">5.9<\/td>\n<\/tr>\n<tr>\n<td class=\"col-md-4\"><strong>TIP KO\u017dEK<\/strong><\/td>\n<td class=\"col-md-8\">\u00a0SVAKI TIP KO\u017dE<\/td>\n<\/tr>\n<tr>\n<td class=\"col-md-4\"><strong>VRSTA PROIZVODA<\/strong><\/td>\n<td class=\"col-md-8\">KREMA<\/td>\n<\/tr>\n<\/tbody>\n<\/table>\n<p>&nbsp;<\/p>\n<\/div>\n","protected":false},"excerpt":{"rendered":"<p>OPIS Ova krema protiv starenja sa morskim kolagenom pru\u017ea vidljiv efekat liftinga. Ova u\u010dvr\u0161\u0107uju\u0107a krema protiv starenja s morskim kolagenom i poja\u010diva\u010dem kolagena posebno sprje\u010dava smanjenje \u010dvrsto\u0107e tkiva i pojavu bora. Bogata formula poma\u017ee ko\u017ei da utrostru\u010di svoj prirodni sadr\u017eaj kolagena, \u010dine\u0107i je mladolikom, punijom i \u010dvr\u0161\u0107om. Morski kolagen pru\u017ea primjetan lifting efekat na ko\u017ei. [&hellip;]<\/p>\n","protected":false},"featured_media":628,"template":"","meta":[],"product_cat":[28,78],"product_tag":[82],"class_list":{"0":"post-1266","1":"product","2":"type-product","3":"status-publish","4":"has-post-thumbnail","6":"product_cat-kozmeceutika","7":"product_cat-svakitipkoze","8":"product_tag-krema-sa-mosrskim-kolagenom","10":"first","11":"instock","12":"shipping-taxable","13":"product-type-simple"},"_links":{"self":[{"href":"https:\/\/relaxblog.radiopadrino.com\/index.php?rest_route=\/wp\/v2\/product\/1266","targetHints":{"allow":["GET"]}}],"collection":[{"href":"https:\/\/relaxblog.radiopadrino.com\/index.php?rest_route=\/wp\/v2\/product"}],"about":[{"href":"https:\/\/relaxblog.radiopadrino.com\/index.php?rest_route=\/wp\/v2\/types\/product"}],"wp:featuredmedia":[{"embeddable":true,"href":"https:\/\/relaxblog.radiopadrino.com\/index.php?rest_route=\/wp\/v2\/media\/628"}],"wp:attachment":[{"href":"https:\/\/relaxblog.radiopadrino.com\/index.php?rest_route=%2Fwp%2Fv2%2Fmedia&parent=1266"}],"wp:term":[{"taxonomy":"product_cat","embeddable":true,"href":"https:\/\/relaxblog.radiopadrino.com\/index.php?rest_route=%2Fwp%2Fv2%2Fproduct_cat&post=1266"},{"taxonomy":"product_tag","embeddable":true,"href":"https:\/\/relaxblog.radiopadrino.com\/index.php?rest_route=%2Fwp%2Fv2%2Fproduct_tag&post=1266"}],"curies":[{"name":"wp","href":"https:\/\/api.w.org\/{rel}","templated":true}]}}