{"id":1270,"date":"2023-04-08T00:16:45","date_gmt":"2023-04-07T22:16:45","guid":{"rendered":"https:\/\/relaxblog.radiopadrino.com\/?post_type=product&#038;p=1270"},"modified":"2023-04-08T00:17:03","modified_gmt":"2023-04-07T22:17:03","slug":"face-guard-advanced-50ml-2","status":"publish","type":"product","link":"https:\/\/relaxblog.radiopadrino.com\/?product=face-guard-advanced-50ml-2","title":{"rendered":"Face Guard Advanced 50ml"},"content":{"rendered":"<p><strong>OPIS<\/strong><br \/>\nKoncentrat za za\u0161titu od svjetlosti sa SPF 30 i IR za\u0161titom od preranog starenja ko\u017ee izazvanog svjetlom. Pogodno za sve tipove ko\u017ee.<br \/>\nSli\u010dno UV zracima, infracrvene zrake uzrokuju prerano starenje ko\u017ee i mogu kasnije dovesti do o\u0161te\u0107enja ko\u017ee. Stoga je va\u017eno ne samo osigurati adekvatnu za\u0161titu od UVA i UVB zraka, ve\u0107 i imati efikasnu IR za\u0161titu. FACE GUARD ADVANCED je lagana emulzija sa aktivnim sastojkom za za\u0161titu \u0107elija Ectoin\u00ae, za koji je dokazano da \u0161titi ko\u017eu od uticaja okoline kao \u0161to su suvo\u0107a, toplota, hladno\u0107a i UV zraci. Biotehnolo\u0161ki dobiveni enzim tako\u0111er neutralizira slobodne radikale i smatra se efikasnom IR za\u0161titom. FACE GUARD ADVANCED je stoga idealno komplementarno rje\u0161enje za njegu za svaki tip ko\u017ee tijekom cijele godine i mo\u017ee se lako kombinirati sa bilo kojim proizvodom za dnevnu njegu.<\/p>\n<p><strong>UPOTREBA<\/strong><br \/>\nFACE GUARD ADVANCED nanosi se na ko\u017eu ujutro nakon \u010di\u0161\u0107enja prije nano\u0161enja uobi\u010dajene dnevne njege.<\/p>\n<p><strong>Savjet:<\/strong> FACE GUARD ADVANCED djeluje kao nevidljiva rukavica i sprje\u010dava pigmentaciju i stara\u010dke pjege. Jednostavno nanesite laganu emulziju na stra\u017enji dio \u0161ake i lagano umasirajte. Ponovite nekoliko puta dnevno.<\/p>\n<p><strong>SASTOJCI<\/strong><br \/>\nDietilamino hidroksibenzoil heksil benzoat: fotostabilan UVA filter<br \/>\nEtilheksil triazon: fotostabilni UV-B filter<br \/>\nBis-etilheksiloksifenol metoksifenil triazin: fotostabilni filter \u0161irokog spektra<br \/>\nThermus thermophilus ferment: Biotehnolo\u0161ki dobiven enzim koji djeluje kao jak antioksidans, neutralizira slobodne radikale, bori se protiv o\u0161te\u0107enja uzrokovanih IR-om, sprje\u010dava stres izazvan IR-om i bori se protiv IR promjena. Sa porastom temperature postaje efikasniji, zbog \u010dega je posebno efikasan u proizvodima za za\u0161titu od sunca<br \/>\nEctoine\u00ae: Faktor za\u0161tite \u0107elija koji proizvode mikroorganizmi koji aktivno \u0161titi \u0107elije od toplote i UV zra\u010denja i reguli\u0161e njihov sadr\u017eaj vlage<br \/>\nHijaluronska kiselina (kratki i dugi lanac): protiv starenja; obezbe\u0111uje intenzivnu hidrataciju ko\u017ee.<br \/>\nGlicerin: vla\u017ei<\/p>\n","protected":false},"excerpt":{"rendered":"<p>OPIS Koncentrat za za\u0161titu od svjetlosti sa SPF 30 i IR za\u0161titom od preranog starenja ko\u017ee izazvanog svjetlom. Pogodno za sve tipove ko\u017ee. Sli\u010dno UV zracima, infracrvene zrake uzrokuju prerano starenje ko\u017ee i mogu kasnije dovesti do o\u0161te\u0107enja ko\u017ee. Stoga je va\u017eno ne samo osigurati adekvatnu za\u0161titu od UVA i UVB zraka, ve\u0107 i imati [&hellip;]<\/p>\n","protected":false},"featured_media":1269,"template":"","meta":[],"product_cat":[28,29,78],"product_tag":[86],"class_list":{"0":"post-1270","1":"product","2":"type-product","3":"status-publish","4":"has-post-thumbnail","6":"product_cat-kozmeceutika","7":"product_cat-njegalica","8":"product_cat-svakitipkoze","9":"product_tag-uv-zastitni-faktor","11":"first","12":"instock","13":"shipping-taxable","14":"product-type-simple"},"_links":{"self":[{"href":"https:\/\/relaxblog.radiopadrino.com\/index.php?rest_route=\/wp\/v2\/product\/1270","targetHints":{"allow":["GET"]}}],"collection":[{"href":"https:\/\/relaxblog.radiopadrino.com\/index.php?rest_route=\/wp\/v2\/product"}],"about":[{"href":"https:\/\/relaxblog.radiopadrino.com\/index.php?rest_route=\/wp\/v2\/types\/product"}],"wp:featuredmedia":[{"embeddable":true,"href":"https:\/\/relaxblog.radiopadrino.com\/index.php?rest_route=\/wp\/v2\/media\/1269"}],"wp:attachment":[{"href":"https:\/\/relaxblog.radiopadrino.com\/index.php?rest_route=%2Fwp%2Fv2%2Fmedia&parent=1270"}],"wp:term":[{"taxonomy":"product_cat","embeddable":true,"href":"https:\/\/relaxblog.radiopadrino.com\/index.php?rest_route=%2Fwp%2Fv2%2Fproduct_cat&post=1270"},{"taxonomy":"product_tag","embeddable":true,"href":"https:\/\/relaxblog.radiopadrino.com\/index.php?rest_route=%2Fwp%2Fv2%2Fproduct_tag&post=1270"}],"curies":[{"name":"wp","href":"https:\/\/api.w.org\/{rel}","templated":true}]}}