{"id":1272,"date":"2023-04-08T00:21:19","date_gmt":"2023-04-07T22:21:19","guid":{"rendered":"https:\/\/relaxblog.radiopadrino.com\/?post_type=product&#038;p=1272"},"modified":"2023-04-08T00:21:20","modified_gmt":"2023-04-07T22:21:20","slug":"retinol-lift-serum-30ml","status":"publish","type":"product","link":"https:\/\/relaxblog.radiopadrino.com\/?product=retinol-lift-serum-30ml","title":{"rendered":"Retinol lift serum 30ml"},"content":{"rendered":"<p><strong>Opis<\/strong><br \/>\nEfikasan serum protiv starenja sa retinolom koji stimuli\u0161e kolagen.<\/p>\n<p>Za proslavu 25. godi\u0161njice, JANSSEN COSMETICS je razvio regeneriraju\u0107i lifting serum (Retinol Lift Serum) sa visoko koncentriranim retinolom. Retinol je jedan od najtemeljnije istra\u017eenih i najefikasnijih aktivnih sastojaka protiv starenja. Stimulira sintezu kolagena i \u010dini da male bore gotovo nestanu. Dugoro\u010dno, retinol pobolj\u0161ava pojavu stara\u010dkih pjega i pigmentacije. Efikasan serum protiv starenja poma\u017ee u vra\u0107anju mladala\u010dkog izgleda i daje vam ru\u017ei\u010dasto-svje\u017e ten.<\/p>\n<p>Inkapsulacija u liposomima omogu\u0107ava da se aktivna tvar prenese u dublje slojeve ko\u017ee, \u010dime se pobolj\u0161ava bioraspolo\u017eivost ko\u017ee.<\/p>\n<p>Niacinamid na idealan na\u010din nadopunjuje mo\u0107ni aktivni sastojak retinol jer ima sli\u010dan u\u010dinak. Osim toga, niacinamid pobolj\u0161ava prirodnu funkciju barijere ko\u017ee i osigurava dobru podno\u0161ljivost formule. Dragocjeno ulje pasjeg trna \u0161titi od slobodnih radikala, dok pululan zate\u017ee ko\u017eu. Na kraju, ali ne i najmanje va\u017eno, serum protiv starenja s dubokim djelovanjem posti\u017ee bodove sa svojom hijaluronskom kiselinom i dragocjenim hranjivim lipidima kao \u0161to su ulje makadamije i shea puter.<\/p>\n<p>\u2022 Tretman za u\u010dvr\u0161\u0107ivanje ko\u017ee dubokog djelovanja<br \/>\n\u2022 Stimuli\u0161e sintezu kolagena<br \/>\n\u2022 Intenzivno hidratizira<br \/>\n\u2022 \u010cini ko\u017eu glatkijom i \u010dvr\u0161\u0107om<br \/>\n\u2022 Podr\u017eava funkciju barijere ko\u017ee<br \/>\n\u2022 Smanjuje hiperpigmentaciju<\/p>\n<p>Preporu\u010dujemo da koristite Face Guard Advanced tokom dana kako biste ko\u017eu za\u0161titili od UV zra\u010denja.<\/p>\n<p><strong>Upotreba<\/strong><br \/>\nRetinol Lift Serum je bolje nanijeti uve\u010de prije odgovaraju\u0107e kreme. Nemojte koristiti direktno ispod o\u010diju ili na kapcima. Uz svakodnevnu ve\u010dernju primjenu, preporu\u010dujemo da koristite Face Guard Advanced tokom dana kako biste ko\u017eu za\u0161titili od UV zra\u010denja.<\/p>\n<p><strong>Sastojci<\/strong><br \/>\n\u2022 Inkapsulirani retinol: stimuli\u0161e proizvodnju kolagena i rast sve\u017eih \u0107elija ko\u017ee, poma\u017ee vra\u0107anju mladolikog izgleda, spre\u010dava starenje ko\u017ee; Efekat protiv bora; Pove\u0107ana stabilnost i funkcionalnost u pore\u0111enju sa nekapsuliranim retinolom, pobolj\u0161ano prodiranje u dublje slojeve ko\u017ee<\/p>\n<p>\u2022 Niacinamid: Multifunkcionalni aktivni sastojak; stabilizira funkciju barijere ko\u017ee, smanjuje gubitak vode i pove\u0107ava ukupnu hidrataciju<\/p>\n<p>\u2022 Pululan: U\u010dvr\u0161\u0107uje ko\u017eu sa trenutnim i dugoro\u010dnim efektima. Dostupni su testovi efikasnosti. Trenutni efekat: +130% vi\u0161e elasti\u010dnosti ko\u017ee; Dugoro\u010dni efekat: dobra do vrlo dobra elasti\u010dnost ko\u017ee kod 70% ispitanika<\/p>\n<p>\u2022 Pulpa morske krkavine: Bogata provitaminom A, \u0161titi od slobodnih radikala<\/p>\n<p>\u2022 Hijaluronska kiselina (dugolan\u010dana): Formira film koji vezuje vodu na povr\u0161ini ko\u017ee i spre\u010dava je od isu\u0161ivanja. Popunjava fine linije i bore<\/p>\n<p>\u2022 Ulje makadamije: prirodno ulje ekstrahovano iz ora\u0161astih plodova makadamije; dobro se upija, hrani ko\u017eu i \u010dini je mekom i podatnom<\/p>\n<p>\u2022 Shea buter: Prirodni emolijens iz shea oraha; ostavlja ko\u017eu mekom i podatnom<\/p>\n<p>\u2022 Potpuna lista sastojaka: Aqua [voda], butilen glikol, niacinamid, ulje sjemenki makadamije integrifolia, propilheptil kaprilat, poligliceril-6 stearat, butyrospermum parkii (\u0161ea) puter, glicerin, 1,2-glikesandiol stealkohol, cekesandiol hidrol koko-gliceridi, dikaprilil karbonat, pululan, vo\u0107no ulje hippophae rhamnoides, lecitin, ksantanska guma, pentilen glikol, natrijum hijaluronat, retinol, natrijum stearoil glutamat, poligliceril-6 behenat, poligliceril-6 behenat, poligliceril-6 behenat, poligliceril-6 behenat, poligliceril-6 behenat, poligliceril-6-behenat, poligliceril-6-behenat2, potopifas-hidroksil-hidrosorbat, potopis-hidroksil-oksid, pentilen glikol, natrijum hijaluronat , askorbil palmitat, tokoferol, tetranatrijum glutamat diacetat, parfem [miris]<\/p>\n","protected":false},"excerpt":{"rendered":"<p>Opis Efikasan serum protiv starenja sa retinolom koji stimuli\u0161e kolagen. Za proslavu 25. godi\u0161njice, JANSSEN COSMETICS je razvio regeneriraju\u0107i lifting serum (Retinol Lift Serum) sa visoko koncentriranim retinolom. Retinol je jedan od najtemeljnije istra\u017eenih i najefikasnijih aktivnih sastojaka protiv starenja. Stimulira sintezu kolagena i \u010dini da male bore gotovo nestanu. Dugoro\u010dno, retinol pobolj\u0161ava pojavu stara\u010dkih [&hellip;]<\/p>\n","protected":false},"featured_media":1274,"template":"","meta":[],"product_cat":[28,29,78],"product_tag":[156],"class_list":{"0":"post-1272","1":"product","2":"type-product","3":"status-publish","4":"has-post-thumbnail","6":"product_cat-kozmeceutika","7":"product_cat-njegalica","8":"product_cat-svakitipkoze","9":"product_tag-retinol-serum","11":"first","12":"instock","13":"shipping-taxable","14":"product-type-simple"},"_links":{"self":[{"href":"https:\/\/relaxblog.radiopadrino.com\/index.php?rest_route=\/wp\/v2\/product\/1272","targetHints":{"allow":["GET"]}}],"collection":[{"href":"https:\/\/relaxblog.radiopadrino.com\/index.php?rest_route=\/wp\/v2\/product"}],"about":[{"href":"https:\/\/relaxblog.radiopadrino.com\/index.php?rest_route=\/wp\/v2\/types\/product"}],"wp:featuredmedia":[{"embeddable":true,"href":"https:\/\/relaxblog.radiopadrino.com\/index.php?rest_route=\/wp\/v2\/media\/1274"}],"wp:attachment":[{"href":"https:\/\/relaxblog.radiopadrino.com\/index.php?rest_route=%2Fwp%2Fv2%2Fmedia&parent=1272"}],"wp:term":[{"taxonomy":"product_cat","embeddable":true,"href":"https:\/\/relaxblog.radiopadrino.com\/index.php?rest_route=%2Fwp%2Fv2%2Fproduct_cat&post=1272"},{"taxonomy":"product_tag","embeddable":true,"href":"https:\/\/relaxblog.radiopadrino.com\/index.php?rest_route=%2Fwp%2Fv2%2Fproduct_tag&post=1272"}],"curies":[{"name":"wp","href":"https:\/\/api.w.org\/{rel}","templated":true}]}}