{"id":1283,"date":"2023-04-08T00:29:54","date_gmt":"2023-04-07T22:29:54","guid":{"rendered":"https:\/\/relaxblog.radiopadrino.com\/?post_type=product&#038;p=1283"},"modified":"2023-04-08T00:31:25","modified_gmt":"2023-04-07T22:31:25","slug":"dark-spot-perfector-30ml","status":"publish","type":"product","link":"https:\/\/relaxblog.radiopadrino.com\/?product=dark-spot-perfector-30ml","title":{"rendered":"Dark Spot Perfector 30ml"},"content":{"rendered":"<p><strong>OPIS<\/strong><br \/>\nSerum za ciljano smanjenje stara\u010dkih pjega. Za ujedna\u010den, svje\u017e ten!<br \/>\nPosebno na podru\u010djima ko\u017ee koja su izlo\u017eena intenzivnoj sun\u010devoj svjetlosti nastaju stara\u010dke pjege. Pigmentne mrlje na stra\u017enjoj strani \u0161ake, dekolteu i licu \u010desto \u010dine da ko\u017ea izgleda godinama starija. Mnoge \u017eene stoga \u017eele povratiti ujedna\u010den izgled ko\u017ee, a time i svje\u017eiji, mladolikiji sjaj. Inovativni aktivni sastojak serum Dark Spot Perfector je posebno razvijen za ciljano posvjetljivanje pigmentnih mrlja. Baziran na kompleksu aktivnih sastojaka ba\u0161tenske kre\u0161e i soje, dokazano smanjuje stvaranje novog melanina i lipofuscina i redovnom upotrebom osigurava precizno posvjetljivanje stara\u010dkih pjega bez utjecaja na susjedna podru\u010dja ko\u017ee u istoj mjeri. Dark Spot Perfector tako\u0111er pru\u017ea intenzivnu vlagu, smanjuje isu\u0161ivanje i sprje\u010dava prerano starenje ko\u017ee. Za ujedna\u010den i svje\u017e ten!<\/p>\n<p><strong>UPOTREBA<\/strong><br \/>\nOvaj lagani serum nanosi se na lice ujutro i uve\u010de nakon \u010di\u0161\u0107enja i lagano umasira. Zatim nanesite dnevnu ili no\u0107nu njegu kao i obi\u010dno.<\/p>\n<p>&nbsp;<\/p>\n<p>Savjet: Tokom dana nanesite Face Guard Advanced kao UV i IR za\u0161titu preko Dark Spot Perfector, ostavite da se kratko upije, a zatim nanesite dnevnu kremu.<\/p>\n<p><strong>SASTOJCI<\/strong><br \/>\n\u2022 Korektor stara\u010dkih pjega: Kompleks aktivnih sastojaka napravljen od vrtne krebulje i soje (bogat antioksidansima i izoflavonima) za koji je dokazano da smanjuje razvoj melanina i lipofuscina, te posvjetljuje tragove pigmentacije bez posvjetljivanja normalne ko\u017ee oko njih<\/p>\n<p>\u2022 Saharidni izorat: Kompleks ugljikohidrata sa svojstvima identi\u010dnim osobinama ljudske ko\u017ee koji ostavlja ko\u017eu hidratiziranom tokom du\u017eeg vremenskog perioda<\/p>\n<p>\u2022 Dugolan\u010dana i kratkolan\u010dana hijaluronska kiselina: Hrani, vla\u017ei i zagla\u0111uje ko\u017eu<\/p>\n<p>\u2022 Vitamin E: Neutrali\u0161e slobodne radikale koji o\u0161te\u0107uju \u0107elije i spre\u010dava prerano fotostarenje<\/p>\n<p>\u2022 Svila u prahu: Ostavlja ko\u017eu bolje<\/p>\n<p>&nbsp;<\/p>\n<h3><strong>TEHNI\u010cKI DETALJI<\/strong><\/h3>\n<div class=\"desccontainer mb-2 nottruncated\">\n<table class=\"table table-striped mt-3\">\n<tbody>\n<tr>\n<td class=\"col-md-4\"><strong>SADR\u017dAJ<\/strong><\/td>\n<td class=\"col-md-8\">\u00a030ml<\/td>\n<\/tr>\n<tr>\n<td class=\"col-md-4\"><strong>pH VRIJEDNOST<\/strong><\/td>\n<td class=\"col-md-8\">5.5<\/td>\n<\/tr>\n<tr>\n<td class=\"col-md-4\"><strong>TIP KO\u017dEK<\/strong><\/td>\n<td class=\"col-md-8\">SVI TIPOVI KO\u017dE<\/td>\n<\/tr>\n<tr>\n<td class=\"col-md-4\"><strong>VRSTA PROIZVODA<\/strong><\/td>\n<td class=\"col-md-8\">SERUM<\/td>\n<\/tr>\n<\/tbody>\n<\/table>\n<\/div>\n","protected":false},"excerpt":{"rendered":"<p>OPIS Serum za ciljano smanjenje stara\u010dkih pjega. Za ujedna\u010den, svje\u017e ten! Posebno na podru\u010djima ko\u017ee koja su izlo\u017eena intenzivnoj sun\u010devoj svjetlosti nastaju stara\u010dke pjege. Pigmentne mrlje na stra\u017enjoj strani \u0161ake, dekolteu i licu \u010desto \u010dine da ko\u017ea izgleda godinama starija. Mnoge \u017eene stoga \u017eele povratiti ujedna\u010den izgled ko\u017ee, a time i svje\u017eiji, mladolikiji sjaj. Inovativni [&hellip;]<\/p>\n","protected":false},"featured_media":1284,"template":"","meta":[],"product_cat":[28,29,78],"product_tag":[160],"class_list":{"0":"post-1283","1":"product","2":"type-product","3":"status-publish","4":"has-post-thumbnail","6":"product_cat-kozmeceutika","7":"product_cat-njegalica","8":"product_cat-svakitipkoze","9":"product_tag-serum-za-tamne-pjege","11":"first","12":"instock","13":"shipping-taxable","14":"product-type-simple"},"_links":{"self":[{"href":"https:\/\/relaxblog.radiopadrino.com\/index.php?rest_route=\/wp\/v2\/product\/1283","targetHints":{"allow":["GET"]}}],"collection":[{"href":"https:\/\/relaxblog.radiopadrino.com\/index.php?rest_route=\/wp\/v2\/product"}],"about":[{"href":"https:\/\/relaxblog.radiopadrino.com\/index.php?rest_route=\/wp\/v2\/types\/product"}],"wp:featuredmedia":[{"embeddable":true,"href":"https:\/\/relaxblog.radiopadrino.com\/index.php?rest_route=\/wp\/v2\/media\/1284"}],"wp:attachment":[{"href":"https:\/\/relaxblog.radiopadrino.com\/index.php?rest_route=%2Fwp%2Fv2%2Fmedia&parent=1283"}],"wp:term":[{"taxonomy":"product_cat","embeddable":true,"href":"https:\/\/relaxblog.radiopadrino.com\/index.php?rest_route=%2Fwp%2Fv2%2Fproduct_cat&post=1283"},{"taxonomy":"product_tag","embeddable":true,"href":"https:\/\/relaxblog.radiopadrino.com\/index.php?rest_route=%2Fwp%2Fv2%2Fproduct_tag&post=1283"}],"curies":[{"name":"wp","href":"https:\/\/api.w.org\/{rel}","templated":true}]}}