{"id":1295,"date":"2023-04-08T00:42:56","date_gmt":"2023-04-07T22:42:56","guid":{"rendered":"https:\/\/relaxblog.radiopadrino.com\/?post_type=product&#038;p=1295"},"modified":"2023-04-08T00:44:48","modified_gmt":"2023-04-07T22:44:48","slug":"lift-contour-cream-mask-200ml","status":"publish","type":"product","link":"https:\/\/relaxblog.radiopadrino.com\/?product=lift-contour-cream-mask-200ml","title":{"rendered":"Lift Contour Cream Mask 200ml"},"content":{"rendered":"<p>Lift Contour kremasta maska (regeneracija ko\u017ee)<\/p>\n<p>Ref.8510P-Proff. 200ml<\/p>\n<p><strong>Opis<\/strong><\/p>\n<p>Paket krema za u\u010dvr\u0161\u0107ivanje za regeneraciju ko\u017ee. Sa: ISIS, peptidima koji stimuli\u0161u elastin i bisabololom.<\/p>\n<p><strong>Sastojci<\/strong><\/p>\n<p>\u2022 ESP: peptidi koji stimuli\u0161u elastin; stimuli\u0161u sintezu elastina u fibroblastima, u\u010dvr\u0161\u0107uju strukturu vezivnog tkiva i podi\u017eu konture lica<\/p>\n<p>\u2022 Izostearil-izostearat: skra\u0107eno na ISIS; emolijens na bazi obnovljivih biljnih materijala; pobolj\u0161ava koheziju lipida u Stratum corneum i smanjuje transepidermalni gubitak vlage ko\u017ee<\/p>\n<p>\u2022 Bisabolol: Vodeni ekstrakt kamilice, smiruje ko\u017eu, ubla\u017eava crvenilo i svrab<\/p>\n<p>\u2022 Glicerin: trovalentni alkohol, sastojak biljnih lipida, vezuje vlagu, smanjuje transepidermalni gubitak vlage iz napaljene ko\u017ee<\/p>\n<p>Upotreba<\/p>\n<p>Nakon \u010di\u0161\u0107enja ko\u017ee i nakon nano\u0161enja seruma, rasporedite KREM MASKA ZA LICE na podru\u010dje ko\u017ee koje \u0107ete tretirati i ostaviti da djeluje do 20 minuta. Uklonite ostatke maske toplim oblozima. Zatim nanesite kremu za njegu koja odgovara tipu ko\u017ee.<\/p>\n<p>Savjet: Idealan i za tretiranje stra\u017enje strane \u0161aka.<\/p>\n","protected":false},"excerpt":{"rendered":"<p>Lift Contour kremasta maska (regeneracija ko\u017ee) Ref.8510P-Proff. 200ml Opis Paket krema za u\u010dvr\u0161\u0107ivanje za regeneraciju ko\u017ee. Sa: ISIS, peptidima koji stimuli\u0161u elastin i bisabololom. Sastojci \u2022 ESP: peptidi koji stimuli\u0161u elastin; stimuli\u0161u sintezu elastina u fibroblastima, u\u010dvr\u0161\u0107uju strukturu vezivnog tkiva i podi\u017eu konture lica \u2022 Izostearil-izostearat: skra\u0107eno na ISIS; emolijens na bazi obnovljivih biljnih materijala; [&hellip;]<\/p>\n","protected":false},"featured_media":1296,"template":"","meta":[],"product_cat":[28,29],"product_tag":[162],"class_list":{"0":"post-1295","1":"product","2":"type-product","3":"status-publish","4":"has-post-thumbnail","6":"product_cat-kozmeceutika","7":"product_cat-njegalica","8":"product_tag-kremasta-maska","10":"first","11":"instock","12":"shipping-taxable","13":"product-type-simple"},"_links":{"self":[{"href":"https:\/\/relaxblog.radiopadrino.com\/index.php?rest_route=\/wp\/v2\/product\/1295","targetHints":{"allow":["GET"]}}],"collection":[{"href":"https:\/\/relaxblog.radiopadrino.com\/index.php?rest_route=\/wp\/v2\/product"}],"about":[{"href":"https:\/\/relaxblog.radiopadrino.com\/index.php?rest_route=\/wp\/v2\/types\/product"}],"wp:featuredmedia":[{"embeddable":true,"href":"https:\/\/relaxblog.radiopadrino.com\/index.php?rest_route=\/wp\/v2\/media\/1296"}],"wp:attachment":[{"href":"https:\/\/relaxblog.radiopadrino.com\/index.php?rest_route=%2Fwp%2Fv2%2Fmedia&parent=1295"}],"wp:term":[{"taxonomy":"product_cat","embeddable":true,"href":"https:\/\/relaxblog.radiopadrino.com\/index.php?rest_route=%2Fwp%2Fv2%2Fproduct_cat&post=1295"},{"taxonomy":"product_tag","embeddable":true,"href":"https:\/\/relaxblog.radiopadrino.com\/index.php?rest_route=%2Fwp%2Fv2%2Fproduct_tag&post=1295"}],"curies":[{"name":"wp","href":"https:\/\/api.w.org\/{rel}","templated":true}]}}