{"id":1303,"date":"2023-04-08T00:53:47","date_gmt":"2023-04-07T22:53:47","guid":{"rendered":"https:\/\/relaxblog.radiopadrino.com\/?post_type=product&#038;p=1303"},"modified":"2023-04-08T00:56:05","modified_gmt":"2023-04-07T22:56:05","slug":"termo-peel-mask-cranberry-300gr","status":"publish","type":"product","link":"https:\/\/relaxblog.radiopadrino.com\/?product=termo-peel-mask-cranberry-300gr","title":{"rendered":"Termo peel mask \u201ccranberry\u201d 300gr"},"content":{"rendered":"<p><strong>Opis<\/strong><\/p>\n<p>Termalni piling i maska za njegu za zagla\u0111ivanje ko\u017ee. Sadr\u017ei prirodne komponente brusnice.<\/p>\n<p><strong>Sastojci<\/strong><\/p>\n<p>\u2022 Kaolin: upija, ljekovita zemlja<\/p>\n<p>\u2022 Pantenol: Umiruje ko\u017eu i regeneri\u0161e<\/p>\n<p>\u2022 Ekstrakt brusnice: Bogat polifenolima i tokotrienolima, pru\u017eaju\u0107i njegovu izuzetnu mo\u0107 kao \u010dista\u010d radikala; Sadr\u017eaj omega 3 i 6 (nezasi\u0107enih masnih kiselina) \u0161titi sposobnost ko\u017ee da zadr\u017ei vlagu, a njena antimikrobna svojstva se bore protiv ne\u010disto\u0107a<\/p>\n<p>\u2022 Granulat brusnice: medij za piling<\/p>\n<p>\u2022 Ulje sjemenki gro\u017e\u0111a: zagla\u0111uje i podi\u017ee ko\u017eu, regenerira<\/p>\n<p>\u2022 Zeolit: Hidrirani, kristalni aluminosilikata (sastoje se od aluminijum oksida i silicijum dioksida), koji se javljaju kao nusproizvodi vulkanskih stena kao rezultat hidrotermalnih promena. Stvara privremeni termalni efekat na ko\u017ei<\/p>\n<p>Upotreba<\/p>\n<p>Rasporedite Thermo Peel Mask Cranberry preko ko\u017ee na isti na\u010din kao u pakovanju i umasirajte vrhovima prstiju. Nakon \u201cpilinga\u201d cca. 3 minuta, ostavite kremastu pastu da ostane na ko\u017ei jo\u0161 5-10 minuta na isti na\u010din kao pakovanje za njegu.<\/p>\n","protected":false},"excerpt":{"rendered":"<p>Opis Termalni piling i maska za njegu za zagla\u0111ivanje ko\u017ee. Sadr\u017ei prirodne komponente brusnice. Sastojci \u2022 Kaolin: upija, ljekovita zemlja \u2022 Pantenol: Umiruje ko\u017eu i regeneri\u0161e \u2022 Ekstrakt brusnice: Bogat polifenolima i tokotrienolima, pru\u017eaju\u0107i njegovu izuzetnu mo\u0107 kao \u010dista\u010d radikala; Sadr\u017eaj omega 3 i 6 (nezasi\u0107enih masnih kiselina) \u0161titi sposobnost ko\u017ee da zadr\u017ei vlagu, a [&hellip;]<\/p>\n","protected":false},"featured_media":1304,"template":"","meta":[],"product_cat":[120],"product_tag":[165],"class_list":{"0":"post-1303","1":"product","2":"type-product","3":"status-publish","4":"has-post-thumbnail","6":"product_cat-pilingmaske","7":"product_tag-termo-piling","9":"first","10":"instock","11":"shipping-taxable","12":"product-type-simple"},"_links":{"self":[{"href":"https:\/\/relaxblog.radiopadrino.com\/index.php?rest_route=\/wp\/v2\/product\/1303","targetHints":{"allow":["GET"]}}],"collection":[{"href":"https:\/\/relaxblog.radiopadrino.com\/index.php?rest_route=\/wp\/v2\/product"}],"about":[{"href":"https:\/\/relaxblog.radiopadrino.com\/index.php?rest_route=\/wp\/v2\/types\/product"}],"wp:featuredmedia":[{"embeddable":true,"href":"https:\/\/relaxblog.radiopadrino.com\/index.php?rest_route=\/wp\/v2\/media\/1304"}],"wp:attachment":[{"href":"https:\/\/relaxblog.radiopadrino.com\/index.php?rest_route=%2Fwp%2Fv2%2Fmedia&parent=1303"}],"wp:term":[{"taxonomy":"product_cat","embeddable":true,"href":"https:\/\/relaxblog.radiopadrino.com\/index.php?rest_route=%2Fwp%2Fv2%2Fproduct_cat&post=1303"},{"taxonomy":"product_tag","embeddable":true,"href":"https:\/\/relaxblog.radiopadrino.com\/index.php?rest_route=%2Fwp%2Fv2%2Fproduct_tag&post=1303"}],"curies":[{"name":"wp","href":"https:\/\/api.w.org\/{rel}","templated":true}]}}