{"id":1311,"date":"2023-04-10T10:44:05","date_gmt":"2023-04-10T08:44:05","guid":{"rendered":"https:\/\/relaxblog.radiopadrino.com\/?post_type=product&#038;p=1311"},"modified":"2023-04-10T10:46:35","modified_gmt":"2023-04-10T08:46:35","slug":"melafadin-cleansing-powder-100g","status":"publish","type":"product","link":"https:\/\/relaxblog.radiopadrino.com\/?product=melafadin-cleansing-powder-100g","title":{"rendered":"Melafadin Cleansing Powder 100g"},"content":{"rendered":"<p><strong>OPIS<\/strong><br \/>\nBijeli puder za \u010di\u0161\u0107enje ugodnog mirisa sa \u010distim vitaminom C za efikasno posvjetljivanje ko\u017ee.<br \/>\n<strong>UPOTREBA<\/strong><br \/>\nSipajte prah na dlan i pomije\u0161ajte sa malo vode da se dobije kremasta pjena. Rasporedite po licu i vratu u smislu masa\u017ee \u010di\u0161\u0107enja. Operite sa puno vode ili vla\u017enom krpom za pranje. Redovno nanosite ujutru i uve\u010de za \u010di\u0161\u0107enje ko\u017ee.<\/p>\n<p>Savjet: Prije svega, \u201cobo\u017eavatelji sapuna\u201d koji vole kremastu pjenu za \u010di\u0161\u0107enje trebali bi \u010detkom razmutiti puder u pjenu s malo vode. Jo\u0161 intenzivniji u\u010dinak posti\u017ee se ako se za mije\u0161anje pudera za \u010di\u0161\u0107enje koristi Melafadin toner.<\/p>\n<p><strong>SASTOJCI<\/strong><br \/>\n\u2022 \u010cisti vitamin C: askorbinska kiselina, inhibira sazrevanje melanina<\/p>\n<p>\u2022 Kondenzat koji se sastoji od kokosove masne kiseline i aminokiseline: Tenzid za \u010di\u0161\u0107enje na bazi nadopunivih biljnih sirovina<\/p>\n<p>\u2022 Titanijum dioksid: Bijeli pigment za opti\u010dko posvjetljivanje ko\u017ee<\/p>\n<p>\u2022 Talk: upija<\/p>\n<p>\u2022 Silikonski prah: Nosa\u010d<\/p>\n<p>&nbsp;<\/p>\n<h3>TEHNI\u010cKI DETALJI<\/h3>\n<div class=\"mb-2\">\n<table class=\"table table-striped mt-3\">\n<tbody>\n<tr>\n<td class=\"col-md-4\"><strong>SADR\u017dAJ<\/strong><\/td>\n<td class=\"col-md-8\">100 g<\/td>\n<\/tr>\n<tr>\n<td class=\"col-md-4\"><strong>pH VRIJEDNOST<\/strong><\/td>\n<td class=\"col-md-8\"><\/td>\n<\/tr>\n<tr>\n<td class=\"col-md-4\"><strong>TIP KO\u017dE<\/strong><\/td>\n<td class=\"col-md-8\">SVIJETLA KO\u017dA<\/td>\n<\/tr>\n<tr>\n<td class=\"col-md-4\"><strong>TIP PROIZVODA<\/strong><\/td>\n<td class=\"col-md-8\">PUDER<\/td>\n<\/tr>\n<\/tbody>\n<\/table>\n<\/div>\n","protected":false},"excerpt":{"rendered":"<p>OPIS Bijeli puder za \u010di\u0161\u0107enje ugodnog mirisa sa \u010distim vitaminom C za efikasno posvjetljivanje ko\u017ee. UPOTREBA Sipajte prah na dlan i pomije\u0161ajte sa malo vode da se dobije kremasta pjena. Rasporedite po licu i vratu u smislu masa\u017ee \u010di\u0161\u0107enja. Operite sa puno vode ili vla\u017enom krpom za pranje. Redovno nanosite ujutru i uve\u010de za \u010di\u0161\u0107enje [&hellip;]<\/p>\n","protected":false},"featured_media":1312,"template":"","meta":[],"product_cat":[28,29,169],"product_tag":[170],"class_list":{"0":"post-1311","1":"product","2":"type-product","3":"status-publish","4":"has-post-thumbnail","6":"product_cat-kozmeceutika","7":"product_cat-njegalica","8":"product_cat-svijetlakoza","9":"product_tag-puder-za-izbjeljivanje","11":"first","12":"instock","13":"shipping-taxable","14":"product-type-simple"},"_links":{"self":[{"href":"https:\/\/relaxblog.radiopadrino.com\/index.php?rest_route=\/wp\/v2\/product\/1311","targetHints":{"allow":["GET"]}}],"collection":[{"href":"https:\/\/relaxblog.radiopadrino.com\/index.php?rest_route=\/wp\/v2\/product"}],"about":[{"href":"https:\/\/relaxblog.radiopadrino.com\/index.php?rest_route=\/wp\/v2\/types\/product"}],"wp:featuredmedia":[{"embeddable":true,"href":"https:\/\/relaxblog.radiopadrino.com\/index.php?rest_route=\/wp\/v2\/media\/1312"}],"wp:attachment":[{"href":"https:\/\/relaxblog.radiopadrino.com\/index.php?rest_route=%2Fwp%2Fv2%2Fmedia&parent=1311"}],"wp:term":[{"taxonomy":"product_cat","embeddable":true,"href":"https:\/\/relaxblog.radiopadrino.com\/index.php?rest_route=%2Fwp%2Fv2%2Fproduct_cat&post=1311"},{"taxonomy":"product_tag","embeddable":true,"href":"https:\/\/relaxblog.radiopadrino.com\/index.php?rest_route=%2Fwp%2Fv2%2Fproduct_tag&post=1311"}],"curies":[{"name":"wp","href":"https:\/\/api.w.org\/{rel}","templated":true}]}}