{"id":1369,"date":"2023-04-11T13:28:03","date_gmt":"2023-04-11T11:28:03","guid":{"rendered":"https:\/\/relaxblog.radiopadrino.com\/?post_type=product&#038;p=1369"},"modified":"2023-04-11T13:29:40","modified_gmt":"2023-04-11T11:29:40","slug":"calming-hydro-gel-50ml","status":"publish","type":"product","link":"https:\/\/relaxblog.radiopadrino.com\/?product=calming-hydro-gel-50ml","title":{"rendered":"Calming Hydro Gel 50ml"},"content":{"rendered":"<p><strong>OPIS<\/strong><br \/>\nSna\u017eno aktivno osvje\u017eenje i nje\u017ena njega ko\u017ee nakon brijanja. Umiruje iritiranu ko\u017eu nakon brijanja i intenzivno je vla\u017ei.<br \/>\nIzuzetno osvje\u017eavaju\u0107a i nje\u017ena njega ko\u017ee nakon brijanja. Umiruje iritiranu ko\u017eu nakon brijanja i intenzivno je vla\u017ei. Ovaj revitaliziraju\u0107i krem gel s ekskluzivnom formulom aktivnih sastojaka odmah se upija i djeluje umiruju\u0107e i izuzetno osvje\u017eavaju\u0107e: zajam\u010dena reaktivacija i revitalizacija.<\/p>\n<p><strong>UPOTREBA<\/strong><br \/>\nNanesite Calming Hydro Gel na o\u010di\u0161\u0107enu ko\u017eu ujutro i\/ili uve\u010de i ne\u017eno umasirajte. Tako\u0111e idealan kao tretman nakon brijanja.<\/p>\n<p><strong>SASTOJCI<\/strong><br \/>\n\u2022 Men\u00b4s SuperMoist: Sadr\u017ei klju\u010dne komponente prirodnog faktora hidratacije ko\u017ee (NMF); vla\u017ei; smanjuje bore uzrokovane suvom ko\u017eom<\/p>\n<p>\u2022 Hijaluronska kiselina kratkog i dugog lanca: intenzivno vla\u017ei i \u010duva ko\u017eu<\/p>\n<p>\u2022 Izorat saharida: Kompleks ugljenih hidrata identi\u010dan ko\u017ei koji obezbe\u0111uje trajni hidratantni tretman za ko\u017eu. 72 sata dugotrajnog efekta koji se posti\u017ee povezivanjem sa \u0107elijama keratinocita u ko\u017ei<\/p>\n<p>\u2022 Pantenol: pobolj\u0161ava regeneraciju ko\u017ee, ja\u010da prirodnu odbranu ko\u017ee, smanjuje iritaciju ko\u017ee, omek\u0161ava ko\u017eu<\/p>\n<p>\u2022 Men\u00b4s Ultra Calm: Sadr\u017ei ulje sjemenki crne ribizle, ekstrakt balonske biljke i nesapunibilne komponente suncokretovog ulja; bogat esencijalnim i nezasi\u0107enim masnim kiselinama, kao i fitosterolima; umiruje ko\u017eu nakon brijanja<\/p>\n<p>\u2022 Aloe Vera: Umiruje ko\u017eu i spre\u010dava crvenilo<\/p>\n<p>\u2022 Vitamin E acetat: \u010cista\u010d slobodnih radikala, spre\u010dava fotostarenje<\/p>\n<h3>TEHNI\u010cKI DETALJI<\/h3>\n<div class=\"mb-2\">\n<table class=\"table table-striped mt-3\">\n<tbody>\n<tr>\n<td class=\"col-md-4\"><strong>SADR\u017dAJ<\/strong><\/td>\n<td class=\"col-md-8\">50ml<\/td>\n<\/tr>\n<tr>\n<td class=\"col-md-4\"><strong>pH VRIJEDNOST<\/strong><\/td>\n<td class=\"col-md-8\">5.5<\/td>\n<\/tr>\n<tr>\n<td class=\"col-md-4\"><strong>TIP KO\u017dE<\/strong><\/td>\n<td class=\"col-md-8\">SVI TIPOVI KO\u017dE<\/td>\n<\/tr>\n<tr>\n<td class=\"col-md-4\"><strong>TIP PROIZVODA<\/strong><\/td>\n<td class=\"col-md-8\">GEL<\/td>\n<\/tr>\n<\/tbody>\n<\/table>\n<\/div>\n<p>&nbsp;<\/p>\n","protected":false},"excerpt":{"rendered":"<p>OPIS Sna\u017eno aktivno osvje\u017eenje i nje\u017ena njega ko\u017ee nakon brijanja. Umiruje iritiranu ko\u017eu nakon brijanja i intenzivno je vla\u017ei. Izuzetno osvje\u017eavaju\u0107a i nje\u017ena njega ko\u017ee nakon brijanja. Umiruje iritiranu ko\u017eu nakon brijanja i intenzivno je vla\u017ei. Ovaj revitaliziraju\u0107i krem gel s ekskluzivnom formulom aktivnih sastojaka odmah se upija i djeluje umiruju\u0107e i izuzetno osvje\u017eavaju\u0107e: zajam\u010dena [&hellip;]<\/p>\n","protected":false},"featured_media":1370,"template":"","meta":[],"product_cat":[28,177],"product_tag":[179],"class_list":{"0":"post-1369","1":"product","2":"type-product","3":"status-publish","4":"has-post-thumbnail","6":"product_cat-kozmeceutika","7":"product_cat-muskarci","8":"product_tag-hidro-gel","10":"first","11":"instock","12":"shipping-taxable","13":"product-type-simple"},"_links":{"self":[{"href":"https:\/\/relaxblog.radiopadrino.com\/index.php?rest_route=\/wp\/v2\/product\/1369","targetHints":{"allow":["GET"]}}],"collection":[{"href":"https:\/\/relaxblog.radiopadrino.com\/index.php?rest_route=\/wp\/v2\/product"}],"about":[{"href":"https:\/\/relaxblog.radiopadrino.com\/index.php?rest_route=\/wp\/v2\/types\/product"}],"wp:featuredmedia":[{"embeddable":true,"href":"https:\/\/relaxblog.radiopadrino.com\/index.php?rest_route=\/wp\/v2\/media\/1370"}],"wp:attachment":[{"href":"https:\/\/relaxblog.radiopadrino.com\/index.php?rest_route=%2Fwp%2Fv2%2Fmedia&parent=1369"}],"wp:term":[{"taxonomy":"product_cat","embeddable":true,"href":"https:\/\/relaxblog.radiopadrino.com\/index.php?rest_route=%2Fwp%2Fv2%2Fproduct_cat&post=1369"},{"taxonomy":"product_tag","embeddable":true,"href":"https:\/\/relaxblog.radiopadrino.com\/index.php?rest_route=%2Fwp%2Fv2%2Fproduct_tag&post=1369"}],"curies":[{"name":"wp","href":"https:\/\/api.w.org\/{rel}","templated":true}]}}