{"id":503,"date":"2022-04-05T05:39:11","date_gmt":"2022-04-05T03:39:11","guid":{"rendered":"https:\/\/relaxblog.radiopadrino.com\/?post_type=product&#038;p=503"},"modified":"2022-04-05T10:10:12","modified_gmt":"2022-04-05T08:10:12","slug":"soft-cleansing-mousse-150ml","status":"publish","type":"product","link":"https:\/\/relaxblog.radiopadrino.com\/?product=soft-cleansing-mousse-150ml","title":{"rendered":"Soft Cleansing Mousse 150ml"},"content":{"rendered":"<p><strong>OPIS<\/strong><br \/>\nBlaga pjena za \u010di\u0161\u0107enje za nje\u017eno i temeljno \u010di\u0161\u0107enje osjetljive ko\u017ee.<br \/>\nNje\u017ena pH-neutralna pjena za \u010di\u0161\u0107enje sa alantoinom umiruje nadra\u017eenu ko\u017eu i sprje\u010dava crvenilo ko\u017ee. Lagana, prozra\u010dna tekstura nje\u017eno \u010disti osjetljivu ko\u017eu bez nepotrebnog stresa. Za primjetno \u010dist i gipki osje\u0107aj na ko\u017ei!<\/p>\n<p><strong>UPOTREBA<\/strong><br \/>\nSvako jutro i ve\u010de uzmite malu koli\u010dinu pene (2-3 pumpice) i kru\u017enim pokretima nama\u017eite po licu, vratu i dekolteu. Zatim temeljno isperite mlakom vodom i tonizirajte mekim umiruju\u0107im tonikom.<\/p>\n<p><strong>SASTOJCI<\/strong><br \/>\n\u2022 Alantoin: Umiruje iritiranu ko\u017eu i spre\u010dava crvenilo<\/p>\n<p>&nbsp;<\/p>\n<h3><strong>TEHNI\u010cKI DETALJI<\/strong><\/h3>\n<div class=\"desccontainer mb-2 nottruncated\">\n<table class=\"table table-striped mt-3\">\n<tbody>\n<tr>\n<td class=\"col-md-4\"><strong>SADR\u017dAJ<\/strong><\/td>\n<td class=\"col-md-8\">150 ml<\/td>\n<\/tr>\n<tr>\n<td class=\"col-md-4\"><strong>pH VRIJEDNOST<\/strong><\/td>\n<td class=\"col-md-8\">5.5<\/td>\n<\/tr>\n<tr>\n<td class=\"col-md-4\"><strong>TIP KO\u017dE<\/strong><\/td>\n<td class=\"col-md-8\">OSJETLJIVA KO\u017dA<\/td>\n<\/tr>\n<tr>\n<td class=\"col-md-4\"><strong>VRSTA PROIZVODA<\/strong><\/td>\n<td class=\"col-md-8\">PJENA<\/td>\n<\/tr>\n<\/tbody>\n<\/table>\n<\/div>\n","protected":false},"excerpt":{"rendered":"<p>OPIS Blaga pjena za \u010di\u0161\u0107enje za nje\u017eno i temeljno \u010di\u0161\u0107enje osjetljive ko\u017ee. Nje\u017ena pH-neutralna pjena za \u010di\u0161\u0107enje sa alantoinom umiruje nadra\u017eenu ko\u017eu i sprje\u010dava crvenilo ko\u017ee. Lagana, prozra\u010dna tekstura nje\u017eno \u010disti osjetljivu ko\u017eu bez nepotrebnog stresa. Za primjetno \u010dist i gipki osje\u0107aj na ko\u017ei! UPOTREBA Svako jutro i ve\u010de uzmite malu koli\u010dinu pene (2-3 pumpice) [&hellip;]<\/p>\n","protected":false},"featured_media":504,"template":"","meta":[],"product_cat":[28,29,38],"product_tag":[39],"class_list":{"0":"post-503","1":"product","2":"type-product","3":"status-publish","4":"has-post-thumbnail","6":"product_cat-kozmeceutika","7":"product_cat-njegalica","8":"product_cat-osjetljivakoza","9":"product_tag-pjena-za-ciscenje-osjetljive-koze","11":"first","12":"instock","13":"shipping-taxable","14":"product-type-simple"},"_links":{"self":[{"href":"https:\/\/relaxblog.radiopadrino.com\/index.php?rest_route=\/wp\/v2\/product\/503","targetHints":{"allow":["GET"]}}],"collection":[{"href":"https:\/\/relaxblog.radiopadrino.com\/index.php?rest_route=\/wp\/v2\/product"}],"about":[{"href":"https:\/\/relaxblog.radiopadrino.com\/index.php?rest_route=\/wp\/v2\/types\/product"}],"wp:featuredmedia":[{"embeddable":true,"href":"https:\/\/relaxblog.radiopadrino.com\/index.php?rest_route=\/wp\/v2\/media\/504"}],"wp:attachment":[{"href":"https:\/\/relaxblog.radiopadrino.com\/index.php?rest_route=%2Fwp%2Fv2%2Fmedia&parent=503"}],"wp:term":[{"taxonomy":"product_cat","embeddable":true,"href":"https:\/\/relaxblog.radiopadrino.com\/index.php?rest_route=%2Fwp%2Fv2%2Fproduct_cat&post=503"},{"taxonomy":"product_tag","embeddable":true,"href":"https:\/\/relaxblog.radiopadrino.com\/index.php?rest_route=%2Fwp%2Fv2%2Fproduct_tag&post=503"}],"curies":[{"name":"wp","href":"https:\/\/api.w.org\/{rel}","templated":true}]}}