{"id":526,"date":"2022-04-05T06:28:25","date_gmt":"2022-04-05T04:28:25","guid":{"rendered":"https:\/\/relaxblog.radiopadrino.com\/?post_type=product&#038;p=526"},"modified":"2022-04-05T10:06:14","modified_gmt":"2022-04-05T08:06:14","slug":"purifying-tonic-lotion-500ml","status":"publish","type":"product","link":"https:\/\/relaxblog.radiopadrino.com\/?product=purifying-tonic-lotion-500ml","title":{"rendered":"Purifying Tonic Lotion 500ml"},"content":{"rendered":"<p><strong>OPIS<\/strong><br \/>\nTonik za regulaciju protoka sebuma za masnu ko\u017eu s mrljama. Sa ekstraktom kvasca za \u010distu, \u010distu ko\u017eu.<\/p>\n<p><strong>UPOTREBA<\/strong><br \/>\nIzlijte pro\u010di\u0161\u0107avaju\u0107i tonik losion na blazinicu od vate i nje\u017eno utrljajte po licu i vratu. Nanesite svaki put nakon \u010di\u0161\u0107enja Clarifying Cleansing Gelom.<\/p>\n<p><strong>SASTOJCI<\/strong><br \/>\n\u2022 Ekstrakt kvasca: Oboga\u0107en vitaminima B grupe i alantoinom, reguli\u0161e sebum<\/p>\n<p>\u2022 Alantoin: Podr\u017eava prirodnu regeneraciju ko\u017ee<\/p>\n<p>&nbsp;<\/p>\n<h3><strong>TEHNI\u010cKI DETALJI<\/strong><\/h3>\n<div class=\"desccontainer mb-2 nottruncated\">\n<table class=\"table table-striped mt-3\">\n<tbody>\n<tr>\n<td class=\"col-md-4\"><strong>SADR\u017dAJ<\/strong><\/td>\n<td class=\"col-md-8\">500 ml<\/td>\n<\/tr>\n<tr>\n<td class=\"col-md-4\"><strong>pH VRIJEDNOST<\/strong><\/td>\n<td class=\"col-md-8\">5.0<\/td>\n<\/tr>\n<tr>\n<td class=\"col-md-4\"><strong>TIP KO\u017dE<\/strong><\/td>\n<td class=\"col-md-8\">MASNA KO\u017dA<\/td>\n<\/tr>\n<tr>\n<td class=\"col-md-4\"><strong>VRSTA PROIZVODA<\/strong><\/td>\n<td class=\"col-md-8\">TONIK<\/td>\n<\/tr>\n<\/tbody>\n<\/table>\n<\/div>\n","protected":false},"excerpt":{"rendered":"<p>OPIS Tonik za regulaciju protoka sebuma za masnu ko\u017eu s mrljama. Sa ekstraktom kvasca za \u010distu, \u010distu ko\u017eu. UPOTREBA Izlijte pro\u010di\u0161\u0107avaju\u0107i tonik losion na blazinicu od vate i nje\u017eno utrljajte po licu i vratu. Nanesite svaki put nakon \u010di\u0161\u0107enja Clarifying Cleansing Gelom. SASTOJCI \u2022 Ekstrakt kvasca: Oboga\u0107en vitaminima B grupe i alantoinom, reguli\u0161e sebum \u2022 [&hellip;]<\/p>\n","protected":false},"featured_media":525,"template":"","meta":[],"product_cat":[28,45,29],"product_tag":[47],"class_list":{"0":"post-526","1":"product","2":"type-product","3":"status-publish","4":"has-post-thumbnail","6":"product_cat-kozmeceutika","7":"product_cat-masnakoza","8":"product_cat-njegalica","9":"product_tag-tonk-za-masnu-kozu","11":"first","12":"instock","13":"shipping-taxable","14":"product-type-simple"},"_links":{"self":[{"href":"https:\/\/relaxblog.radiopadrino.com\/index.php?rest_route=\/wp\/v2\/product\/526","targetHints":{"allow":["GET"]}}],"collection":[{"href":"https:\/\/relaxblog.radiopadrino.com\/index.php?rest_route=\/wp\/v2\/product"}],"about":[{"href":"https:\/\/relaxblog.radiopadrino.com\/index.php?rest_route=\/wp\/v2\/types\/product"}],"wp:featuredmedia":[{"embeddable":true,"href":"https:\/\/relaxblog.radiopadrino.com\/index.php?rest_route=\/wp\/v2\/media\/525"}],"wp:attachment":[{"href":"https:\/\/relaxblog.radiopadrino.com\/index.php?rest_route=%2Fwp%2Fv2%2Fmedia&parent=526"}],"wp:term":[{"taxonomy":"product_cat","embeddable":true,"href":"https:\/\/relaxblog.radiopadrino.com\/index.php?rest_route=%2Fwp%2Fv2%2Fproduct_cat&post=526"},{"taxonomy":"product_tag","embeddable":true,"href":"https:\/\/relaxblog.radiopadrino.com\/index.php?rest_route=%2Fwp%2Fv2%2Fproduct_tag&post=526"}],"curies":[{"name":"wp","href":"https:\/\/api.w.org\/{rel}","templated":true}]}}