{"id":535,"date":"2022-04-05T07:51:23","date_gmt":"2022-04-05T05:51:23","guid":{"rendered":"https:\/\/relaxblog.radiopadrino.com\/?post_type=product&#038;p=535"},"modified":"2022-04-05T10:04:07","modified_gmt":"2022-04-05T08:04:07","slug":"535","status":"publish","type":"product","link":"https:\/\/relaxblog.radiopadrino.com\/?product=535","title":{"rendered":"AHA Face Cream 50ml"},"content":{"rendered":"<p><strong>OPIS<\/strong><br \/>\nKrema sa vo\u0107nim kiselinama za masnu ko\u017eu sa flekama.<br \/>\nKrema sa vo\u0107nim kiselinama za masnu ko\u017eu sa flekama. Osloba\u0111a ko\u017eu od mrtvih \u0107elija, smanjuje mitesere i su\u017eava pore. Sadr\u017ei vo\u0107ne kiseline i hidratantno jedinjenje \u0161e\u0107era. Nanesite na lice nakon \u010di\u0161\u0107enja i ostavite da djeluje. Koristiti po mogu\u0107nosti uve\u010de. Idealan kada se koristi u kombinaciji sa Microsilver serumom. Preporu\u010dujemo kori\u0161tenje proizvoda na sljede\u0107i na\u010din:<\/p>\n<p>1) Microsilver Serum<\/p>\n<p>2) AHA krema za lice<\/p>\n<p>Napomena: Budite oprezni tokom dana kada izla\u017eete ko\u017eu UV-suncu \u2013 preporu\u010duje se upotreba Face Guard Advanced.<\/p>\n<p><strong>UPOTREBA<\/strong><br \/>\nNanesite AHA kremu za lice na o\u010di\u0161\u0107enu ko\u017eu i lagano umasirajte, najbolje uve\u010de.<\/p>\n<p>Savjet: Idealan u kombinaciji sa Microsilver serumom. Zatim preporu\u010dujemo kori\u0161tenje proizvoda na sljede\u0107i na\u010din:<\/p>\n<p>1. Microsilver Serum<\/p>\n<p>2. AHA krema za lice<\/p>\n<p>Napomena: tokom dana budite oprezni kada ko\u017eu izla\u017eete UV-suncu \u2013 koristite Face Guard Advanced.<\/p>\n<p><strong>SASTOJCI<\/strong><br \/>\n\u2022 Glikolna kiselina: prirodno se nalazi u, izme\u0111u ostalog, nezrelom gro\u017e\u0111u, soku \u0161e\u0107erne trske i \u0161e\u0107ernoj repi. Ima keratoliti\u010dko dejstvo<\/p>\n<p>\u2022 Jabu\u010dna kiselina: mo\u017ee se na\u0107i u nezrelim jabukama, ogrozda i drugom vo\u0107u \u2013 u ve\u0107oj koncentraciji ima i blago keratoliti\u010dko djelovanje<\/p>\n<p>\u2022 Vinska kiselina: vinska kiselina i njene soli se nalaze u izobilju u vinovoj lozi, gro\u017e\u0111u i li\u0161\u0107u vinove loze; ima blago keratoliti\u010dko dejstvo<\/p>\n<p>\u2022 Limunska kiselina: nalazi se u limunu, ali i u mnogim drugim plodovima; ima keratoliti\u010dko dejstvo<\/p>\n<p>\u2022 Izomerati saharida: supstanca koja zadr\u017eava vlagu na bazi prirodnih \u0161e\u0107era; prirodno se ve\u017ee za keratin ko\u017ee i smatra se &#8220;magnetom za vlagu&#8221;<\/p>\n<p>&nbsp;<\/p>\n<h3><strong>TEHNI\u010cKI DETALJI<\/strong><\/h3>\n<div class=\"desccontainer mb-2 nottruncated\">\n<table class=\"table table-striped mt-3\">\n<tbody>\n<tr>\n<td class=\"col-md-4\"><strong>SADR\u017dAJ<\/strong><\/td>\n<td class=\"col-md-8\">50 ml<\/td>\n<\/tr>\n<tr>\n<td class=\"col-md-4\"><strong>pH VRIJEDNOST<\/strong><\/td>\n<td class=\"col-md-8\">4.4<\/td>\n<\/tr>\n<tr>\n<td class=\"col-md-4\"><strong>TIP KO\u017dE<\/strong><\/td>\n<td class=\"col-md-8\">MASNA KO\u017dA<\/td>\n<\/tr>\n<tr>\n<td class=\"col-md-4\"><strong>VRSTA PROIZVODA<\/strong><\/td>\n<td class=\"col-md-8\">KREMA<\/td>\n<\/tr>\n<\/tbody>\n<\/table>\n<\/div>\n","protected":false},"excerpt":{"rendered":"<p>OPIS Krema sa vo\u0107nim kiselinama za masnu ko\u017eu sa flekama. Krema sa vo\u0107nim kiselinama za masnu ko\u017eu sa flekama. Osloba\u0111a ko\u017eu od mrtvih \u0107elija, smanjuje mitesere i su\u017eava pore. Sadr\u017ei vo\u0107ne kiseline i hidratantno jedinjenje \u0161e\u0107era. Nanesite na lice nakon \u010di\u0161\u0107enja i ostavite da djeluje. Koristiti po mogu\u0107nosti uve\u010de. Idealan kada se koristi u kombinaciji [&hellip;]<\/p>\n","protected":false},"featured_media":536,"template":"","meta":[],"product_cat":[28,45,29],"product_tag":[50],"class_list":{"0":"post-535","1":"product","2":"type-product","3":"status-publish","4":"has-post-thumbnail","6":"product_cat-kozmeceutika","7":"product_cat-masnakoza","8":"product_cat-njegalica","9":"product_tag-krema-sa-vocnim-kiselinama","11":"first","12":"instock","13":"shipping-taxable","14":"product-type-simple"},"_links":{"self":[{"href":"https:\/\/relaxblog.radiopadrino.com\/index.php?rest_route=\/wp\/v2\/product\/535","targetHints":{"allow":["GET"]}}],"collection":[{"href":"https:\/\/relaxblog.radiopadrino.com\/index.php?rest_route=\/wp\/v2\/product"}],"about":[{"href":"https:\/\/relaxblog.radiopadrino.com\/index.php?rest_route=\/wp\/v2\/types\/product"}],"wp:featuredmedia":[{"embeddable":true,"href":"https:\/\/relaxblog.radiopadrino.com\/index.php?rest_route=\/wp\/v2\/media\/536"}],"wp:attachment":[{"href":"https:\/\/relaxblog.radiopadrino.com\/index.php?rest_route=%2Fwp%2Fv2%2Fmedia&parent=535"}],"wp:term":[{"taxonomy":"product_cat","embeddable":true,"href":"https:\/\/relaxblog.radiopadrino.com\/index.php?rest_route=%2Fwp%2Fv2%2Fproduct_cat&post=535"},{"taxonomy":"product_tag","embeddable":true,"href":"https:\/\/relaxblog.radiopadrino.com\/index.php?rest_route=%2Fwp%2Fv2%2Fproduct_tag&post=535"}],"curies":[{"name":"wp","href":"https:\/\/api.w.org\/{rel}","templated":true}]}}