{"id":538,"date":"2022-04-05T07:54:00","date_gmt":"2022-04-05T05:54:00","guid":{"rendered":"https:\/\/relaxblog.radiopadrino.com\/?post_type=product&#038;p=538"},"modified":"2022-04-05T10:03:09","modified_gmt":"2022-04-05T08:03:09","slug":"normalizing-skin-complex-30ml","status":"publish","type":"product","link":"https:\/\/relaxblog.radiopadrino.com\/?product=normalizing-skin-complex-30ml","title":{"rendered":"Normalizing Skin Complex 30ml"},"content":{"rendered":"<p><strong>OPIS<\/strong><br \/>\nVisoko dozirani koncentrat aktivne tvari za lokalni tretman o\u0161te\u0107ene ko\u017ee.<br \/>\nMasnoj ko\u017ei potrebna je posebna pa\u017enja \u2013 tim vi\u0161e ako je sklona postojanim i zalijepljenim komedonima, miteserima i pustulama. Krema za negu specifi\u010dnog tipa ko\u017ee \u010desto nije dovoljna. Normalizing Skin Complex je visoko efikasan koncentrat aktivnih sastojaka za lokalnu primjenu i usmjeren na borbu protiv ne\u010disto\u0107a ko\u017ee. Lagana formula sadr\u017ei salicilnu kiselinu koja otvara pore, opu\u0161ta mrtve \u0107elije ko\u017ee, omek\u0161ava komedone i na kraju ih potpuno uklanja. Kompleks aktivnih sastojaka protiv sebuma s oleanolnom kiselinom smanjuje prekomjernu proizvodnju sebuma i ima antibakterijski u\u010dinak. Ekstrakt aloe vere djeluje umiruju\u0107e, \u010disti ko\u017eu i hidratizira.<\/p>\n<p>&nbsp;<\/p>\n<p>Klini\u010dka studija pokazuje da se ve\u0107 nakon \u0161est tjedana primjenom dva puta dnevno pojavljuje vidljivo pobolj\u0161anje masne i o\u0161te\u0107ene ko\u017ee: smanjuje se proizvodnja sebuma, zna\u010dajno se smanjuje broj komedona i pustula, a zna\u010dajno opada i sklonost upalama.<\/p>\n<p><strong>UPOTREBA<\/strong><br \/>\nKompleks za normalizaciju ko\u017ee nanosi se direktno na masnu ko\u017eu i postoje\u0107e ili nastaju\u0107e fleke na ko\u017ei po potrebi i lagano umasira. Nakon nekoliko minuta koristite npr. Clarifying Cream Gel kao lagana 24h njega.<\/p>\n<p>&nbsp;<\/p>\n<p>Usput: Djelovanje koncentrata ispitano je pod medicinskom, dermatolo\u0161kom kontrolom Instituta Dermatest\u00ae (ukupna ocjena: JAKO DOBRO).<\/p>\n<p><strong>SASTOJCI<\/strong><br \/>\n&#8211; Kompleks aktivnih sastojaka protiv sebuma: sadr\u017ei ekstrakt listova masline (oleanolna kiselina), smanjuje prekomjernu proizvodnju sebuma, ima keratoliti\u010dko i baktericidno djelovanje.<\/p>\n<p>&#8211; Salicilna kiselina: otvara pore, otapa mrtve \u0107elije ko\u017ee na povr\u0161ini, omek\u0161ava komedone (keratoliti\u010dki)<\/p>\n<p>&#8211; Ekstrakt aloe vere: umiruje, \u010disti ko\u017eu, hidratizira<\/p>\n<p>&#8211; Ekstrakt crvenih algi (Condrus Crispus): hidratizira<\/p>\n<p>&nbsp;<\/p>\n<h3><strong>TEHNI\u010cKI DETALJI<\/strong><\/h3>\n<div class=\"desccontainer mb-2 nottruncated\">\n<table class=\"table table-striped mt-3\">\n<tbody>\n<tr>\n<td class=\"col-md-4\"><strong>SADR\u017dAJ<\/strong><\/td>\n<td class=\"col-md-8\">30 ml<\/td>\n<\/tr>\n<tr>\n<td class=\"col-md-4\"><strong>pH VRIJEDNOST<\/strong><\/td>\n<td class=\"col-md-8\">4.8<\/td>\n<\/tr>\n<tr>\n<td class=\"col-md-4\"><strong>TIP KO\u017dE<\/strong><\/td>\n<td class=\"col-md-8\">MASNA KO\u017dA<\/td>\n<\/tr>\n<tr>\n<td class=\"col-md-4\"><strong>VRSTA PROIZVODA<\/strong><\/td>\n<td class=\"col-md-8\">SERUM<\/td>\n<\/tr>\n<\/tbody>\n<\/table>\n<\/div>\n","protected":false},"excerpt":{"rendered":"<p>OPIS Visoko dozirani koncentrat aktivne tvari za lokalni tretman o\u0161te\u0107ene ko\u017ee. Masnoj ko\u017ei potrebna je posebna pa\u017enja \u2013 tim vi\u0161e ako je sklona postojanim i zalijepljenim komedonima, miteserima i pustulama. Krema za negu specifi\u010dnog tipa ko\u017ee \u010desto nije dovoljna. Normalizing Skin Complex je visoko efikasan koncentrat aktivnih sastojaka za lokalnu primjenu i usmjeren na borbu [&hellip;]<\/p>\n","protected":false},"featured_media":539,"template":"","meta":[],"product_cat":[28,45,29],"product_tag":[51],"class_list":{"0":"post-538","1":"product","2":"type-product","3":"status-publish","4":"has-post-thumbnail","6":"product_cat-kozmeceutika","7":"product_cat-masnakoza","8":"product_cat-njegalica","9":"product_tag-serum-za-masnu-kozu","11":"first","12":"instock","13":"shipping-taxable","14":"product-type-simple"},"_links":{"self":[{"href":"https:\/\/relaxblog.radiopadrino.com\/index.php?rest_route=\/wp\/v2\/product\/538","targetHints":{"allow":["GET"]}}],"collection":[{"href":"https:\/\/relaxblog.radiopadrino.com\/index.php?rest_route=\/wp\/v2\/product"}],"about":[{"href":"https:\/\/relaxblog.radiopadrino.com\/index.php?rest_route=\/wp\/v2\/types\/product"}],"wp:featuredmedia":[{"embeddable":true,"href":"https:\/\/relaxblog.radiopadrino.com\/index.php?rest_route=\/wp\/v2\/media\/539"}],"wp:attachment":[{"href":"https:\/\/relaxblog.radiopadrino.com\/index.php?rest_route=%2Fwp%2Fv2%2Fmedia&parent=538"}],"wp:term":[{"taxonomy":"product_cat","embeddable":true,"href":"https:\/\/relaxblog.radiopadrino.com\/index.php?rest_route=%2Fwp%2Fv2%2Fproduct_cat&post=538"},{"taxonomy":"product_tag","embeddable":true,"href":"https:\/\/relaxblog.radiopadrino.com\/index.php?rest_route=%2Fwp%2Fv2%2Fproduct_tag&post=538"}],"curies":[{"name":"wp","href":"https:\/\/api.w.org\/{rel}","templated":true}]}}