{"id":597,"date":"2022-04-07T01:31:07","date_gmt":"2022-04-06T23:31:07","guid":{"rendered":"https:\/\/relaxblog.radiopadrino.com\/?post_type=product&#038;p=597"},"modified":"2022-04-07T01:31:08","modified_gmt":"2022-04-06T23:31:08","slug":"luxury-oil-cleanser-100ml","status":"publish","type":"product","link":"https:\/\/relaxblog.radiopadrino.com\/?product=luxury-oil-cleanser-100ml","title":{"rendered":"Luxury Oil Cleanser 100ml"},"content":{"rendered":"<p><strong>OPIS<\/strong><br \/>\nUlje za \u010di\u0161\u0107enje sa 100% prirodnim uljima sa zlatnim sjajem za temeljno \u010di\u0161\u0107enje ko\u017ee.<br \/>\nUlje za \u010di\u0161\u0107enje sa 100% prirodnim uljima koje ima zlatni sjaj i temeljito uklanja \u010dak i vodootpornu \u0161minku s o\u010diju. Zahvaljuju\u0107i visokom sadr\u017eaju omega-3 i omega-6 masnih kiselina koje sadr\u017ei, ulje Gold of Pleasure zagla\u0111uje ko\u017eu i \u010dini je mekom i glatkom.<\/p>\n<p><strong>UPOTREBA<\/strong><br \/>\nLuxury Oil Cleanser nanesite na ko\u017eu, rasporedite po licu, emulgirajte vla\u017enim prstima i uklonite mlakom vodom. Zatim isperite ko\u017eu micelarnim tonikom za ko\u017eu.<\/p>\n<p><strong>SASTOJCI<\/strong><br \/>\n\u2022 Gold of Pleasure Oil: (INCI: Camelina Sativa Oil) je engleski naziv za zlatno \u017euto ulje, koje je kod nas poznato kao ulje kameline. Bogata je nezasi\u0107enim omega-3 i omega-6 masnim kiselinama, zagla\u0111uje ko\u017eu i \u010dini je gipkom<\/p>\n<p>\u2022 Neven rastvorljiv u ulju: sadr\u017ei lipofilne sastojke i arome cvetova nevena (flavonoide, karotenoide); njeguje suhu, grubu i ljuskavu ko\u017eu<\/p>\n<p>\u2022 Glicerol ester kokosove masne kiseline: hidrofilno ulje biljnog porijekla; koristi se kao emulgator, kombinuje vodu i mast<\/p>\n<p>&nbsp;<\/p>\n<h3><strong>TEHNI\u010cKI DETALJI<\/strong><\/h3>\n<div class=\"desccontainer mb-2 nottruncated\">\n<table class=\"table table-striped mt-3\">\n<tbody>\n<tr>\n<td class=\"col-md-4\"><strong>SADR\u017dAJ<\/strong><\/td>\n<td class=\"col-md-8\">\u00a0100 ml<\/td>\n<\/tr>\n<tr>\n<td class=\"col-md-4\"><strong>pH VRIJEDNOST<\/strong><\/td>\n<td class=\"col-md-8\"><\/td>\n<\/tr>\n<tr>\n<td class=\"col-md-4\"><strong>TIP KO\u017dEK<\/strong><\/td>\n<td class=\"col-md-8\">\u00a0ZRELA KO\u017dA<\/td>\n<\/tr>\n<tr>\n<td class=\"col-md-4\"><strong>VRSTA PROIZVODA<\/strong><\/td>\n<td class=\"col-md-8\">ULJE ZA \u010cI\u0160\u0106ENJE<\/td>\n<\/tr>\n<\/tbody>\n<\/table>\n<\/div>\n","protected":false},"excerpt":{"rendered":"<p>OPIS Ulje za \u010di\u0161\u0107enje sa 100% prirodnim uljima sa zlatnim sjajem za temeljno \u010di\u0161\u0107enje ko\u017ee. Ulje za \u010di\u0161\u0107enje sa 100% prirodnim uljima koje ima zlatni sjaj i temeljito uklanja \u010dak i vodootpornu \u0161minku s o\u010diju. Zahvaljuju\u0107i visokom sadr\u017eaju omega-3 i omega-6 masnih kiselina koje sadr\u017ei, ulje Gold of Pleasure zagla\u0111uje ko\u017eu i \u010dini je mekom [&hellip;]<\/p>\n","protected":false},"featured_media":598,"template":"","meta":[],"product_cat":[28,66],"product_tag":[69],"class_list":{"0":"post-597","1":"product","2":"type-product","3":"status-publish","4":"has-post-thumbnail","6":"product_cat-kozmeceutika","7":"product_cat-zrelakoza","8":"product_tag-ulje-za-ciscenje","10":"first","11":"instock","12":"shipping-taxable","13":"product-type-simple"},"_links":{"self":[{"href":"https:\/\/relaxblog.radiopadrino.com\/index.php?rest_route=\/wp\/v2\/product\/597","targetHints":{"allow":["GET"]}}],"collection":[{"href":"https:\/\/relaxblog.radiopadrino.com\/index.php?rest_route=\/wp\/v2\/product"}],"about":[{"href":"https:\/\/relaxblog.radiopadrino.com\/index.php?rest_route=\/wp\/v2\/types\/product"}],"wp:featuredmedia":[{"embeddable":true,"href":"https:\/\/relaxblog.radiopadrino.com\/index.php?rest_route=\/wp\/v2\/media\/598"}],"wp:attachment":[{"href":"https:\/\/relaxblog.radiopadrino.com\/index.php?rest_route=%2Fwp%2Fv2%2Fmedia&parent=597"}],"wp:term":[{"taxonomy":"product_cat","embeddable":true,"href":"https:\/\/relaxblog.radiopadrino.com\/index.php?rest_route=%2Fwp%2Fv2%2Fproduct_cat&post=597"},{"taxonomy":"product_tag","embeddable":true,"href":"https:\/\/relaxblog.radiopadrino.com\/index.php?rest_route=%2Fwp%2Fv2%2Fproduct_tag&post=597"}],"curies":[{"name":"wp","href":"https:\/\/api.w.org\/{rel}","templated":true}]}}