{"id":601,"date":"2022-04-07T01:37:45","date_gmt":"2022-04-06T23:37:45","guid":{"rendered":"https:\/\/relaxblog.radiopadrino.com\/?post_type=product&#038;p=601"},"modified":"2022-04-07T01:37:45","modified_gmt":"2022-04-06T23:37:45","slug":"perfect-lift-cream-150ml","status":"publish","type":"product","link":"https:\/\/relaxblog.radiopadrino.com\/?product=perfect-lift-cream-150ml","title":{"rendered":"Perfect Lift Cream 150ml"},"content":{"rendered":"<p><strong>OPIS<\/strong><br \/>\nKrema protiv starenja za zagla\u0111ivanje ko\u017ee za zrelu ko\u017eu.<br \/>\nKrema protiv starenja za zrelu ko\u017eu koja zagla\u0111uje ko\u017eu s kompleksom \u0107elijske regeneracije ekstrakta crvene djeteline i kombu\u010de. Kompleks visokih performansi osigurava sveobuhvatnu regeneraciju ko\u017ee, zagla\u0111uje je i poja\u010dava njen sjaj. Hijaluronska kiselina kratkog i dugog lanca daje intenzivnu vlagu i odmah \u010dini ten zategnutijim.<\/p>\n<p><strong>UPOTREBA<\/strong><br \/>\nNanesite Perfect Lift Cream ujutro i\/ili uve\u010de na o\u010di\u0161\u0107enu ko\u017eu lica i dekoltea.<\/p>\n<p>Savjet: Idealan kao podloga za \u0161minku!<\/p>\n<p>Napomena: Face Guard Advanced pru\u017ea efikasnu za\u0161titu od UV zra\u010denja. Tokom dana mo\u017eete nanijeti ovu ultra laganu emulziju ispod Perfect lifting kreme.<\/p>\n<p><strong>SASTOJCI<\/strong><br \/>\n\u2022 CRC (kompleks \u0107elijske regeneracije):<\/p>\n<p>&#8211; Ekstrakt crvene djeteline: bogat izoflavonima, smanjuje nabore, u\u010dvr\u0161\u0107uje ko\u017eu, vla\u017ei<\/p>\n<p>&#8211; Kombucha: fermentisani crni \u010daj, zagla\u0111uje ko\u017eu zahvaljuju\u0107i efektu lipo-fillinga, pobolj\u0161ava blistavost i daje rumeni ten<\/p>\n<p>\u2022 Vitamin A \u2013 Palmitat: Stimuli\u0161e aktivnost \u0107elija i podsti\u010de regeneraciju ko\u017ee<\/p>\n<p>\u2022 Hijaluronska kiselina dugih i kratkih lanaca: hidratizira i ve\u017ee. Idealan za zrelu ko\u017eu koja pokazuje tragove malih nabora<\/p>\n<p>\u2022 Izomerati saharida: supstanca na bazi vlage na bazi prirodnih \u0161e\u0107era, deluje kao magnet za vlagu, vla\u017ei i vezuje vlagu u gornjim slojevima ko\u017ee<\/p>\n<p>\u2022 Skvalen: Hrani ko\u017eu i \u0161titi je od dehidracije<\/p>\n<p>\u2022 Ulje makadamije: Prirodno ulje za njegu<\/p>\n<p>&nbsp;<\/p>\n<h3><strong>TEHNI\u010cKI DETALJI<\/strong><\/h3>\n<div class=\"desccontainer mb-2 nottruncated\">\n<table class=\"table table-striped mt-3\">\n<tbody>\n<tr>\n<td class=\"col-md-4\"><strong>SADR\u017dAJ<\/strong><\/td>\n<td class=\"col-md-8\">\u00a0150 ml<\/td>\n<\/tr>\n<tr>\n<td class=\"col-md-4\"><strong>pH VRIJEDNOST<\/strong><\/td>\n<td class=\"col-md-8\">6.4<\/td>\n<\/tr>\n<tr>\n<td class=\"col-md-4\"><strong>TIP KO\u017dEK<\/strong><\/td>\n<td class=\"col-md-8\">\u00a0ZRELA KO\u017dA<\/td>\n<\/tr>\n<tr>\n<td class=\"col-md-4\"><strong>VRSTA PROIZVODA<\/strong><\/td>\n<td class=\"col-md-8\">KREMA<\/td>\n<\/tr>\n<\/tbody>\n<\/table>\n<\/div>\n","protected":false},"excerpt":{"rendered":"<p>OPIS Krema protiv starenja za zagla\u0111ivanje ko\u017ee za zrelu ko\u017eu. Krema protiv starenja za zrelu ko\u017eu koja zagla\u0111uje ko\u017eu s kompleksom \u0107elijske regeneracije ekstrakta crvene djeteline i kombu\u010de. Kompleks visokih performansi osigurava sveobuhvatnu regeneraciju ko\u017ee, zagla\u0111uje je i poja\u010dava njen sjaj. Hijaluronska kiselina kratkog i dugog lanca daje intenzivnu vlagu i odmah \u010dini ten zategnutijim. [&hellip;]<\/p>\n","protected":false},"featured_media":602,"template":"","meta":[],"product_cat":[28,66],"product_tag":[71],"class_list":{"0":"post-601","1":"product","2":"type-product","3":"status-publish","4":"has-post-thumbnail","6":"product_cat-kozmeceutika","7":"product_cat-zrelakoza","8":"product_tag-lifting-krema-za-zrelu-kozu","10":"first","11":"instock","12":"shipping-taxable","13":"product-type-simple"},"_links":{"self":[{"href":"https:\/\/relaxblog.radiopadrino.com\/index.php?rest_route=\/wp\/v2\/product\/601","targetHints":{"allow":["GET"]}}],"collection":[{"href":"https:\/\/relaxblog.radiopadrino.com\/index.php?rest_route=\/wp\/v2\/product"}],"about":[{"href":"https:\/\/relaxblog.radiopadrino.com\/index.php?rest_route=\/wp\/v2\/types\/product"}],"wp:featuredmedia":[{"embeddable":true,"href":"https:\/\/relaxblog.radiopadrino.com\/index.php?rest_route=\/wp\/v2\/media\/602"}],"wp:attachment":[{"href":"https:\/\/relaxblog.radiopadrino.com\/index.php?rest_route=%2Fwp%2Fv2%2Fmedia&parent=601"}],"wp:term":[{"taxonomy":"product_cat","embeddable":true,"href":"https:\/\/relaxblog.radiopadrino.com\/index.php?rest_route=%2Fwp%2Fv2%2Fproduct_cat&post=601"},{"taxonomy":"product_tag","embeddable":true,"href":"https:\/\/relaxblog.radiopadrino.com\/index.php?rest_route=%2Fwp%2Fv2%2Fproduct_tag&post=601"}],"curies":[{"name":"wp","href":"https:\/\/api.w.org\/{rel}","templated":true}]}}