{"id":617,"date":"2022-04-07T02:09:16","date_gmt":"2022-04-07T00:09:16","guid":{"rendered":"https:\/\/relaxblog.radiopadrino.com\/?post_type=product&#038;p=617"},"modified":"2022-04-07T02:09:17","modified_gmt":"2022-04-07T00:09:17","slug":"instant-lift-serum-50ml","status":"publish","type":"product","link":"https:\/\/relaxblog.radiopadrino.com\/?product=instant-lift-serum-50ml","title":{"rendered":"Instant Lift Serum 50ml"},"content":{"rendered":"<p><strong>OPIS<\/strong><br \/>\nTrenuta\u010dno efikasan lifting serum za zrelu ko\u017eu. Sa revitaliziraju\u0107im kompleksom \u0107elijske regeneracije i morskim kolagenom za toniranje ko\u017ee.<br \/>\nTrenuta\u010dno efikasan lifting serum za zrelu ko\u017eu. Visoko koncentrirana formula s kompleksom za regeneraciju stanica od ekstrakta crvene djeteline i kombu\u010de, kao i morski kolagen, daje ko\u017ei novi sjaj i svje\u017einu u samo nekoliko minuta, a istovremeno osigurava sveobuhvatnu regeneraciju ko\u017ee.<\/p>\n<p><strong>UPOTREBA<\/strong><br \/>\nNanesite Instant Lift Serum po potrebi ujutro i uve\u010de na o\u010di\u0161\u0107enu ko\u017eu lica. Zatim preko njega mo\u017eete nanijeti svoju uobi\u010dajenu kremu za njegu.<\/p>\n<p>Savjet: Prije uobi\u010dajene njege konture o\u010diju, Instant Lift Serum se mo\u017ee nanijeti do o\u010diju.<\/p>\n<p><strong>SASTOJCI<\/strong><br \/>\n\u2022 CRC (kompleks \u0107elijske regeneracije):<\/p>\n<p>&#8211; Ekstrakt crvene djeteline: bogat izoflavonima, smanjuje nabore, u\u010dvr\u0161\u0107uje ko\u017eu, vla\u017ei<\/p>\n<p>&#8211; Kombucha: fermentisani crni \u010daj, zagla\u0111uje ko\u017eu zahvaljuju\u0107i efektu lipo-fillinga, pobolj\u0161ava blistavost i daje rumeni ten<\/p>\n<p>\u2022 Morski kolagen: Pru\u017ea odmah vidljivo u\u010dvr\u0161\u0107ivanje ko\u017ee, pobolj\u0161ava stanje suhe i zrele ko\u017ee, stvara film i smanjuje transepidermalni gubitak vode<\/p>\n<p>&nbsp;<\/p>\n<h3><strong>TEHNI\u010cKI DETALJI<\/strong><\/h3>\n<div class=\"desccontainer mb-2 nottruncated\">\n<table class=\"table table-striped mt-3\">\n<tbody>\n<tr>\n<td class=\"col-md-4\"><strong>SADR\u017dAJ<\/strong><\/td>\n<td class=\"col-md-8\">\u00a050 ml<\/td>\n<\/tr>\n<tr>\n<td class=\"col-md-4\"><strong>pH VRIJEDNOST<\/strong><\/td>\n<td class=\"col-md-8\">4.9<\/td>\n<\/tr>\n<tr>\n<td class=\"col-md-4\"><strong>TIP KO\u017dEK<\/strong><\/td>\n<td class=\"col-md-8\">\u00a0ZRELA KO\u017dA<\/td>\n<\/tr>\n<tr>\n<td class=\"col-md-4\"><strong>VRSTA PROIZVODA<\/strong><\/td>\n<td class=\"col-md-8\">SERUM<\/td>\n<\/tr>\n<\/tbody>\n<\/table>\n<\/div>\n","protected":false},"excerpt":{"rendered":"<p>OPIS Trenuta\u010dno efikasan lifting serum za zrelu ko\u017eu. Sa revitaliziraju\u0107im kompleksom \u0107elijske regeneracije i morskim kolagenom za toniranje ko\u017ee. Trenuta\u010dno efikasan lifting serum za zrelu ko\u017eu. Visoko koncentrirana formula s kompleksom za regeneraciju stanica od ekstrakta crvene djeteline i kombu\u010de, kao i morski kolagen, daje ko\u017ei novi sjaj i svje\u017einu u samo nekoliko minuta, a [&hellip;]<\/p>\n","protected":false},"featured_media":618,"template":"","meta":[],"product_cat":[28,66],"product_tag":[77],"class_list":{"0":"post-617","1":"product","2":"type-product","3":"status-publish","4":"has-post-thumbnail","6":"product_cat-kozmeceutika","7":"product_cat-zrelakoza","8":"product_tag-instant-serum","10":"first","11":"instock","12":"shipping-taxable","13":"product-type-simple"},"_links":{"self":[{"href":"https:\/\/relaxblog.radiopadrino.com\/index.php?rest_route=\/wp\/v2\/product\/617","targetHints":{"allow":["GET"]}}],"collection":[{"href":"https:\/\/relaxblog.radiopadrino.com\/index.php?rest_route=\/wp\/v2\/product"}],"about":[{"href":"https:\/\/relaxblog.radiopadrino.com\/index.php?rest_route=\/wp\/v2\/types\/product"}],"wp:featuredmedia":[{"embeddable":true,"href":"https:\/\/relaxblog.radiopadrino.com\/index.php?rest_route=\/wp\/v2\/media\/618"}],"wp:attachment":[{"href":"https:\/\/relaxblog.radiopadrino.com\/index.php?rest_route=%2Fwp%2Fv2%2Fmedia&parent=617"}],"wp:term":[{"taxonomy":"product_cat","embeddable":true,"href":"https:\/\/relaxblog.radiopadrino.com\/index.php?rest_route=%2Fwp%2Fv2%2Fproduct_cat&post=617"},{"taxonomy":"product_tag","embeddable":true,"href":"https:\/\/relaxblog.radiopadrino.com\/index.php?rest_route=%2Fwp%2Fv2%2Fproduct_tag&post=617"}],"curies":[{"name":"wp","href":"https:\/\/api.w.org\/{rel}","templated":true}]}}