{"id":624,"date":"2022-04-07T02:21:47","date_gmt":"2022-04-07T00:21:47","guid":{"rendered":"https:\/\/relaxblog.radiopadrino.com\/?post_type=product&#038;p=624"},"modified":"2022-04-07T02:21:48","modified_gmt":"2022-04-07T00:21:48","slug":"caviar-luxury-cream-50ml","status":"publish","type":"product","link":"https:\/\/relaxblog.radiopadrino.com\/?product=caviar-luxury-cream-50ml","title":{"rendered":"Caviar Luxury Cream 50ml"},"content":{"rendered":"<p><strong>OPIS<\/strong><br \/>\nCrno zlato za ko\u017eu: Bogata njega protiv starenja sa ekstraktom kavijara. Do\u017eivite luksuz uz izuzetne efekte ove kreme za zagla\u0111ivanje i regeneraciju ko\u017ee.<br \/>\nCrno zlato za ko\u017eu: Bogati luksuzni tretman daje ko\u017ei izvanredan sjaj. Ekstrakt kavijara protiv starenja daje mu gladak izgled. Ponovo dobija ve\u0107i volumen. Linije i bore izgledaju podstavljene. Prirodna regeneracija ko\u017ee je oja\u010dana i podr\u017eana.<\/p>\n<p><strong>UPOTREBA<\/strong><br \/>\nNanesite ujutro i uve\u010de na o\u010di\u0161\u0107enu ko\u017eu i lagano umasirajte.<\/p>\n<p><strong>SAVJET:<\/strong> U kombinaciji sa ampulom ekstrakta kavijara, aktivni ekstrakti posti\u017eu intenzivnu sinergiju sa odmah vidljivim efektom zagla\u0111ivanja ko\u017ee.<\/p>\n<p><strong>SASTOJCI<\/strong><br \/>\n\u2022 Ekstrakt kavijara: Bogat aminokiselinama, vitaminima i lipidima. Ko\u017ea je za\u0161ti\u0107ena od slobodnih radikala i opskrbljena vrijednim hranjivim tvarima i vlagom<\/p>\n<p>\u2022 Ekstrakt kvasca: Bogat oligo i polisaharidima; stimulira sintezu sidrenih proteina (kolagen tipa IV i VII) u dermo-epidermalnom spojnom sloju i na taj na\u010din smanjuje volumen i dubinu ko\u017enih nabora<\/p>\n<p>\u2022 Dugolan\u010dana hijaluronska kiselina: Deluje na gornje slojeve epidermalne ko\u017ee. Nadokna\u0111uje nedostatak vlage i smanjuje povr\u0161inske bore uzrokovane suvom ko\u017eom<\/p>\n<p>\u2022 Hijaluronska kiselina kratkog lanca: Prodire dublje u epidermalne slojeve ko\u017ee. Tamo se mo\u017ee pohraniti i uzrokuje dodatni u\u010dinak punjenja iznutra prema van<\/p>\n<p>\u2022 Izorat saharida: Hidratantna krema od prirodnih \u0161e\u0107era. Ovo stvara prirodnu vezu sa keratinom ko\u017ee i stoga se naziva i &#8220;magnetom za vlagu&#8221;.<\/p>\n<p>\u2022 Ekstrakt svile: Za nje\u017enu, svilenkastu ko\u017eu<\/p>\n<p>\u2022 Vitamin E acetat: hvata\u010di radikala<\/p>\n<p>&nbsp;<\/p>\n<h3><strong>TEHNI\u010cKI DETALJI<\/strong><\/h3>\n<div class=\"desccontainer mb-2 nottruncated\">\n<table class=\"table table-striped mt-3\">\n<tbody>\n<tr>\n<td class=\"col-md-4\"><strong>SADR\u017dAJ<\/strong><\/td>\n<td class=\"col-md-8\">\u00a050 ml<\/td>\n<\/tr>\n<tr>\n<td class=\"col-md-4\"><strong>pH VRIJEDNOST<\/strong><\/td>\n<td class=\"col-md-8\">4.7<\/td>\n<\/tr>\n<tr>\n<td class=\"col-md-4\"><strong>TIP KO\u017dEK<\/strong><\/td>\n<td class=\"col-md-8\">\u00a0SVAKI TIP KO\u017dE<\/td>\n<\/tr>\n<tr>\n<td class=\"col-md-4\"><strong>VRSTA PROIZVODA<\/strong><\/td>\n<td class=\"col-md-8\">KREMA<\/td>\n<\/tr>\n<\/tbody>\n<\/table>\n<\/div>\n","protected":false},"excerpt":{"rendered":"<p>OPIS Crno zlato za ko\u017eu: Bogata njega protiv starenja sa ekstraktom kavijara. Do\u017eivite luksuz uz izuzetne efekte ove kreme za zagla\u0111ivanje i regeneraciju ko\u017ee. Crno zlato za ko\u017eu: Bogati luksuzni tretman daje ko\u017ei izvanredan sjaj. Ekstrakt kavijara protiv starenja daje mu gladak izgled. Ponovo dobija ve\u0107i volumen. Linije i bore izgledaju podstavljene. Prirodna regeneracija ko\u017ee [&hellip;]<\/p>\n","protected":false},"featured_media":625,"template":"","meta":[],"product_cat":[28,78],"product_tag":[81],"class_list":{"0":"post-624","1":"product","2":"type-product","3":"status-publish","4":"has-post-thumbnail","6":"product_cat-kozmeceutika","7":"product_cat-svakitipkoze","8":"product_tag-krema-sa-kavijarom","10":"first","11":"instock","12":"shipping-taxable","13":"product-type-simple"},"_links":{"self":[{"href":"https:\/\/relaxblog.radiopadrino.com\/index.php?rest_route=\/wp\/v2\/product\/624","targetHints":{"allow":["GET"]}}],"collection":[{"href":"https:\/\/relaxblog.radiopadrino.com\/index.php?rest_route=\/wp\/v2\/product"}],"about":[{"href":"https:\/\/relaxblog.radiopadrino.com\/index.php?rest_route=\/wp\/v2\/types\/product"}],"wp:featuredmedia":[{"embeddable":true,"href":"https:\/\/relaxblog.radiopadrino.com\/index.php?rest_route=\/wp\/v2\/media\/625"}],"wp:attachment":[{"href":"https:\/\/relaxblog.radiopadrino.com\/index.php?rest_route=%2Fwp%2Fv2%2Fmedia&parent=624"}],"wp:term":[{"taxonomy":"product_cat","embeddable":true,"href":"https:\/\/relaxblog.radiopadrino.com\/index.php?rest_route=%2Fwp%2Fv2%2Fproduct_cat&post=624"},{"taxonomy":"product_tag","embeddable":true,"href":"https:\/\/relaxblog.radiopadrino.com\/index.php?rest_route=%2Fwp%2Fv2%2Fproduct_tag&post=624"}],"curies":[{"name":"wp","href":"https:\/\/api.w.org\/{rel}","templated":true}]}}