{"id":631,"date":"2022-04-07T08:46:45","date_gmt":"2022-04-07T06:46:45","guid":{"rendered":"https:\/\/relaxblog.radiopadrino.com\/?post_type=product&#038;p=631"},"modified":"2022-04-07T08:46:45","modified_gmt":"2022-04-07T06:46:45","slug":"sensational-glow-cream-100ml","status":"publish","type":"product","link":"https:\/\/relaxblog.radiopadrino.com\/?product=sensational-glow-cream-100ml","title":{"rendered":"Sensational Glow Cream 100ml"},"content":{"rendered":"<p><strong>OPIS<\/strong><br \/>\nOva krema za njegu koja traje 24 sata daje ko\u017ei dugotrajan mladala\u010dki i svje\u017e sjaj. Njegova intenzivno hidratantna formula za ljepotu sadr\u017ei dvostruku hijaluronsku kiselinu, pigmente Soft Focus i inovativni ekstrakt algi iz Indijskog okeana.<br \/>\nOva 24h hranljiva krema daje ko\u017ei dugotrajan mladala\u010dki i svje\u017e sjaj. Njegova intenzivno hidratantna formula za ljepotu sadr\u017ei dvostruku hijaluronsku kiselinu, pigmente Soft Focus i inovativni ekstrakt algi iz Indijskog okeana za koji je dokazano da ko\u017ei daje obnovljeni sjaj.<\/p>\n<p><strong>UPOTREBA<\/strong><br \/>\nUjutro i uve\u010de nanesite Sensational Glow Cream na o\u010di\u0161\u0107enu ko\u017eu i nje\u017eno umasirajte. Idealno koristite u kombinaciji sa Magic Glow serumom ujutro.<\/p>\n<p><strong>SASTOJCI<\/strong><br \/>\n\u2022 Ekstrakt algi Indijskog okeana: pokazalo se da Bacillus ferment pobolj\u0161ava sjaj ko\u017ee za 28% nakon 28 dana. Tako\u0111er pobolj\u0161ava hidrataciju ko\u017ee i smanjuje transepidermalni gubitak vode (TEWL), kao i pove\u0107ava \u010dvrsto\u0107u ko\u017ee<\/p>\n<p>\u2022 Equal-Refining Complex: kombinacija oleanolne kiseline i ekstrakta kore Enantia Chlorantha smanjuje masni sjaj i smanjuje pore<\/p>\n<p>\u2022 Hijaluronska kiselina sa dugim i kratkim lancima: Uklanja fine linije i bore<\/p>\n<p>\u2022 Saharid izomerat: kompleks ugljenih hidrata identi\u010dan ko\u017ei za dugotrajnu hidrataciju ko\u017ee (72-satni dugotrajni efekat)<\/p>\n<p>\u2022 Aloe Vera: Vla\u017ee i okrepljuje<\/p>\n<p>\u2022 Alantoin: suzbija upalu i umiruje ko\u017eu<\/p>\n<p>\u2022 Kofein: Podr\u017eava mikrocirkulaciju ko\u017ee sa okrepljuju\u0107im efektom<\/p>\n<p>\u2022 Niacinamid: Ja\u010da ko\u017enu barijeru i spre\u010dava upalu<\/p>\n<p>\u2022 Shea puter: Hrani ko\u017eu i podr\u017eava njenu za\u0161titnu funkciju<\/p>\n<p>\u2022 Soft Focus Pigmenti: Vizuelno smanjuju fine linije i bore<\/p>\n<p>&nbsp;<\/p>\n<h3><strong>TEHNI\u010cKI DETALJI<\/strong><\/h3>\n<div class=\"desccontainer mb-2 nottruncated\">\n<table class=\"table table-striped mt-3\">\n<tbody>\n<tr>\n<td class=\"col-md-4\"><strong>SADR\u017dAJ<\/strong><\/td>\n<td class=\"col-md-8\">\u00a0100 ml<\/td>\n<\/tr>\n<tr>\n<td class=\"col-md-4\"><strong>pH VRIJEDNOST<\/strong><\/td>\n<td class=\"col-md-8\">6.5<\/td>\n<\/tr>\n<tr>\n<td class=\"col-md-4\"><strong>TIP KO\u017dEK<\/strong><\/td>\n<td class=\"col-md-8\">\u00a0SVAKI TIP KO\u017dE<\/td>\n<\/tr>\n<tr>\n<td class=\"col-md-4\"><strong>VRSTA PROIZVODA<\/strong><\/td>\n<td class=\"col-md-8\">KREMA<\/td>\n<\/tr>\n<\/tbody>\n<\/table>\n<\/div>\n","protected":false},"excerpt":{"rendered":"<p>OPIS Ova krema za njegu koja traje 24 sata daje ko\u017ei dugotrajan mladala\u010dki i svje\u017e sjaj. Njegova intenzivno hidratantna formula za ljepotu sadr\u017ei dvostruku hijaluronsku kiselinu, pigmente Soft Focus i inovativni ekstrakt algi iz Indijskog okeana. Ova 24h hranljiva krema daje ko\u017ei dugotrajan mladala\u010dki i svje\u017e sjaj. Njegova intenzivno hidratantna formula za ljepotu sadr\u017ei dvostruku [&hellip;]<\/p>\n","protected":false},"featured_media":630,"template":"","meta":[],"product_cat":[28,78],"product_tag":[83],"class_list":{"0":"post-631","1":"product","2":"type-product","3":"status-publish","4":"has-post-thumbnail","6":"product_cat-kozmeceutika","7":"product_cat-svakitipkoze","8":"product_tag-krema-za-sjaj-koze","10":"first","11":"instock","12":"shipping-taxable","13":"product-type-simple"},"_links":{"self":[{"href":"https:\/\/relaxblog.radiopadrino.com\/index.php?rest_route=\/wp\/v2\/product\/631","targetHints":{"allow":["GET"]}}],"collection":[{"href":"https:\/\/relaxblog.radiopadrino.com\/index.php?rest_route=\/wp\/v2\/product"}],"about":[{"href":"https:\/\/relaxblog.radiopadrino.com\/index.php?rest_route=\/wp\/v2\/types\/product"}],"wp:featuredmedia":[{"embeddable":true,"href":"https:\/\/relaxblog.radiopadrino.com\/index.php?rest_route=\/wp\/v2\/media\/630"}],"wp:attachment":[{"href":"https:\/\/relaxblog.radiopadrino.com\/index.php?rest_route=%2Fwp%2Fv2%2Fmedia&parent=631"}],"wp:term":[{"taxonomy":"product_cat","embeddable":true,"href":"https:\/\/relaxblog.radiopadrino.com\/index.php?rest_route=%2Fwp%2Fv2%2Fproduct_cat&post=631"},{"taxonomy":"product_tag","embeddable":true,"href":"https:\/\/relaxblog.radiopadrino.com\/index.php?rest_route=%2Fwp%2Fv2%2Fproduct_tag&post=631"}],"curies":[{"name":"wp","href":"https:\/\/api.w.org\/{rel}","templated":true}]}}