{"id":632,"date":"2022-04-07T08:49:09","date_gmt":"2022-04-07T06:49:09","guid":{"rendered":"https:\/\/relaxblog.radiopadrino.com\/?post_type=product&#038;p=632"},"modified":"2022-04-07T08:49:10","modified_gmt":"2022-04-07T06:49:10","slug":"magic-glow-serum-30ml","status":"publish","type":"product","link":"https:\/\/relaxblog.radiopadrino.com\/?product=magic-glow-serum-30ml","title":{"rendered":"Magic Glow Serum 30ml"},"content":{"rendered":"<p><strong>OPIS<\/strong><br \/>\nTrenuta\u010dno vidljiv sjaj ko\u017ei daje svje\u017e, prirodan sjaj. Hidratantna hijaluronska kiselina i Soft Focus pigmenti koji reflektuju svjetlost.<br \/>\nTrenuta\u010dno vidljiv sjaj ko\u017ei daje svje\u017e, prirodan sjaj. Hidratantna hijaluronska kiselina i Soft Focus pigmenti koji reflektuju svjetlost prikrivaju bore, daju\u0107i tenu prirodan, svje\u017e izgled. Pogodan i kao highlighter. Nanesite na lice ujutro nakon \u010di\u0161\u0107enja. Mo\u017ee se nanositi i lokalno kao highlighter na pojedina\u010dne dijelove ko\u017ee. Idealan i kao prajmer prije nano\u0161enja \u0161minke.<\/p>\n<p><strong>UPOTREBA<\/strong><br \/>\nNanesite na lice ujutro nakon \u010di\u0161\u0107enja.<\/p>\n<p><strong>SAVJET:<\/strong> Mo\u017ee se nanositi i lokalno na pojedina\u010dne dijelove ko\u017ee kao highlighter. Idealan i kao prajmer prije nano\u0161enja \u0161minke.<\/p>\n<p><strong>SASTOJCI<\/strong><br \/>\n\u2022 Ekstrakt algi Indijskog okeana: pokazalo se da Bacillus ferment pobolj\u0161ava sjaj ko\u017ee za 28% nakon 28 dana. Tako\u0111er pobolj\u0161ava hidrataciju ko\u017ee i smanjuje transepidermalni gubitak vode (TEWL), kao i pove\u0107ava \u010dvrsto\u0107u ko\u017ee<\/p>\n<p>\u2022 Equal-Refining Complex: Kombinacija oleanolne kiseline i ekstrakta kore Enantia Chlorantha smanjuje masni sjaj i smanjuje pore. Ko\u017ea je blistava, ali ne i sjajna<\/p>\n<p>\u2022 Hijaluronska kiselina sa dugim i kratkim lancima: Uklanja fine linije i bore<\/p>\n<p>\u2022 Saharidni izorat: kompleks ugljenih hidrata identi\u010dan ko\u017ei za dugotrajnu hidrataciju ko\u017ee (72-satni dugotrajni efekat)<\/p>\n<p>\u2022 Kofein: Podr\u017eava cirkulaciju krvi i osna\u017euje<\/p>\n<p>\u2022 Chondrus Crispus: Ekstrakt algi koji vla\u017ei i \u0161titi<\/p>\n<p>\u2022 Niacinamid: Ja\u010da ko\u017enu barijeru i smanjuje upalu<\/p>\n<p>\u2022 Kombinacija Soft Focus Pigmenata: Soft-focus pigmenti vizualno smanjuju fine linije i bore<\/p>\n<p>&nbsp;<\/p>\n<h3><strong>TEHNI\u010cKI DETALJI<\/strong><\/h3>\n<div class=\"desccontainer mb-2 nottruncated\">\n<table class=\"table table-striped mt-3\">\n<tbody>\n<tr>\n<td class=\"col-md-4\"><strong>SADR\u017dAJ<\/strong><\/td>\n<td class=\"col-md-8\">\u00a030 ml<\/td>\n<\/tr>\n<tr>\n<td class=\"col-md-4\"><strong>pH VRIJEDNOST<\/strong><\/td>\n<td class=\"col-md-8\">6.5<\/td>\n<\/tr>\n<tr>\n<td class=\"col-md-4\"><strong>TIP KO\u017dEK<\/strong><\/td>\n<td class=\"col-md-8\">\u00a0SVAKI TIP KO\u017dE<\/td>\n<\/tr>\n<tr>\n<td class=\"col-md-4\"><strong>VRSTA PROIZVODA<\/strong><\/td>\n<td class=\"col-md-8\">SERUM<\/td>\n<\/tr>\n<\/tbody>\n<\/table>\n<\/div>\n","protected":false},"excerpt":{"rendered":"<p>OPIS Trenuta\u010dno vidljiv sjaj ko\u017ei daje svje\u017e, prirodan sjaj. Hidratantna hijaluronska kiselina i Soft Focus pigmenti koji reflektuju svjetlost. Trenuta\u010dno vidljiv sjaj ko\u017ei daje svje\u017e, prirodan sjaj. Hidratantna hijaluronska kiselina i Soft Focus pigmenti koji reflektuju svjetlost prikrivaju bore, daju\u0107i tenu prirodan, svje\u017e izgled. Pogodan i kao highlighter. Nanesite na lice ujutro nakon \u010di\u0161\u0107enja. Mo\u017ee [&hellip;]<\/p>\n","protected":false},"featured_media":633,"template":"","meta":[],"product_cat":[28,78],"product_tag":[84],"class_list":{"0":"post-632","1":"product","2":"type-product","3":"status-publish","4":"has-post-thumbnail","6":"product_cat-kozmeceutika","7":"product_cat-svakitipkoze","8":"product_tag-serum-za-sjaj-koze","10":"first","11":"instock","12":"shipping-taxable","13":"product-type-simple"},"_links":{"self":[{"href":"https:\/\/relaxblog.radiopadrino.com\/index.php?rest_route=\/wp\/v2\/product\/632","targetHints":{"allow":["GET"]}}],"collection":[{"href":"https:\/\/relaxblog.radiopadrino.com\/index.php?rest_route=\/wp\/v2\/product"}],"about":[{"href":"https:\/\/relaxblog.radiopadrino.com\/index.php?rest_route=\/wp\/v2\/types\/product"}],"wp:featuredmedia":[{"embeddable":true,"href":"https:\/\/relaxblog.radiopadrino.com\/index.php?rest_route=\/wp\/v2\/media\/633"}],"wp:attachment":[{"href":"https:\/\/relaxblog.radiopadrino.com\/index.php?rest_route=%2Fwp%2Fv2%2Fmedia&parent=632"}],"wp:term":[{"taxonomy":"product_cat","embeddable":true,"href":"https:\/\/relaxblog.radiopadrino.com\/index.php?rest_route=%2Fwp%2Fv2%2Fproduct_cat&post=632"},{"taxonomy":"product_tag","embeddable":true,"href":"https:\/\/relaxblog.radiopadrino.com\/index.php?rest_route=%2Fwp%2Fv2%2Fproduct_tag&post=632"}],"curies":[{"name":"wp","href":"https:\/\/api.w.org\/{rel}","templated":true}]}}