{"id":643,"date":"2022-04-07T13:06:34","date_gmt":"2022-04-07T11:06:34","guid":{"rendered":"https:\/\/relaxblog.radiopadrino.com\/?post_type=product&#038;p=643"},"modified":"2022-04-07T13:06:34","modified_gmt":"2022-04-07T11:06:34","slug":"detox-cream-200ml","status":"publish","type":"product","link":"https:\/\/relaxblog.radiopadrino.com\/?product=detox-cream-200ml","title":{"rendered":"Detox Cream | 200ml"},"content":{"rendered":"<p><strong>OPIS<\/strong><br \/>\nBogata krema za njegu s aktivnim sastojcima za podr\u0161ku \u0107elijskim sistemima detoksikacije. Za blistav i ujedna\u010den ten!<br \/>\nSvi pri\u010daju o detoksikaciji! Ali ne samo prehrana mo\u017ee doprinijeti detoksikaciji stanica. Zahvaljuju\u0107i visoko efikasnim aktivnim supstancama, DETOX CREAM podr\u017eava sopstvene sisteme detoksikacije \u0107elija i spre\u010dava oksidativno o\u0161te\u0107enje \u0107elija. Bogata tekstura sa sadr\u017eajem lipida od 31% savr\u0161ena je za suhu ko\u017eu. DETOX CREAM sadr\u017ei dva inovativna aktivna sastojka dobijena od kvasca i avokada, za koje je dokazano da pove\u0107avaju nivo aktivnosti \u0107elija. Podr\u017eavaju se mehanizmi pro\u010di\u0161\u0107avanja ko\u017ee, a naslage se razgra\u0111uju. Vitamin C izopalmitat i vitamin E acetat tako\u0111er \u0161tite ko\u017eu od oksidativnog stresa. Ve\u0107 nakon kratke, redovne primjene, stara\u010dke pjege se smanjuju, a ten postaje vidljivo svje\u017eiji i revitaliziran. Rezultat: ujedna\u010den i mladala\u010dki blistav ten!<\/p>\n<p><strong>UPOTREBA<\/strong><br \/>\nDETOX CREAM se nanosi ujutro i\/ili uve\u010de nakon \u010di\u0161\u0107enja lica i ne\u017eno umasira.<\/p>\n<p>Savjet: Za efikasnu za\u0161titu ko\u017ee tokom dana od UV zra\u010denja, a time i prijevremenog starenja ko\u017ee, nanesite laganu Face Guard Advanced emulziju ispod DETOX KREMU tokom dana.<\/p>\n<p><strong>SASTOJCI<\/strong><br \/>\n\u2022 Peptid avokada: Reciklira otpadne proizvode \u0107elija kako bi formirao novu energiju; aktivnost proteasoma je dokazano pove\u0107ana; stimulira se cijepanje stani\u010dnih toksina i njihova transformacija u elemente za zdrave nove proteine<\/p>\n<p>\u2022 Ekstrakt kvasca sa polisaharidom \u03b1-glukanom: Provjerljivo pove\u0107ava aktivnost autofagije za razgradnju otpadnih produkata stanica; smanjuje oboga\u0107ivanje kompleksa proteinske membrane lipofuscinom, \u010dime se smanjuju stara\u010dke pjege; pove\u0107ava refleksiju svjetlosti i ostavlja ko\u017eu glatkom uz svje\u017eiji sjaj<\/p>\n<p>\u2022 Vitamin E acetat: vitamin E rastvorljiv u ulju u stabilizovanom obliku; lako prodire u ko\u017eu i slu\u017ei kao \u010dista\u010d radikala; posebno \u0161titi lipidne membrane od oksidacije; preventivna za\u0161tita \u0107elija od preranog starenja ko\u017ee<\/p>\n<p>\u2022 Vitamin C izopalmitat: vitamin C rastvorljiv u vodi u stabilizovanom obliku; lako prodire u ko\u017eu i slu\u017ei kao \u010dista\u010d radikala; posebno \u0161titi proteine \u200b\u200bod oksidativnog o\u0161te\u0107enja ko\u017ee<\/p>\n<p>\u2022 Hijaluronska kiselina dugog i kratkog lanca: Izuzetno hidratizira i zadr\u017eava vlagu; visok kapacitet vezivanja vlage<\/p>\n<p>\u2022 Prava japanska svila: Posjeduje strukturu sli\u010dnu strukturi ko\u017ee; brzo se apsorbira; \u0161titi od isu\u0161ivanja; ostavlja ko\u017eu gipkom i mekom<\/p>\n<p>\u2022 Saharidni izorat: supstanca koja zadr\u017eava vlagu dobijena od prirodnih \u0161e\u0107era; \u010dvrsto je vezan za keratin ko\u017ee i dovodi do optimalne hidratacije ko\u017ee zahvaljuju\u0107i svom vrlo dobrom kapacitetu vezivanja vlage<\/p>\n<p>\u2022 Izostearil-izostearat: Skra\u0107eno na ISIS, omek\u0161iva\u010d na bazi nadopunivih biljnih sirovina; pobolj\u0161ava koheziju lipida u ro\u017enatom sloju (Stratum corneum) i smanjuje transepidermalni gubitak vode ko\u017ee<\/p>\n<p>&nbsp;<\/p>\n<h3><strong>TEHNI\u010cKI DETALJI<\/strong><\/h3>\n<div class=\"desccontainer mb-2 nottruncated\">\n<table class=\"table table-striped mt-3\">\n<tbody>\n<tr>\n<td class=\"col-md-4\"><strong>SADR\u017dAJ<\/strong><\/td>\n<td class=\"col-md-8\">\u00a0200 ml<\/td>\n<\/tr>\n<tr>\n<td class=\"col-md-4\"><strong>pH VRIJEDNOST<\/strong><\/td>\n<td class=\"col-md-8\">4.8<\/td>\n<\/tr>\n<tr>\n<td class=\"col-md-4\"><strong>TIP KO\u017dEK<\/strong><\/td>\n<td class=\"col-md-8\">\u00a0SVAKI TIP KO\u017dE<\/td>\n<\/tr>\n<tr>\n<td class=\"col-md-4\"><strong>VRSTA PROIZVODA<\/strong><\/td>\n<td class=\"col-md-8\">KREMA<\/td>\n<\/tr>\n<\/tbody>\n<\/table>\n<\/div>\n","protected":false},"excerpt":{"rendered":"<p>OPIS Bogata krema za njegu s aktivnim sastojcima za podr\u0161ku \u0107elijskim sistemima detoksikacije. Za blistav i ujedna\u010den ten! Svi pri\u010daju o detoksikaciji! Ali ne samo prehrana mo\u017ee doprinijeti detoksikaciji stanica. Zahvaljuju\u0107i visoko efikasnim aktivnim supstancama, DETOX CREAM podr\u017eava sopstvene sisteme detoksikacije \u0107elija i spre\u010dava oksidativno o\u0161te\u0107enje \u0107elija. Bogata tekstura sa sadr\u017eajem lipida od 31% savr\u0161ena [&hellip;]<\/p>\n","protected":false},"featured_media":641,"template":"","meta":[],"product_cat":[28,78],"product_tag":[87],"class_list":{"0":"post-643","1":"product","2":"type-product","3":"status-publish","4":"has-post-thumbnail","6":"product_cat-kozmeceutika","7":"product_cat-svakitipkoze","8":"product_tag-krema-za-detoksikaciju","10":"first","11":"instock","12":"shipping-taxable","13":"product-type-simple"},"_links":{"self":[{"href":"https:\/\/relaxblog.radiopadrino.com\/index.php?rest_route=\/wp\/v2\/product\/643","targetHints":{"allow":["GET"]}}],"collection":[{"href":"https:\/\/relaxblog.radiopadrino.com\/index.php?rest_route=\/wp\/v2\/product"}],"about":[{"href":"https:\/\/relaxblog.radiopadrino.com\/index.php?rest_route=\/wp\/v2\/types\/product"}],"wp:featuredmedia":[{"embeddable":true,"href":"https:\/\/relaxblog.radiopadrino.com\/index.php?rest_route=\/wp\/v2\/media\/641"}],"wp:attachment":[{"href":"https:\/\/relaxblog.radiopadrino.com\/index.php?rest_route=%2Fwp%2Fv2%2Fmedia&parent=643"}],"wp:term":[{"taxonomy":"product_cat","embeddable":true,"href":"https:\/\/relaxblog.radiopadrino.com\/index.php?rest_route=%2Fwp%2Fv2%2Fproduct_cat&post=643"},{"taxonomy":"product_tag","embeddable":true,"href":"https:\/\/relaxblog.radiopadrino.com\/index.php?rest_route=%2Fwp%2Fv2%2Fproduct_tag&post=643"}],"curies":[{"name":"wp","href":"https:\/\/api.w.org\/{rel}","templated":true}]}}