{"id":668,"date":"2022-04-08T08:23:35","date_gmt":"2022-04-08T06:23:35","guid":{"rendered":"https:\/\/relaxblog.radiopadrino.com\/?post_type=product&#038;p=668"},"modified":"2022-04-08T08:23:35","modified_gmt":"2022-04-08T06:23:35","slug":"skin-contour-fluid-25-x-2ml","status":"publish","type":"product","link":"https:\/\/relaxblog.radiopadrino.com\/?product=skin-contour-fluid-25-x-2ml","title":{"rendered":"Skin Contour Fluid 25 x 2ml"},"content":{"rendered":"<p><strong>OPIS<\/strong><br \/>\nKoncentrat za u\u010dvr\u0161\u0107ivanje ko\u017ee sa peptidima koji stimuli\u0161u elastin.<\/p>\n<p><strong>UPOTREBA<\/strong><br \/>\nNje\u017eno rasporedite Skin Contour Fluid po ko\u017ei nakon \u010di\u0161\u0107enja ko\u017ee. Da biste to u\u010dinili, umotajte vrh ampule u papirni ubrus prije nego \u0161to odvojite vrh i sipate sadr\u017eaj na dlan. Zatim ravnomjerno rasporedite teku\u0107inu po licu i vratu i nje\u017eno utrljajte. Samo za vanjsku upotrebu.<\/p>\n<p><strong>SASTOJCI<\/strong><br \/>\n\u2022 ESP: peptidi koji stimuli\u0161u elastin; podsti\u010du sintezu elastina u fibroblastima, ja\u010daju strukturu vezivnog tkiva i podi\u017eu konture lica<\/p>\n<p>\u2022 SORR biljni ekstrakt: visoko aktivan ekstrakt koji se sastoji od Siegesbeckia orientalis i Rabdosia rubescens; djeluje umiruju\u0107e i djeluje kao antioksidans; podsti\u010de ujedna\u010deniji i blistaviji ten<\/p>\n<p>\u2022 Saharid izomerat: kompleks ugljenih hidrata; vezuje se za keratin u ko\u017ei i vrlo efikasno hidrira ko\u017eu zahvaljuju\u0107i svojim odli\u010dnim svojstvima vezanja vode<\/p>\n<p>\u2022 Dugolan\u010dana hijaluronska kiselina: Hrani, vla\u017ei i zagla\u0111uje ko\u017eu<\/p>\n<p>&nbsp;<\/p>\n<h3><strong>TEHNI\u010cKI DETALJI<\/strong><\/h3>\n<div class=\"desccontainer mb-2 nottruncated\">\n<table class=\"table table-striped mt-3\">\n<tbody>\n<tr>\n<td class=\"col-md-4\"><strong>SADR\u017dAJ<\/strong><\/td>\n<td class=\"col-md-8\">\u00a025x2ml<\/td>\n<\/tr>\n<tr>\n<td class=\"col-md-4\"><strong>pH VRIJEDNOST<\/strong><\/td>\n<td class=\"col-md-8\">4.8<\/td>\n<\/tr>\n<tr>\n<td class=\"col-md-4\"><strong>TIP KO\u017dEK<\/strong><\/td>\n<td class=\"col-md-8\">\u00a0REGENERACIJA<\/td>\n<\/tr>\n<tr>\n<td class=\"col-md-4\"><strong>VRSTA PROIZVODA<\/strong><\/td>\n<td class=\"col-md-8\">SERUM<\/td>\n<\/tr>\n<\/tbody>\n<\/table>\n<\/div>\n","protected":false},"excerpt":{"rendered":"<p>OPIS Koncentrat za u\u010dvr\u0161\u0107ivanje ko\u017ee sa peptidima koji stimuli\u0161u elastin. UPOTREBA Nje\u017eno rasporedite Skin Contour Fluid po ko\u017ei nakon \u010di\u0161\u0107enja ko\u017ee. Da biste to u\u010dinili, umotajte vrh ampule u papirni ubrus prije nego \u0161to odvojite vrh i sipate sadr\u017eaj na dlan. Zatim ravnomjerno rasporedite teku\u0107inu po licu i vratu i nje\u017eno utrljajte. Samo za vanjsku [&hellip;]<\/p>\n","protected":false},"featured_media":669,"template":"","meta":[],"product_cat":[98,28],"product_tag":[100],"class_list":{"0":"post-668","1":"product","2":"type-product","3":"status-publish","4":"has-post-thumbnail","6":"product_cat-ampule","7":"product_cat-kozmeceutika","8":"product_tag-ampule-za-zatezanje","10":"first","11":"instock","12":"shipping-taxable","13":"product-type-simple"},"_links":{"self":[{"href":"https:\/\/relaxblog.radiopadrino.com\/index.php?rest_route=\/wp\/v2\/product\/668","targetHints":{"allow":["GET"]}}],"collection":[{"href":"https:\/\/relaxblog.radiopadrino.com\/index.php?rest_route=\/wp\/v2\/product"}],"about":[{"href":"https:\/\/relaxblog.radiopadrino.com\/index.php?rest_route=\/wp\/v2\/types\/product"}],"wp:featuredmedia":[{"embeddable":true,"href":"https:\/\/relaxblog.radiopadrino.com\/index.php?rest_route=\/wp\/v2\/media\/669"}],"wp:attachment":[{"href":"https:\/\/relaxblog.radiopadrino.com\/index.php?rest_route=%2Fwp%2Fv2%2Fmedia&parent=668"}],"wp:term":[{"taxonomy":"product_cat","embeddable":true,"href":"https:\/\/relaxblog.radiopadrino.com\/index.php?rest_route=%2Fwp%2Fv2%2Fproduct_cat&post=668"},{"taxonomy":"product_tag","embeddable":true,"href":"https:\/\/relaxblog.radiopadrino.com\/index.php?rest_route=%2Fwp%2Fv2%2Fproduct_tag&post=668"}],"curies":[{"name":"wp","href":"https:\/\/api.w.org\/{rel}","templated":true}]}}