{"id":680,"date":"2022-04-08T08:43:26","date_gmt":"2022-04-08T06:43:26","guid":{"rendered":"https:\/\/relaxblog.radiopadrino.com\/?post_type=product&#038;p=680"},"modified":"2022-04-08T08:43:26","modified_gmt":"2022-04-08T06:43:26","slug":"melafadin-fluid-25-x-2-ml","status":"publish","type":"product","link":"https:\/\/relaxblog.radiopadrino.com\/?product=melafadin-fluid-25-x-2-ml","title":{"rendered":"Melafadin Fluid 25 x 2 ml"},"content":{"rendered":"<p><strong>OPIS<\/strong><br \/>\nKoncentrat aktivnih supstanci za blistavu ko\u017eu i lije\u010denje pigmentacijskih mrlja. Sa lipoamino kiselinom, vitaminom C fosfatom i SORR.<\/p>\n<p><strong>UPOTREBA<\/strong><br \/>\nNe\u017eno nanesite Melafadin Fluid na o\u010di\u0161\u0107enu ko\u017eu. Da biste to u\u010dinili, odlomite vrh ampule, koriste\u0107i papirnu maramicu kao za\u0161titu, i sipajte cijeli sadr\u017eaj na dlan. Zatim ravnomjerno rasporedite po licu i vratu i lagano pritisnite. Koristite Brightening Day Protection ujutro i Brightening Night Care uve\u010de za najbolje rezultate.<\/p>\n<p>Redovna primena tokom 4 nedelje svaka 2-3 meseca pokazala se posebno efikasnom.<\/p>\n<p>Za to vrijeme ko\u017eu treba za\u0161tititi od direktnog izlaganja suncu. Optimalna je upotreba Brightening Day Protection (Ref. 3311) ili Face Guard Advanced.<\/p>\n<p>Samo za vanjsku upotrebu.<\/p>\n<p>Savjet: Za efikasno \u201cposvjetljivanje ko\u017ee u 4 koraka\u201d svakodnevnu njegu ko\u017ee treba dopuniti kozmeti\u010dkim preparatima FAIR SKIN.<\/p>\n<p><strong>SASTOJCI<\/strong><br \/>\n\u2022 Dugolan\u010dana hijaluronska kiselina: Neguje ko\u017eu, vla\u017ei, zagla\u0111uje<\/p>\n<p>\u2022 Lipoaminokiselina: (INCI: undecilenoil fenilalanin), efikasno sredstvo za posvjetljivanje ko\u017ee, dokazano blokira \u03b1-MSH receptore na povr\u0161ini melanocita<\/p>\n<p>\u2022 Vitamin C fosfat: Stabilizovana askorbinska kiselina; stabilan u vodi; transformi\u0161e se u slobodni vitamin C na ko\u017ei pomo\u0107u prirodnih enzima ko\u017ee (esteraze); inhibira sazrevanje melanina<\/p>\n<p>\u2022 Biljni ekstrakt SORR: Visoko aktivan ekstrakt koji se sastoji od Siegesbeckia orientalis i Rabdosia rubescens; inhibira apsorpciju melanina u keratinocite, djeluje umiruju\u0107e i antioksidativno, poti\u010de ujedna\u010den, blistav ten<\/p>\n<p>&nbsp;<\/p>\n<table class=\"table table-striped mt-3\">\n<tbody>\n<tr>\n<td class=\"col-md-4\"><strong>SADR\u017dAJ<\/strong><\/td>\n<td class=\"col-md-8\">\u00a025x2ml<\/td>\n<\/tr>\n<tr>\n<td class=\"col-md-4\"><strong>pH VRIJEDNOST<\/strong><\/td>\n<td class=\"col-md-8\">7.5<\/td>\n<\/tr>\n<tr>\n<td class=\"col-md-4\"><strong>TIP KO\u017dEK<\/strong><\/td>\n<td class=\"col-md-8\">ZAHTJEVNA\u00a0 KO\u017dA<\/td>\n<\/tr>\n<tr>\n<td class=\"col-md-4\"><strong>VRSTA PROIZVODA<\/strong><\/td>\n<td class=\"col-md-8\">SERUM<\/td>\n<\/tr>\n<\/tbody>\n<\/table>\n","protected":false},"excerpt":{"rendered":"<p>OPIS Koncentrat aktivnih supstanci za blistavu ko\u017eu i lije\u010denje pigmentacijskih mrlja. Sa lipoamino kiselinom, vitaminom C fosfatom i SORR. UPOTREBA Ne\u017eno nanesite Melafadin Fluid na o\u010di\u0161\u0107enu ko\u017eu. Da biste to u\u010dinili, odlomite vrh ampule, koriste\u0107i papirnu maramicu kao za\u0161titu, i sipajte cijeli sadr\u017eaj na dlan. Zatim ravnomjerno rasporedite po licu i vratu i lagano pritisnite. [&hellip;]<\/p>\n","protected":false},"featured_media":681,"template":"","meta":[],"product_cat":[98,28],"product_tag":[106],"class_list":{"0":"post-680","1":"product","2":"type-product","3":"status-publish","4":"has-post-thumbnail","6":"product_cat-ampule","7":"product_cat-kozmeceutika","8":"product_tag-ampule-za-izbjeljivanje","10":"first","11":"instock","12":"shipping-taxable","13":"product-type-simple"},"_links":{"self":[{"href":"https:\/\/relaxblog.radiopadrino.com\/index.php?rest_route=\/wp\/v2\/product\/680","targetHints":{"allow":["GET"]}}],"collection":[{"href":"https:\/\/relaxblog.radiopadrino.com\/index.php?rest_route=\/wp\/v2\/product"}],"about":[{"href":"https:\/\/relaxblog.radiopadrino.com\/index.php?rest_route=\/wp\/v2\/types\/product"}],"wp:featuredmedia":[{"embeddable":true,"href":"https:\/\/relaxblog.radiopadrino.com\/index.php?rest_route=\/wp\/v2\/media\/681"}],"wp:attachment":[{"href":"https:\/\/relaxblog.radiopadrino.com\/index.php?rest_route=%2Fwp%2Fv2%2Fmedia&parent=680"}],"wp:term":[{"taxonomy":"product_cat","embeddable":true,"href":"https:\/\/relaxblog.radiopadrino.com\/index.php?rest_route=%2Fwp%2Fv2%2Fproduct_cat&post=680"},{"taxonomy":"product_tag","embeddable":true,"href":"https:\/\/relaxblog.radiopadrino.com\/index.php?rest_route=%2Fwp%2Fv2%2Fproduct_tag&post=680"}],"curies":[{"name":"wp","href":"https:\/\/api.w.org\/{rel}","templated":true}]}}