{"id":697,"date":"2022-04-11T14:34:02","date_gmt":"2022-04-11T12:34:02","guid":{"rendered":"https:\/\/relaxblog.radiopadrino.com\/?post_type=product&#038;p=697"},"modified":"2022-04-12T13:15:56","modified_gmt":"2022-04-12T11:15:56","slug":"peel-off-mask-argan-oil","status":"publish","type":"product","link":"https:\/\/relaxblog.radiopadrino.com\/?product=peel-off-mask-argan-oil","title":{"rendered":"Peel off Mask Argan Oil"},"content":{"rendered":"<p><strong>Opis<\/strong><\/p>\n<p>Piling maska \u200b\u200bprotiv starenja za zrelu ko\u017eu siroma\u0161nu lipidima.<\/p>\n<p>Ova maska \u200b\u200bza lju\u0161tenje na bazi alginata sa morskim komora\u010dem, Thali\u2019sourceom, hijaluronskom kiselinom i arganovim uljem koja osloba\u0111a lipide je maska \u200b\u200bprotiv starenja za zrelu ko\u017eu osiroma\u0161enu lipidima. Dokazano je da ja\u010da funkcije va\u017ene za obnavljanje stanica i osigurava \u010dvr\u0161\u0107u ko\u017eu i manje bora.<\/p>\n<p><strong>Sastojci<\/strong><\/p>\n<p>\u2022 Alginat: daje puder maski elasti\u010dnu, \u010dvrstu konzistenciju nakon mije\u0161anja i su\u0161enja. Alginat hidrira, u\u010dvr\u0161\u0107uje i podi\u017ee<\/p>\n<p>\u2022 Morski komora\u010d (Crithmum maritinum): Vi\u0161egodi\u0161nja primorska biljka bogata masnim kiselinama i mineralima, koja ko\u017eu odr\u017eava mekom i \u010dvrstom, istovremeno odr\u017eavaju\u0107i elasti\u010dnost i koheziju slojeva ko\u017ee<\/p>\n<p>\u2022 Thali\u2019source: Ekstrahovan iz sme\u0111ih algi, bogatih oligosaharidima, za pobolj\u0161anje sadr\u017eaja vlage u ko\u017ei<\/p>\n<p>\u2022 Hijaluronska kiselina kratkog lanca: Vla\u017eenje i o\u010duvanje<\/p>\n<p>\u2022 Arganovo ulje: Dobija se iz plodova arganovog drveta; bogat nezasi\u0107enim masnim kiselinama i antioksidativnim vitaminom E; podr\u017eava prirodni hidro-lipidni film ko\u017ee; \u0161titi od slobodnih radikala<\/p>\n<p><strong>Upotreba<\/strong><\/p>\n<p>Korak 1: Za\u0161titite liniju kose kupca (npr. celuloznim krpama).<\/p>\n<p>Korak 2: Nanesite koncentrat aktivnog sastojka koji odgovara tipu ko\u017ee na podru\u010dja ko\u017ee koja se tretiraju i nje\u017eno utapkajte. Ostavite da se upije nekoliko minuta.<\/p>\n<p>Korak 3: Promije\u0161ajte Peel Off masku. Promu\u0107kajte pastu sa aktivnim sastojkom sa cca. 90 ml vode za pi\u0107e u inovativnom \u0161ejkeru za cca. 20 sek. Ovo \u0107e stvoriti jednoli\u010dnu, homogenu masu.<\/p>\n<p>Korak 4: Nanesite viskoznu smjesu za masku lopaticom u pokretima prema gore ravnomjerno na lice i vrat ili odgovaraju\u0107e dijelove tijela. Izbjegavati o\u010di i usta (ako je potrebno, ugraditi nakon konsultacije s kupcem). Naravno, disajne puteve treba uvek dr\u017eati slobodnim. Vrijeme: 15-20 minuta.<\/p>\n<p>Korak 5: Jednostavno skinite masku i, ako je potrebno, uklonite ostatke vla\u017enim sun\u0111erom.<\/p>\n<p>Korak 6: Zatim nanesite odgovaraju\u0107u kremu za njegu.<\/p>\n<p>Napomena: Po\u0161to maska \u200b\u200bsu\u017eava tanka podru\u010dja mo\u017ee dovesti do pra\u0161kastih ostataka na ko\u017ei. Da biste to izbjegli, jednostavno nanesite hranjivu kremu du\u017e rubova maske na vratu, liniji kose i nozdrvama.<\/p>\n<p>&nbsp;<\/p>\n<table class=\"table table-striped mt-3\">\n<tbody>\n<tr>\n<td class=\"col-md-4\"><strong>SADR\u017dAJ<\/strong><\/td>\n<td class=\"col-md-8\">\u00a05x40gr<\/td>\n<\/tr>\n<tr>\n<td class=\"col-md-4\"><strong>pH VRIJEDNOST<\/strong><\/td>\n<td class=\"col-md-8\"><\/td>\n<\/tr>\n<tr>\n<td class=\"col-md-4\"><strong>TIP KO\u017dEK<\/strong><\/td>\n<td class=\"col-md-8\">\u00a0ZRELA KO\u017dA<\/td>\n<\/tr>\n<tr>\n<td class=\"col-md-4\"><strong>VRSTA PROIZVODA<\/strong><\/td>\n<td class=\"col-md-8\">MASKA<\/td>\n<\/tr>\n<\/tbody>\n<\/table>\n","protected":false},"excerpt":{"rendered":"<p>Opis Piling maska \u200b\u200bprotiv starenja za zrelu ko\u017eu siroma\u0161nu lipidima. Ova maska \u200b\u200bza lju\u0161tenje na bazi alginata sa morskim komora\u010dem, Thali\u2019sourceom, hijaluronskom kiselinom i arganovim uljem koja osloba\u0111a lipide je maska \u200b\u200bprotiv starenja za zrelu ko\u017eu osiroma\u0161enu lipidima. Dokazano je da ja\u010da funkcije va\u017ene za obnavljanje stanica i osigurava \u010dvr\u0161\u0107u ko\u017eu i manje bora. Sastojci [&hellip;]<\/p>\n","protected":false},"featured_media":698,"template":"","meta":[],"product_cat":[119],"product_tag":[114],"class_list":{"0":"post-697","1":"product","2":"type-product","3":"status-publish","4":"has-post-thumbnail","6":"product_cat-pilofmaske","7":"product_tag-pilof-maska-sa-origanovim-uljem","9":"first","10":"instock","11":"shipping-taxable","12":"product-type-simple"},"_links":{"self":[{"href":"https:\/\/relaxblog.radiopadrino.com\/index.php?rest_route=\/wp\/v2\/product\/697","targetHints":{"allow":["GET"]}}],"collection":[{"href":"https:\/\/relaxblog.radiopadrino.com\/index.php?rest_route=\/wp\/v2\/product"}],"about":[{"href":"https:\/\/relaxblog.radiopadrino.com\/index.php?rest_route=\/wp\/v2\/types\/product"}],"wp:featuredmedia":[{"embeddable":true,"href":"https:\/\/relaxblog.radiopadrino.com\/index.php?rest_route=\/wp\/v2\/media\/698"}],"wp:attachment":[{"href":"https:\/\/relaxblog.radiopadrino.com\/index.php?rest_route=%2Fwp%2Fv2%2Fmedia&parent=697"}],"wp:term":[{"taxonomy":"product_cat","embeddable":true,"href":"https:\/\/relaxblog.radiopadrino.com\/index.php?rest_route=%2Fwp%2Fv2%2Fproduct_cat&post=697"},{"taxonomy":"product_tag","embeddable":true,"href":"https:\/\/relaxblog.radiopadrino.com\/index.php?rest_route=%2Fwp%2Fv2%2Fproduct_tag&post=697"}],"curies":[{"name":"wp","href":"https:\/\/api.w.org\/{rel}","templated":true}]}}