{"id":706,"date":"2022-04-12T12:50:57","date_gmt":"2022-04-12T10:50:57","guid":{"rendered":"https:\/\/relaxblog.radiopadrino.com\/?post_type=product&#038;p=706"},"modified":"2022-04-12T13:09:59","modified_gmt":"2022-04-12T11:09:59","slug":"dead-sea-black-mask-10x30g","status":"publish","type":"product","link":"https:\/\/relaxblog.radiopadrino.com\/?product=dead-sea-black-mask-10x30g","title":{"rendered":"Dead Sea Black Mask 10x30g"},"content":{"rendered":"<p><strong>Opis<\/strong><br \/>\nPeel off maska \u200b\u200bza masnu ko\u017eu s flekama.<\/p>\n<p><strong>Sastojci<\/strong><\/p>\n<p>\u2022 Alginat: daje puder maski elasti\u010dnu, \u010dvrstu konzistenciju nakon mije\u0161anja i su\u0161enja (mekani model koji se odlijepi), hidratizira, u\u010dvr\u0161\u0107uje, podi\u017ee<\/p>\n<p>\u2022 Morsko blato i so dobijeni iz Mrtvog mora: Bogat mineralima i elementima u tragovima (cink, magnezijum, bakar), ja\u010da i revitalizira metabolizam ko\u017ee, smiruje, \u010disti ko\u017eu i vla\u017ei<\/p>\n<p>\u2022 Ulje \u010dajevca: ima antibakterijski i protuupalni u\u010dinak<\/p>\n<p>\u2022 Ulje limuna: Antibakterijsko, osvje\u017eavaju\u0107e i harmoniziraju\u0107e<\/p>\n<p><strong>Upotreba<\/strong><\/p>\n<p>1. korak: Za\u0161titite liniju kose kupca (npr. papirnim maramicama).<\/p>\n<p>2. korak: Nanesite koncentrat aktivne tvari koji odgovara tipu ko\u017ee na dijelove ko\u017ee koje treba tretirati i lagano pritisnite. Ostavite da djeluje nekoliko minuta.<\/p>\n<p>3. korak: Pomije\u0161ajte piling masku. Brzo pomije\u0161ajte 30 g praha sa cca. 90 ml Mask Activator (sobna temperatura) za formiranje glatke paste.<\/p>\n<p>4. korak: Ravnomjerno nanesite gustu smjesu maske na lice i vrat ili odgovaraju\u0107e dijelove tijela pokretima prema gore pomo\u0107u lopatice. O\u010di i usta izostaviti (ili ih uklju\u010diti nakon konsultacije s kupcem). Naravno, respiratorni putevi uvijek ostaju slobodni. Ostavite masku da djeluje 15-20 minuta.<\/p>\n<p>5. korak: Jednostavno skinite masku i uklonite ostatke vla\u017enim sun\u0111erima za masku ako je potrebno.<\/p>\n<p>6. korak: Zatim nanesite odgovaraju\u0107u kremu za njegu.<\/p>\n<p>Napomena: kada se maska \u200b\u200bstvrdne, mogu se pojaviti ostaci pudera na ko\u017ei u podru\u010djima u kojima maska \u200b\u200bisti\u010de. Da biste to izbjegli, jednostavno nanesite malo kreme za njegu du\u017e rubova maske na prijelazu na vrat, liniju kose i nozdrve.<\/p>\n<p>&nbsp;<\/p>\n<table class=\"table table-striped mt-3\">\n<tbody>\n<tr>\n<td class=\"col-md-4\"><strong>SADR\u017dAJ<\/strong><\/td>\n<td class=\"col-md-8\">\u00a010x30gr<\/td>\n<\/tr>\n<tr>\n<td class=\"col-md-4\"><strong>pH VRIJEDNOST<\/strong><\/td>\n<td class=\"col-md-8\"><\/td>\n<\/tr>\n<tr>\n<td class=\"col-md-4\"><strong>TIP KO\u017dEK<\/strong><\/td>\n<td class=\"col-md-8\">\u00a0O\u0160TE\u0106ENA KO\u017dA<\/td>\n<\/tr>\n<tr>\n<td class=\"col-md-4\"><strong>VRSTA PROIZVODA<\/strong><\/td>\n<td class=\"col-md-8\">MASKA<\/td>\n<\/tr>\n<\/tbody>\n<\/table>\n","protected":false},"excerpt":{"rendered":"<p>Opis Peel off maska \u200b\u200bza masnu ko\u017eu s flekama. Sastojci \u2022 Alginat: daje puder maski elasti\u010dnu, \u010dvrstu konzistenciju nakon mije\u0161anja i su\u0161enja (mekani model koji se odlijepi), hidratizira, u\u010dvr\u0161\u0107uje, podi\u017ee \u2022 Morsko blato i so dobijeni iz Mrtvog mora: Bogat mineralima i elementima u tragovima (cink, magnezijum, bakar), ja\u010da i revitalizira metabolizam ko\u017ee, smiruje, \u010disti [&hellip;]<\/p>\n","protected":false},"featured_media":707,"template":"","meta":[],"product_cat":[119],"product_tag":[118],"class_list":{"0":"post-706","1":"product","2":"type-product","3":"status-publish","4":"has-post-thumbnail","6":"product_cat-pilofmaske","7":"product_tag-pilof-maska-za-ostecenu-i-masnu-kozu","9":"first","10":"instock","11":"shipping-taxable","12":"product-type-simple"},"_links":{"self":[{"href":"https:\/\/relaxblog.radiopadrino.com\/index.php?rest_route=\/wp\/v2\/product\/706","targetHints":{"allow":["GET"]}}],"collection":[{"href":"https:\/\/relaxblog.radiopadrino.com\/index.php?rest_route=\/wp\/v2\/product"}],"about":[{"href":"https:\/\/relaxblog.radiopadrino.com\/index.php?rest_route=\/wp\/v2\/types\/product"}],"wp:featuredmedia":[{"embeddable":true,"href":"https:\/\/relaxblog.radiopadrino.com\/index.php?rest_route=\/wp\/v2\/media\/707"}],"wp:attachment":[{"href":"https:\/\/relaxblog.radiopadrino.com\/index.php?rest_route=%2Fwp%2Fv2%2Fmedia&parent=706"}],"wp:term":[{"taxonomy":"product_cat","embeddable":true,"href":"https:\/\/relaxblog.radiopadrino.com\/index.php?rest_route=%2Fwp%2Fv2%2Fproduct_cat&post=706"},{"taxonomy":"product_tag","embeddable":true,"href":"https:\/\/relaxblog.radiopadrino.com\/index.php?rest_route=%2Fwp%2Fv2%2Fproduct_tag&post=706"}],"curies":[{"name":"wp","href":"https:\/\/api.w.org\/{rel}","templated":true}]}}