{"id":718,"date":"2022-04-12T14:02:26","date_gmt":"2022-04-12T12:02:26","guid":{"rendered":"https:\/\/relaxblog.radiopadrino.com\/?post_type=product&#038;p=718"},"modified":"2022-04-12T14:02:27","modified_gmt":"2022-04-12T12:02:27","slug":"exfoliator-40-50ml","status":"publish","type":"product","link":"https:\/\/relaxblog.radiopadrino.com\/?product=exfoliator-40-50ml","title":{"rendered":"Exfoliator 40 50ml"},"content":{"rendered":"<p><strong>Opis<\/strong><br \/>\nExfoliator 40 je vo\u0107na kiselina intenzivnog pilinga iz EXFOLIATION SYSTEM-a. pH-optimizirana mje\u0161avina kiselina nudi posebno nje\u017ean uvod u izvanredan piling za obnavljanje ko\u017ee. Vo\u0107ne kiseline su integrisane u gel i garantuju optimalnu podno\u0161ljivost ko\u017ee. Maksimalno vrijeme izlaganja od 8 minuta ovisi o profilu ko\u017ee koja se tretira. Ako je ko\u017ea tanja i osjetljivija, dovoljno je kra\u0107e vrijeme izlaganja. Kod guste i neosetljive ko\u017ee, du\u017ee vreme izlaganja \u0107e biti prikladno. Neutralizacija pH neutralizatorom se vr\u0161i nakon uklanjanja pilinga 40.<\/p>\n<p><strong>Kako koristiti<\/strong><br \/>\nUlijte Exfoliator 40 u staklenu posudu i obilno rasporedite uz pomo\u0107 lepezaste \u010detkice po licu, vratu i dekolteu. Vrijeme primjene: od 3 do maksimalno 8 minuta. Potpuno uklonite vla\u017enim ru\u010dnicima, obra\u0107aju\u0107i ve\u0107u pa\u017enju na podru\u010dje krila nosa i kuta usana. Pa\u017enja: Naknadni tretman pH neutralizatorom je od vitalnog zna\u010daja za zaustavljanje aktivnosti kiseline koja ostaje u ko\u017ei. Napomena: pH 3,6<br \/>\nSavjet: Ne ostavljajte na ko\u017ei du\u017ee od 3-8 minuta. Izbjegavati kontakt s o\u010dima ili sluzoko\u017eama. Nakon tretmana, va\u017eno je za\u0161tititi ko\u017eu Face Guard plus.<\/p>\n<p>&nbsp;<\/p>\n<p><strong>Aktivni principi<\/strong><br \/>\nPrirodno identi\u010dna mje\u0161avina vo\u0107nih kiselina:<br \/>\nAHA: glikolna, jabu\u010dna, limunska i vinska kiselina, ne\u017eno i pouzdano uklanjanje vi\u0161ka ko\u017ee sa ro\u017enatog sloja (keratoliti\u010dki efekat), stimuli\u0161e obnavljanje \u0107elija<\/p>\n<p>&nbsp;<\/p>\n<table class=\"table table-striped mt-3\">\n<tbody>\n<tr>\n<td class=\"col-md-4\"><strong>SADR\u017dAJ<\/strong><\/td>\n<td class=\"col-md-8\">\u00a050ml<\/td>\n<\/tr>\n<tr>\n<td class=\"col-md-4\"><strong>pH VRIJEDNOST<\/strong><\/td>\n<td class=\"col-md-8\"><\/td>\n<\/tr>\n<tr>\n<td class=\"col-md-4\"><strong>TIP KO\u017dE<\/strong><\/td>\n<td class=\"col-md-8\"><\/td>\n<\/tr>\n<tr>\n<td class=\"col-md-4\"><strong>VRSTA PROIZVODA<\/strong><\/td>\n<td class=\"col-md-8\">GEL<\/td>\n<\/tr>\n<\/tbody>\n<\/table>\n","protected":false},"excerpt":{"rendered":"<p>Opis Exfoliator 40 je vo\u0107na kiselina intenzivnog pilinga iz EXFOLIATION SYSTEM-a. pH-optimizirana mje\u0161avina kiselina nudi posebno nje\u017ean uvod u izvanredan piling za obnavljanje ko\u017ee. Vo\u0107ne kiseline su integrisane u gel i garantuju optimalnu podno\u0161ljivost ko\u017ee. Maksimalno vrijeme izlaganja od 8 minuta ovisi o profilu ko\u017ee koja se tretira. Ako je ko\u017ea tanja i osjetljivija, dovoljno [&hellip;]<\/p>\n","protected":false},"featured_media":719,"template":"","meta":[],"product_cat":[122],"product_tag":[126],"class_list":{"0":"post-718","1":"product","2":"type-product","3":"status-publish","4":"has-post-thumbnail","6":"product_cat-sistemzapiling","7":"product_tag-vocne-kiseline-40","9":"first","10":"instock","11":"shipping-taxable","12":"product-type-simple"},"_links":{"self":[{"href":"https:\/\/relaxblog.radiopadrino.com\/index.php?rest_route=\/wp\/v2\/product\/718","targetHints":{"allow":["GET"]}}],"collection":[{"href":"https:\/\/relaxblog.radiopadrino.com\/index.php?rest_route=\/wp\/v2\/product"}],"about":[{"href":"https:\/\/relaxblog.radiopadrino.com\/index.php?rest_route=\/wp\/v2\/types\/product"}],"wp:featuredmedia":[{"embeddable":true,"href":"https:\/\/relaxblog.radiopadrino.com\/index.php?rest_route=\/wp\/v2\/media\/719"}],"wp:attachment":[{"href":"https:\/\/relaxblog.radiopadrino.com\/index.php?rest_route=%2Fwp%2Fv2%2Fmedia&parent=718"}],"wp:term":[{"taxonomy":"product_cat","embeddable":true,"href":"https:\/\/relaxblog.radiopadrino.com\/index.php?rest_route=%2Fwp%2Fv2%2Fproduct_cat&post=718"},{"taxonomy":"product_tag","embeddable":true,"href":"https:\/\/relaxblog.radiopadrino.com\/index.php?rest_route=%2Fwp%2Fv2%2Fproduct_tag&post=718"}],"curies":[{"name":"wp","href":"https:\/\/api.w.org\/{rel}","templated":true}]}}